{"id":26758,"date":"2023-03-24T11:34:22","date_gmt":"2023-03-24T10:34:22","guid":{"rendered":"https:\/\/warmyou.eu\/registrieren-sie-eine-retoure\/"},"modified":"2025-07-21T13:56:50","modified_gmt":"2025-07-21T12:56:50","slug":"registrieren-sie-eine-retoure","status":"publish","type":"page","link":"https:\/\/warmyou.eu\/de\/registrieren-sie-eine-retoure\/","title":{"rendered":"Registrieren Sie eine Retoure"},"content":{"rendered":"\t\t<div data-elementor-type=\"wp-page\" data-elementor-id=\"26758\" class=\"elementor elementor-26758 elementor-14699\" data-elementor-post-type=\"page\">\n\t\t\t\t\t\t<section class=\"elementor-section elementor-top-section elementor-element elementor-element-3232a6a elementor-section-boxed elementor-section-height-default elementor-section-height-default\" data-id=\"3232a6a\" data-element_type=\"section\" data-e-type=\"section\">\n\t\t\t\t\t\t<div class=\"elementor-container elementor-column-gap-default\">\n\t\t\t\t\t<div class=\"elementor-column elementor-col-100 elementor-top-column elementor-element elementor-element-c1c92d8\" data-id=\"c1c92d8\" data-element_type=\"column\" data-e-type=\"column\">\n\t\t\t<div class=\"elementor-widget-wrap elementor-element-populated\">\n\t\t\t\t\t\t<div class=\"elementor-element elementor-element-1cb1f44 elementor-widget elementor-widget-heading\" data-id=\"1cb1f44\" data-element_type=\"widget\" data-e-type=\"widget\" data-widget_type=\"heading.default\">\n\t\t\t\t\t<h2 class=\"elementor-heading-title elementor-size-default\">Ich m\u00f6chte ein Produkt zur\u00fcckgeben<\/h2>\t\t\t\t<\/div>\n\t\t\t\t<section class=\"elementor-section elementor-inner-section elementor-element elementor-element-d67c8f5 elementor-section-boxed elementor-section-height-default elementor-section-height-default\" data-id=\"d67c8f5\" data-element_type=\"section\" data-e-type=\"section\">\n\t\t\t\t\t\t<div class=\"elementor-container elementor-column-gap-default\">\n\t\t\t\t\t<div class=\"elementor-column elementor-col-50 elementor-inner-column elementor-element elementor-element-d3932b7\" data-id=\"d3932b7\" data-element_type=\"column\" data-e-type=\"column\">\n\t\t\t<div class=\"elementor-widget-wrap elementor-element-populated\">\n\t\t\t\t\t\t<div class=\"elementor-element elementor-element-96e271b elementor-widget elementor-widget-text-editor\" data-id=\"96e271b\" data-element_type=\"widget\" data-e-type=\"widget\" data-widget_type=\"text-editor.default\">\n\t\t\t\t\t\t\t\t\t<p>M\u00f6chten Sie ein Produkt zur\u00fcckgeben, weil es Ihnen nicht gef\u00e4llt oder aus einem anderen Grund? Sie k\u00f6nnen dies innerhalb von 14 Tagen nach Erhalt des Produkts tun. Nach der Stornierung haben Sie weitere 14 Tage Zeit, Ihr Produkt zur\u00fcckzusenden. Anschlie\u00dfend wird Ihnen der volle Bestellbetrag inklusive Versandkosten gutgeschrieben. Wenn Sie Ihre R\u00fccksendung \u00fcber den unten stehenden Button bei uns anmelden, fallen f\u00fcr Sie keine Versandkosten an und es wird ein Versandetikett erstellt, das Sie direkt auf den Karton kleben k\u00f6nnen.    <\/p><p>Wenn Sie von Ihrem Widerrufsrecht Gebrauch machen, muss das Produkt mit s\u00e4mtlichem mitgelieferten Zubeh\u00f6r und \u2013 wenn m\u00f6glich \u2013 in seinem Originalzustand und in der Originalverpackung an den Unternehmer zur\u00fcckgesandt werden. Wenn das Produkt besch\u00e4digt ist oder die Verpackung st\u00e4rker besch\u00e4digt ist, als es f\u00fcr den Verkauf des Produkts erforderlich ist, k\u00f6nnen wir diese Wertminderung des Produkts an Sie weitergeben. Bitte behandeln Sie das Produkt daher sorgf\u00e4ltig und achten Sie bei der R\u00fccksendung auf eine ordnungsgem\u00e4\u00dfe Verpackung.   Wenn Sie mehr wissen m\u00f6chten, lesen Sie bitte<strong> <a href=\"https:\/\/warmyou.eu\/wp-content\/uploads\/2022\/10\/ALGEMENE-VOORWAARDEN.pdf\" target=\"_blank\" rel=\"noopener\">die Allgemeinen Gesch\u00e4ftsbedingungen<\/a>  hier. <\/strong> <\/p><p>Um dieses Recht auszu\u00fcben, k\u00f6nnen Sie uns unter <strong><a href=\"mailto:support@warmyou.eu\">support@warmyou.eu <\/a><\/strong>kontaktieren. Wir erstellen Ihnen dann kostenlos ein Retourenlabel und erstatten Ihnen den f\u00e4lligen Bestellbetrag innerhalb von 14 Tagen nach Anmeldung Ihrer Retoure zur\u00fcck, sofern die Ware bereits in einwandfreiem Zustand zur\u00fcckgesendet wurde.<\/p>\t\t\t\t\t\t\t\t<\/div>\n\t\t\t\t<div class=\"elementor-element elementor-element-d47837b elementor-widget elementor-widget-spacer\" data-id=\"d47837b\" data-element_type=\"widget\" data-e-type=\"widget\" data-widget_type=\"spacer.default\">\n\t\t\t\t\t\t\t<div class=\"elementor-spacer\">\n\t\t\t<div class=\"elementor-spacer-inner\"><\/div>\n\t\t<\/div>\n\t\t\t\t\t\t<\/div>\n\t\t\t\t\t<\/div>\n\t\t<\/div>\n\t\t\t\t<div class=\"elementor-column elementor-col-50 elementor-inner-column elementor-element elementor-element-6ff4b02\" data-id=\"6ff4b02\" data-element_type=\"column\" data-e-type=\"column\">\n\t\t\t<div class=\"elementor-widget-wrap elementor-element-populated\">\n\t\t\t\t\t\t<div class=\"elementor-element elementor-element-822f37c elementor-widget elementor-widget-image\" data-id=\"822f37c\" data-element_type=\"widget\" data-e-type=\"widget\" data-widget_type=\"image.default\">\n\t\t\t\t\t\t\t\t\t\t\t\t\t\t\t<img decoding=\"async\" width=\"300\" height=\"300\" src=\"https:\/\/warmyou.eu\/wp-content\/uploads\/2022\/05\/Mylove-elektrische-deken-sfeer-1-300x300.webp\" class=\"attachment-medium size-medium wp-image-26743\" alt=\"\" srcset=\"https:\/\/warmyou.eu\/wp-content\/uploads\/2022\/05\/Mylove-elektrische-deken-sfeer-1-300x300.webp 300w, https:\/\/warmyou.eu\/wp-content\/uploads\/2022\/05\/Mylove-elektrische-deken-sfeer-1-100x100.webp 100w, https:\/\/warmyou.eu\/wp-content\/uploads\/2022\/05\/Mylove-elektrische-deken-sfeer-1-600x600.webp 600w, https:\/\/warmyou.eu\/wp-content\/uploads\/2022\/05\/Mylove-elektrische-deken-sfeer-1-150x150.webp 150w, https:\/\/warmyou.eu\/wp-content\/uploads\/2022\/05\/Mylove-elektrische-deken-sfeer-1-768x768.webp 768w, https:\/\/warmyou.eu\/wp-content\/uploads\/2022\/05\/Mylove-elektrische-deken-sfeer-1.webp 1000w\" sizes=\"(max-width: 300px) 100vw, 300px\" \/>\t\t\t\t\t\t\t\t\t\t\t\t\t\t\t<\/div>\n\t\t\t\t\t<\/div>\n\t\t<\/div>\n\t\t\t\t\t<\/div>\n\t\t<\/section>\n\t\t\t\t\t<\/div>\n\t\t<\/div>\n\t\t\t\t\t<\/div>\n\t\t<\/section>\n\t\t\t\t<\/div>\n\t\t","protected":false},"excerpt":{"rendered":"<p>Ich m\u00f6chte ein Produkt zur\u00fcckgeben M\u00f6chten Sie ein Produkt zur\u00fcckgeben, weil es Ihnen nicht gef\u00e4llt oder aus einem anderen Grund? Sie k\u00f6nnen dies innerhalb von 14 Tagen nach Erhalt des Produkts tun. Nach der Stornierung haben Sie weitere 14 Tage Zeit, Ihr Produkt zur\u00fcckzusenden. Anschlie\u00dfend wird Ihnen der volle Bestellbetrag inklusive Versandkosten gutgeschrieben. Wenn Sie [&hellip;]<\/p>\n","protected":false},"author":1,"featured_media":0,"parent":0,"menu_order":40,"comment_status":"closed","ping_status":"closed","template":"","meta":{"_acf_changed":false,"_seopress_robots_primary_cat":"","_seopress_titles_title":"","_seopress_titles_desc":"","_seopress_robots_index":"","footnotes":""},"class_list":["post-26758","page","type-page","status-publish","hentry"],"acf":[],"_links":{"self":[{"href":"https:\/\/warmyou.eu\/de\/wp-json\/wp\/v2\/pages\/26758","targetHints":{"allow":["GET"]}}],"collection":[{"href":"https:\/\/warmyou.eu\/de\/wp-json\/wp\/v2\/pages"}],"about":[{"href":"https:\/\/warmyou.eu\/de\/wp-json\/wp\/v2\/types\/page"}],"author":[{"embeddable":true,"href":"https:\/\/warmyou.eu\/de\/wp-json\/wp\/v2\/users\/1"}],"replies":[{"embeddable":true,"href":"https:\/\/warmyou.eu\/de\/wp-json\/wp\/v2\/comments?post=26758"}],"version-history":[{"count":2,"href":"https:\/\/warmyou.eu\/de\/wp-json\/wp\/v2\/pages\/26758\/revisions"}],"predecessor-version":[{"id":27948,"href":"https:\/\/warmyou.eu\/de\/wp-json\/wp\/v2\/pages\/26758\/revisions\/27948"}],"wp:attachment":[{"href":"https:\/\/warmyou.eu\/de\/wp-json\/wp\/v2\/media?parent=26758"}],"curies":[{"name":"wp","href":"https:\/\/api.w.org\/{rel}","templated":true}]}}