{"id":26760,"date":"2023-03-24T11:27:34","date_gmt":"2023-03-24T10:27:34","guid":{"rendered":"https:\/\/warmyou.eu\/kontakt\/"},"modified":"2024-11-06T14:29:17","modified_gmt":"2024-11-06T13:29:17","slug":"kontakt","status":"publish","type":"page","link":"https:\/\/warmyou.eu\/de\/kontakt\/","title":{"rendered":"Kontakt"},"content":{"rendered":"\t\t<div data-elementor-type=\"wp-page\" data-elementor-id=\"26760\" class=\"elementor elementor-26760 elementor-176\" data-elementor-post-type=\"page\">\n\t\t\t\t\t\t<section class=\"elementor-section elementor-top-section elementor-element elementor-element-a85bdaa elementor-section-boxed elementor-section-height-default elementor-section-height-default\" data-id=\"a85bdaa\" data-element_type=\"section\" data-e-type=\"section\" data-settings=\"{&quot;background_background&quot;:&quot;classic&quot;}\">\n\t\t\t\t\t\t\t<div class=\"elementor-background-overlay\"><\/div>\n\t\t\t\t\t\t\t<div class=\"elementor-container elementor-column-gap-default\">\n\t\t\t\t\t<div class=\"elementor-column elementor-col-50 elementor-top-column elementor-element elementor-element-67e172c\" data-id=\"67e172c\" data-element_type=\"column\" data-e-type=\"column\">\n\t\t\t<div class=\"elementor-widget-wrap elementor-element-populated\">\n\t\t\t\t\t\t<div class=\"elementor-element elementor-element-0d358c2 elementor-widget elementor-widget-heading\" data-id=\"0d358c2\" data-element_type=\"widget\" data-e-type=\"widget\" data-widget_type=\"heading.default\">\n\t\t\t\t\t<h2 class=\"elementor-heading-title elementor-size-default\">Fragen oder brauchen Sie Hilfe?<\/h2>\t\t\t\t<\/div>\n\t\t\t\t<div class=\"elementor-element elementor-element-475a6ad elementor-widget elementor-widget-heading\" data-id=\"475a6ad\" data-element_type=\"widget\" data-e-type=\"widget\" data-widget_type=\"heading.default\">\n\t\t\t\t\t<h2 class=\"elementor-heading-title elementor-size-default\">Kontaktieren Sie uns.<\/h2>\t\t\t\t<\/div>\n\t\t\t\t\t<\/div>\n\t\t<\/div>\n\t\t\t\t<div class=\"elementor-column elementor-col-50 elementor-top-column elementor-element elementor-element-901f0e5\" data-id=\"901f0e5\" data-element_type=\"column\" data-e-type=\"column\" data-settings=\"{&quot;background_background&quot;:&quot;gradient&quot;}\">\n\t\t\t<div class=\"elementor-widget-wrap elementor-element-populated\">\n\t\t\t\t\t\t<div class=\"elementor-element elementor-element-b5232fa elementor-widget elementor-widget-image\" data-id=\"b5232fa\" data-element_type=\"widget\" data-e-type=\"widget\" data-widget_type=\"image.default\">\n\t\t\t\t\t\t\t\t\t\t\t\t\t\t\t<img decoding=\"async\" width=\"800\" height=\"534\" src=\"https:\/\/warmyou.eu\/wp-content\/uploads\/2023\/03\/smiling-woman-headset-presentation-something2.webp\" class=\"attachment-large size-large wp-image-19054\" alt=\"\" srcset=\"https:\/\/warmyou.eu\/wp-content\/uploads\/2023\/03\/smiling-woman-headset-presentation-something2.webp 1000w, https:\/\/warmyou.eu\/wp-content\/uploads\/2023\/03\/smiling-woman-headset-presentation-something2-600x400.webp 600w, https:\/\/warmyou.eu\/wp-content\/uploads\/2023\/03\/smiling-woman-headset-presentation-something2-300x200.webp 300w, https:\/\/warmyou.eu\/wp-content\/uploads\/2023\/03\/smiling-woman-headset-presentation-something2-768x512.webp 768w\" sizes=\"(max-width: 800px) 100vw, 800px\" \/>\t\t\t\t\t\t\t\t\t\t\t\t\t\t\t<\/div>\n\t\t\t\t\t<\/div>\n\t\t<\/div>\n\t\t\t\t\t<\/div>\n\t\t<\/section>\n\t\t\t\t<section class=\"elementor-section elementor-top-section elementor-element elementor-element-e44c240 elementor-section-boxed elementor-section-height-default elementor-section-height-default\" data-id=\"e44c240\" data-element_type=\"section\" data-e-type=\"section\">\n\t\t\t\t\t\t<div class=\"elementor-container elementor-column-gap-default\">\n\t\t\t\t\t<div class=\"elementor-column elementor-col-100 elementor-top-column elementor-element elementor-element-fc0cefe\" data-id=\"fc0cefe\" data-element_type=\"column\" data-e-type=\"column\">\n\t\t\t<div class=\"elementor-widget-wrap elementor-element-populated\">\n\t\t\t\t\t\t<div class=\"elementor-element elementor-element-19a9946 elementor-widget elementor-widget-heading\" data-id=\"19a9946\" data-element_type=\"widget\" data-e-type=\"widget\" data-widget_type=\"heading.default\">\n\t\t\t\t\t<h2 class=\"elementor-heading-title elementor-size-default\">Wie k\u00f6nnen wir Ihnen helfen?<\/h2>\t\t\t\t<\/div>\n\t\t\t\t<section class=\"elementor-section elementor-inner-section elementor-element elementor-element-e744dc7 elementor-section-boxed elementor-section-height-default elementor-section-height-default\" data-id=\"e744dc7\" data-element_type=\"section\" data-e-type=\"section\">\n\t\t\t\t\t\t<div class=\"elementor-container elementor-column-gap-default\">\n\t\t\t\t\t<div class=\"elementor-column elementor-col-50 elementor-inner-column elementor-element elementor-element-b9003bc\" data-id=\"b9003bc\" data-element_type=\"column\" data-e-type=\"column\">\n\t\t\t<div class=\"elementor-widget-wrap elementor-element-populated\">\n\t\t\t\t\t\t<div class=\"elementor-element elementor-element-11dcefe elementor-widget elementor-widget-text-editor\" data-id=\"11dcefe\" data-element_type=\"widget\" data-e-type=\"widget\" data-widget_type=\"text-editor.default\">\n\t\t\t\t\t\t\t\t\t<p>Sie k\u00f6nnen alle Ihre Fragen an senden <a href=\"mailto:support@warmyou.eu\">support@warmyou.eu<\/a>, oder rufen Sie uns unter der Telefonnummer an <span class=\"ui-provider br bor azg bos bot bou bov bow box boy boz bpa bpb bpc bpd bpe bpf bpg bph bpi bpj bpk bpl bpm bpn bpo bpp bpq bpr bps bpt bpu bpv bpw bpx\" dir=\"ltr\"><a href=\"tel:0532009232\">053 2009232<\/a>.<\/span><\/p>\n<p>Wir sind stolz auf unseren schnellen Kundenservice und m\u00f6chten Ihnen w\u00e4hrend der Gesch\u00e4ftszeiten nahezu umgehend eine Antwort auf Ihre Frage geben. Au\u00dferhalb der B\u00fcrozeiten und am Wochenende kann es etwas l\u00e4nger dauern, wir sind jedoch immer bestrebt, Ihnen innerhalb weniger Stunden eine Antwort zu geben. <\/p>\n<p>Leider haben wir keinen Ausstellungsraum, aber Sie haben jederzeit die M\u00f6glichkeit, unsere Produkte nach Erhalt zu testen. Wenn Sie mit dem Produkt nicht zufrieden sind, k\u00f6nnen Sie es innerhalb von 14 Tagen gegen eine vollst\u00e4ndige R\u00fcckerstattung an uns zur\u00fccksenden. <\/p>\n<p>\n            <strong>R\u00fcckgaben<\/strong>\n          <\/p>\n<p>Wenn Sie ein Produkt zur\u00fcckgeben m\u00f6chten, lesen Sie bitte unsere<a href=\"https:\/\/warmyou.eu\/algemene-voorwaarden\/\"><span style=\"text-decoration: underline;\"> Allgemeine Gesch\u00e4ftsbedingungen <\/span><\/a>und <span style=\"text-decoration: underline;\"><a href=\"https:\/\/warmyou.eu\/de\/registrieren-sie-eine-retoure\/\">folgen Sie diesem Link<\/a><\/span> f\u00fcr Anweisungen.<\/p>\n\t\t\t\t\t\t\t\t<\/div>\n\t\t\t\t<div class=\"elementor-element elementor-element-3e1b523 elementor-widget elementor-widget-text-editor\" data-id=\"3e1b523\" data-element_type=\"widget\" data-e-type=\"widget\" data-widget_type=\"text-editor.default\">\n\t\t\t\t\t\t\t\t\t<p>Korrespondenz<\/p>\n<p>Warmyou.eu (part of Maroy BV)<\/p>\n<p><span lang=\"NL\">Auke Vleerstraat 155 <br \/><\/span><span lang=\"NL\">7547PH Enschede <\/span> <\/p>\n<p>Telefoon: <a href=\"tel:0532009232\"><span class=\"ui-provider br bor azg bos bot bou bov bow box boy boz bpa bpb bpc bpd bpe bpf bpg bph bpi bpj bpk bpl bpm bpn bpo bpp bpq bpr bps bpt bpu bpv bpw bpx\" dir=\"ltr\">053 2009232<\/span><\/a><br \/>Mail: <a href=\"mailto:support@warmyou.eu\">support@warmyou.eu<\/a><\/p>\n<p>Kvk nummer: 88957284<br \/>BTW nummer: <span class=\"ui-provider br bor azg bos bot bou bov bow box boy boz bpa bpb bpc bpd bpe bpf bpg bph bpi bpj bpk bpl bpm bpn bpo bpp bpq bpr bps bpt bpu bpv bpw bpx\" dir=\"ltr\">NL864835620B01<\/span><\/p>\n\t\t\t\t\t\t\t\t<\/div>\n\t\t\t\t\t<\/div>\n\t\t<\/div>\n\t\t\t\t<div class=\"elementor-column elementor-col-50 elementor-inner-column elementor-element elementor-element-356dabe\" data-id=\"356dabe\" data-element_type=\"column\" data-e-type=\"column\">\n\t\t\t<div class=\"elementor-widget-wrap elementor-element-populated\">\n\t\t\t\t\t\t<div class=\"elementor-element elementor-element-68d7c73 elementor-widget elementor-widget-wpforms\" data-id=\"68d7c73\" data-element_type=\"widget\" data-e-type=\"widget\" data-widget_type=\"wpforms.default\">\n\t\t\t\t<div class=\"elementor-widget-container\">\n\t\t\t\t\t<div class=\"wpforms-container wpforms-container-full\" id=\"wpforms-14753\"><form id=\"wpforms-form-14753\" class=\"wpforms-validate wpforms-form wpforms-ajax-form\" data-formid=\"14753\" method=\"post\" enctype=\"multipart\/form-data\" action=\"\/de\/wp-json\/wp\/v2\/pages\/26760\" data-token=\"a251a912c8dc76b7ac242715e799de7e\" data-token-time=\"1775360746\"><noscript class=\"wpforms-error-noscript\">Bitte aktiviere JavaScript in deinem Browser, um dieses Formular fertigzustellen.<\/noscript><div class=\"wpforms-field-container\"><div id=\"wpforms-14753-field_1-container\" class=\"wpforms-field wpforms-field-name\" data-field-id=\"1\"><label class=\"wpforms-field-label\" for=\"wpforms-14753-field_1\">Naam <span class=\"wpforms-required-label\">*<\/span><\/label><input type=\"text\" id=\"wpforms-14753-field_1\" class=\"wpforms-field-medium wpforms-field-required\" name=\"wpforms[fields][1]\" required><\/div><div id=\"wpforms-14753-field_2-container\" class=\"wpforms-field wpforms-field-email\" data-field-id=\"2\"><label class=\"wpforms-field-label\" for=\"wpforms-14753-field_2\">E-mail <span class=\"wpforms-required-label\">*<\/span><\/label><input type=\"email\" id=\"wpforms-14753-field_2\" class=\"wpforms-field-medium wpforms-field-required\" name=\"wpforms[fields][2]\" spellcheck=\"false\" required><\/div><div id=\"wpforms-14753-field_7-container\" class=\"wpforms-field wpforms-field-radio\" data-field-id=\"7\"><label class=\"wpforms-field-label wpforms-label-hide\">Keuze <span class=\"wpforms-required-label\">*<\/span><\/label><ul id=\"wpforms-14753-field_7\" class=\"wpforms-field-required\"><li class=\"choice-1 depth-1\"><input type=\"radio\" id=\"wpforms-14753-field_7_1\" name=\"wpforms[fields][7]\" value=\"Ik stel mijn vraag hier\" required ><label class=\"wpforms-field-label-inline\" for=\"wpforms-14753-field_7_1\">Ik stel mijn vraag hier<\/label><\/li><li class=\"choice-2 depth-1\"><input type=\"radio\" id=\"wpforms-14753-field_7_2\" name=\"wpforms[fields][7]\" value=\"Ik wil graag teruggebeld worden\" required ><label class=\"wpforms-field-label-inline\" for=\"wpforms-14753-field_7_2\">Ik wil graag teruggebeld worden<\/label><\/li><\/ul><\/div><div id=\"wpforms-14753-field_4-container\" class=\"wpforms-field wpforms-field-textarea\" data-field-id=\"4\"><label class=\"wpforms-field-label\" for=\"wpforms-14753-field_4\">Vraag of opmerking <span class=\"wpforms-required-label\">*<\/span><\/label><textarea id=\"wpforms-14753-field_4\" class=\"wpforms-field-medium wpforms-field-required\" name=\"wpforms[fields][4]\" required><\/textarea><\/div><div id=\"wpforms-14753-field_9-container\" class=\"wpforms-field wpforms-field-text\" data-field-id=\"9\"><label class=\"wpforms-field-label\" for=\"wpforms-14753-field_9\">Telefoonnummer <span class=\"wpforms-required-label\">*<\/span><\/label><input type=\"text\" id=\"wpforms-14753-field_9\" class=\"wpforms-field-medium wpforms-field-required wpforms-limit-characters-enabled\" data-form-id=\"14753\" data-field-id=\"9\" data-text-limit=\"13\" name=\"wpforms[fields][9]\" maxlength=\"13\" required><\/div><div id=\"wpforms-14753-field_6-container\" class=\"wpforms-field wpforms-field-select wpforms-field-select-style-classic\" data-field-id=\"6\"><label class=\"wpforms-field-label\" for=\"wpforms-14753-field_6\">Zouden jullie kunnen bellen tussen <span class=\"wpforms-required-label\">*<\/span><\/label><select id=\"wpforms-14753-field_6\" class=\"wpforms-field-medium wpforms-field-required\" name=\"wpforms[fields][6]\" required=\"required\"><option value=\"9.00 - 11.00 uur\"  class=\"choice-1 depth-1\"  >9.00 - 11.00 uur<\/option><option value=\"11.00 - 13.00 uur\"  class=\"choice-2 depth-1\"  >11.00 - 13.00 uur<\/option><option value=\"13.00 - 15.00 uur\"  class=\"choice-3 depth-1\"  >13.00 - 15.00 uur<\/option><option value=\"15.00 - 17.00 uur\"  class=\"choice-4 depth-1\"  >15.00 - 17.00 uur<\/option><option value=\"17.00 - 19.00 uur\"  class=\"choice-5 depth-1\"  >17.00 - 19.00 uur<\/option><\/select><\/div><\/div><!-- .wpforms-field-container --><div class=\"wpforms-recaptcha-container wpforms-is-recaptcha wpforms-is-recaptcha-type-v2\" ><div class=\"g-recaptcha\" data-sitekey=\"6Lc9uFkoAAAAAEYaQHt_cespc-xR0b0mSXpBBVAU\"><\/div><input type=\"text\" name=\"g-recaptcha-hidden\" class=\"wpforms-recaptcha-hidden\" style=\"position:absolute!important;clip:rect(0,0,0,0)!important;height:1px!important;width:1px!important;border:0!important;overflow:hidden!important;padding:0!important;margin:0!important;\" data-rule-recaptcha=\"1\"><\/div><div class=\"wpforms-submit-container\" ><input type=\"hidden\" name=\"wpforms[id]\" value=\"14753\"><input type=\"hidden\" name=\"page_title\" value=\"\"><input type=\"hidden\" name=\"page_url\" value=\"https:\/\/warmyou.eu\/de\/wp-json\/wp\/v2\/pages\/26760\"><input type=\"hidden\" name=\"url_referer\" value=\"\"><button type=\"submit\" name=\"wpforms[submit]\" id=\"wpforms-submit-14753\" class=\"wpforms-submit\" data-alt-text=\"Verzenden...\" data-submit-text=\"Verstuur\" aria-live=\"assertive\" value=\"wpforms-submit\">Verstuur<\/button><img decoding=\"async\" src=\"https:\/\/warmyou.eu\/wp-content\/plugins\/wpforms-lite\/assets\/images\/submit-spin.svg\" class=\"wpforms-submit-spinner\" style=\"display: none;\" width=\"26\" height=\"26\" alt=\"Wird geladen\"><\/div><\/form><\/div>  <!-- .wpforms-container -->\t\t\t\t<\/div>\n\t\t\t\t<\/div>\n\t\t\t\t\t<\/div>\n\t\t<\/div>\n\t\t\t\t\t<\/div>\n\t\t<\/section>\n\t\t\t\t\t<\/div>\n\t\t<\/div>\n\t\t\t\t\t<\/div>\n\t\t<\/section>\n\t\t\t\t<\/div>\n\t\t","protected":false},"excerpt":{"rendered":"<p>Fragen oder brauchen Sie Hilfe? Kontaktieren Sie uns. Wie k\u00f6nnen wir Ihnen helfen? Sie k\u00f6nnen alle Ihre Fragen an senden support@warmyou.eu, oder rufen Sie uns unter der Telefonnummer an 053 2009232. Wir sind stolz auf unseren schnellen Kundenservice und m\u00f6chten Ihnen w\u00e4hrend der Gesch\u00e4ftszeiten nahezu umgehend eine Antwort auf Ihre Frage geben. Au\u00dferhalb der B\u00fcrozeiten [&hellip;]<\/p>\n","protected":false},"author":1,"featured_media":0,"parent":0,"menu_order":40,"comment_status":"closed","ping_status":"closed","template":"","meta":{"_acf_changed":false,"_seopress_robots_primary_cat":"","_seopress_titles_title":"","_seopress_titles_desc":"","_seopress_robots_index":"","footnotes":""},"class_list":["post-26760","page","type-page","status-publish","hentry"],"acf":[],"_links":{"self":[{"href":"https:\/\/warmyou.eu\/de\/wp-json\/wp\/v2\/pages\/26760","targetHints":{"allow":["GET"]}}],"collection":[{"href":"https:\/\/warmyou.eu\/de\/wp-json\/wp\/v2\/pages"}],"about":[{"href":"https:\/\/warmyou.eu\/de\/wp-json\/wp\/v2\/types\/page"}],"author":[{"embeddable":true,"href":"https:\/\/warmyou.eu\/de\/wp-json\/wp\/v2\/users\/1"}],"replies":[{"embeddable":true,"href":"https:\/\/warmyou.eu\/de\/wp-json\/wp\/v2\/comments?post=26760"}],"version-history":[{"count":1,"href":"https:\/\/warmyou.eu\/de\/wp-json\/wp\/v2\/pages\/26760\/revisions"}],"predecessor-version":[{"id":26762,"href":"https:\/\/warmyou.eu\/de\/wp-json\/wp\/v2\/pages\/26760\/revisions\/26762"}],"wp:attachment":[{"href":"https:\/\/warmyou.eu\/de\/wp-json\/wp\/v2\/media?parent=26760"}],"curies":[{"name":"wp","href":"https:\/\/api.w.org\/{rel}","templated":true}]}}