{"id":26869,"date":"2022-10-07T08:42:40","date_gmt":"2022-10-07T07:42:40","guid":{"rendered":"https:\/\/warmyou.eu\/cookies\/"},"modified":"2024-11-08T15:24:24","modified_gmt":"2024-11-08T14:24:24","slug":"cookies","status":"publish","type":"page","link":"https:\/\/warmyou.eu\/de\/cookies\/","title":{"rendered":"Cookies"},"content":{"rendered":"\t\t<div data-elementor-type=\"wp-page\" data-elementor-id=\"26869\" class=\"elementor elementor-26869 elementor-14516\" data-elementor-post-type=\"page\">\n\t\t\t\t\t\t<section class=\"elementor-section elementor-top-section elementor-element elementor-element-3812f07 elementor-section-boxed elementor-section-height-default elementor-section-height-default\" data-id=\"3812f07\" data-element_type=\"section\" data-e-type=\"section\">\n\t\t\t\t\t\t<div class=\"elementor-container elementor-column-gap-default\">\n\t\t\t\t\t<div class=\"elementor-column elementor-col-100 elementor-top-column elementor-element elementor-element-a62b614\" data-id=\"a62b614\" data-element_type=\"column\" data-e-type=\"column\">\n\t\t\t<div class=\"elementor-widget-wrap elementor-element-populated\">\n\t\t\t\t\t\t<div class=\"elementor-element elementor-element-2dc6b5e elementor-widget elementor-widget-text-editor\" data-id=\"2dc6b5e\" data-element_type=\"widget\" data-e-type=\"widget\" data-widget_type=\"text-editor.default\">\n\t\t\t\t\t\t\t\t\t<p><strong>Was ist ein Cookie?<\/strong><br \/>Wir verwenden Cookies auf unserer Website. Ein Cookie ist eine kleine Datei, die von einem Internetserver gesendet und auf dem Computer (Festplatte) des Website-Besuchers gespeichert wird. Ein Cookie verfolgt die besuchte Website und enth\u00e4lt eine Reihe von Daten \u00fcber diesen Besuch, beispielsweise die besuchten Internetseiten und die Dauer des Besuchs.  <\/p>\n<p><strong>Welche Funktion haben Cookies, was machen sie?<\/strong><br \/>&#8211; Registrieren Sie die Pr\u00e4ferenzen der Besucher.<br \/>&#8211; Registrieren Sie Informationssitzungen, z. B. Informationen dar\u00fcber, was Sie einem Warenkorb hinzuf\u00fcgen.<br \/>&#8211; Registrieren Sie Informationen, z. B. die Webseiten, die Sie aufgerufen haben, um auf unsere Website zu gelangen.<br \/>&#8211; Registrieren Sie vergangene Aktivit\u00e4ten auf der Website, um bei Ihrem n\u00e4chsten Besuch einen besseren Service zu bieten. Cookies sorgen daf\u00fcr, dass eine Website bei erneuten Besuchen schneller l\u00e4dt. <\/p>\n<p><strong>Verwendung von cookies<\/strong><br \/>Wir verwenden Cookies, um unseren Service zu verbessern und gezielte Werbung bereitzustellen.<\/p>\n<p>Cookies helfen in erster Linie bei der Funktionalit\u00e4t der Website. Wir verwenden Cookies auch, um den Betrieb und das Benutzererlebnis zu \u00fcberwachen und zu verbessern. Wir registrieren die Pr\u00e4ferenzen der Besucher innerhalb der Website und der Webseiten, die aufgerufen wurden, um auf unsere Website zu gelangen. Wir versuchen, die Relevanz unserer Website zu verbessern. Schlie\u00dflich verwenden wir Cookies, um relevante Aktionen und Nachrichten an Personen zu \u00fcbermitteln, die unsere Website besucht haben (z. B. mit Online-Bannern).    <\/p>\n<p><strong>Wichtig: Besucherinformationen sind anonym <\/strong><br \/>Es ist wichtig zu wissen, dass die Registrierung des Verhaltens auf der Website anonym erfolgt. Diese Besucherdaten bleiben anonym, bis ein Besucher weitere Daten mit uns teilt. Dies geschieht beispielsweise, wenn ein Besucher Daten in ein Kontakt- oder Anfrageformular eingibt.  <\/p>\n<p>Wir haben die notwendigen Sicherheitsma\u00dfnahmen implementiert, um den Verlust, die unbefugte Nutzung oder \u00c4nderung der Informationen, die wir auf unserer Website erhalten, zu verhindern.<\/p>\n<p><strong>Cookie-Richtlinie aktualisieren <\/strong><br \/>Diese Cookie-Richtlinie kann von Zeit zu Zeit ge\u00e4ndert werden, um \u00c4nderungen und daraus resultierende Konsequenzen f\u00fcr die Erhebung und Verwaltung von Daten bekannt zu geben. Wir behalten uns das Recht vor, \u00c4nderungen im Umgang mit Daten vorzunehmen, werden dies jedoch zeitnah in der Cookie-Richtlinie anpassen. <\/p>\n<p>Das Entfernen von Cookies von Ihrem Computer ist einfach. Konsultieren Sie hierzu die Einstellungen Ihres Internetbrowsers. <\/p>\n<p>Wenn Sie unsere Website besuchen, stimmen Sie den jeweils geltenden Bedingungen der Cookie-Richtlinie zu.<\/p>\n<p>Bei Fragen zu unserer Cookie-Richtlinie k\u00f6nnen Sie eine E-Mail an support@warmyou.eu senden <\/p>\n\t\t\t\t\t\t\t\t<\/div>\n\t\t\t\t\t<\/div>\n\t\t<\/div>\n\t\t\t\t\t<\/div>\n\t\t<\/section>\n\t\t\t\t<section class=\"elementor-section elementor-top-section elementor-element elementor-element-696b6e1 elementor-section-boxed elementor-section-height-default elementor-section-height-default\" data-id=\"696b6e1\" data-element_type=\"section\" data-e-type=\"section\">\n\t\t\t\t\t\t<div class=\"elementor-container elementor-column-gap-default\">\n\t\t\t\t\t<div class=\"elementor-column elementor-col-100 elementor-top-column elementor-element elementor-element-fca68f3\" data-id=\"fca68f3\" data-element_type=\"column\" data-e-type=\"column\">\n\t\t\t<div class=\"elementor-widget-wrap\">\n\t\t\t\t\t\t\t<\/div>\n\t\t<\/div>\n\t\t\t\t\t<\/div>\n\t\t<\/section>\n\t\t\t\t<\/div>\n\t\t","protected":false},"excerpt":{"rendered":"<p>Was ist ein Cookie?Wir verwenden Cookies auf unserer Website. Ein Cookie ist eine kleine Datei, die von einem Internetserver gesendet und auf dem Computer (Festplatte) des Website-Besuchers gespeichert wird. Ein Cookie verfolgt die besuchte Website und enth\u00e4lt eine Reihe von Daten \u00fcber diesen Besuch, beispielsweise die besuchten Internetseiten und die Dauer des Besuchs. Welche Funktion [&hellip;]<\/p>\n","protected":false},"author":1,"featured_media":0,"parent":0,"menu_order":90,"comment_status":"closed","ping_status":"closed","template":"","meta":{"_acf_changed":false,"_seopress_robots_primary_cat":"","_seopress_titles_title":"","_seopress_titles_desc":"","_seopress_robots_index":"","footnotes":""},"class_list":["post-26869","page","type-page","status-publish","hentry"],"acf":[],"_links":{"self":[{"href":"https:\/\/warmyou.eu\/de\/wp-json\/wp\/v2\/pages\/26869","targetHints":{"allow":["GET"]}}],"collection":[{"href":"https:\/\/warmyou.eu\/de\/wp-json\/wp\/v2\/pages"}],"about":[{"href":"https:\/\/warmyou.eu\/de\/wp-json\/wp\/v2\/types\/page"}],"author":[{"embeddable":true,"href":"https:\/\/warmyou.eu\/de\/wp-json\/wp\/v2\/users\/1"}],"replies":[{"embeddable":true,"href":"https:\/\/warmyou.eu\/de\/wp-json\/wp\/v2\/comments?post=26869"}],"version-history":[{"count":1,"href":"https:\/\/warmyou.eu\/de\/wp-json\/wp\/v2\/pages\/26869\/revisions"}],"predecessor-version":[{"id":26870,"href":"https:\/\/warmyou.eu\/de\/wp-json\/wp\/v2\/pages\/26869\/revisions\/26870"}],"wp:attachment":[{"href":"https:\/\/warmyou.eu\/de\/wp-json\/wp\/v2\/media?parent=26869"}],"curies":[{"name":"wp","href":"https:\/\/api.w.org\/{rel}","templated":true}]}}