{"id":27164,"date":"2022-05-19T14:56:42","date_gmt":"2022-05-19T13:56:42","guid":{"rendered":"https:\/\/warmyou.eu\/erklaerung-zum-datenschutz\/"},"modified":"2024-12-23T11:45:53","modified_gmt":"2024-12-23T10:45:53","slug":"erklaerung-zum-datenschutz","status":"publish","type":"page","link":"https:\/\/warmyou.eu\/de\/erklaerung-zum-datenschutz\/","title":{"rendered":"Erkl\u00e4rung zum Datenschutz"},"content":{"rendered":"\t\t<div data-elementor-type=\"wp-page\" data-elementor-id=\"27164\" class=\"elementor elementor-27164 elementor-3\" data-elementor-post-type=\"page\">\n\t\t\t\t\t\t<section class=\"elementor-section elementor-top-section elementor-element elementor-element-5e34d47b elementor-section-boxed elementor-section-height-default elementor-section-height-default\" data-id=\"5e34d47b\" data-element_type=\"section\" data-e-type=\"section\">\n\t\t\t\t\t\t<div class=\"elementor-container elementor-column-gap-default\">\n\t\t\t\t\t<div class=\"elementor-column elementor-col-100 elementor-top-column elementor-element elementor-element-38c4912f\" data-id=\"38c4912f\" data-element_type=\"column\" data-e-type=\"column\">\n\t\t\t<div class=\"elementor-widget-wrap elementor-element-populated\">\n\t\t\t\t\t\t<div class=\"elementor-element elementor-element-66710627 elementor-widget elementor-widget-text-editor\" data-id=\"66710627\" data-element_type=\"widget\" data-e-type=\"widget\" data-widget_type=\"text-editor.default\">\n\t\t\t\t\t\t\t\t\t<p>Warmyou m\u00f6chte Ihnen als Kunde oder Nutzer von Produkten klare und gute Informationen, schnelle Hilfe und einen hervorragenden Service bieten. Zu diesem Zweck verwenden wir personenbezogene Daten. Warmyou Electrical Appliances ist f\u00fcr die Sammlung und Verarbeitung aller personenbezogenen Daten verantwortlich. Dabei halten wir uns an die europ\u00e4ische Datenschutzgesetzgebung, in den Niederlanden bekannt als die Allgemeine Datenschutzverordnung (AVG). In dieser Datenschutzerkl\u00e4rung erl\u00e4utern wir, welche Daten wir sammeln, was wir damit tun und welche Rechte Sie haben.     <\/p>\n<p><strong>Warum verarbeiten wir personenbezogene Daten?<\/strong><br \/>Ihre personenbezogenen Daten werden von uns verarbeitet, um Anfragen und Termine zu bearbeiten und Informationen mit Ihnen zu teilen. Im Folgenden sind einige spezifische Aktivit\u00e4ten aufgef\u00fchrt, f\u00fcr die personenbezogene Daten erforderlich sind:<br \/>&#8211; Bestellung von Produkten<br \/>&#8211; Anfordern von Informationen und Dienstleistungen<br \/>&#8211; Zusendung von Newslettern oder Informationsbulletins<br \/>&#8211; Abgabe von Produktbewertungen<br \/>&#8211; Teilnahme an Aktionen und Promotionen<br \/>&#8211; Zufriedenheitsumfragen<br \/>Ihre pers\u00f6nlichen Daten werden nur dann gespeichert und verarbeitet, wenn Sie diese freiwillig angegeben haben.<br \/>Bei der Nutzung unserer Website speichern wir nur allgemeine Besucherdaten wie die IP-Adresse, den Benutzernamen (falls vorhanden), den Zeitpunkt des Abrufs und die besuchten Seiten sowie die vom Browser gesendeten Daten. <\/p>\n<p><strong>Welche Rechte haben Sie?<\/strong><br \/>Sie sollten darauf vertrauen k\u00f6nnen, dass wir Ihre personenbezogenen Daten sch\u00fctzen und sichern. Wir wollen in dieser Hinsicht transparent sein und werden uns bem\u00fchen, auf Ihre Anfrage hin herauszufinden, wo Ihre personenbezogenen Daten verwendet werden. Sie haben auch das Recht, die \u00c4nderung oder L\u00f6schung Ihrer personenbezogenen Daten zu verlangen. Es sei denn, wir sind gesetzlich verpflichtet, diese Daten aufzubewahren. Sie k\u00f6nnen einen Antrag auf Berichtigung oder L\u00f6schung personenbezogener Daten an support@Warmyou.com senden. Wir werden Ihren Antrag innerhalb von vier Wochen bearbeiten.     <\/p>\n<p>\n            <strong>Recht auf \u00dcbertragbarkeit (Daten\u00fcbertragbarkeit) <\/strong>\n          <\/p>\n<p>Sie haben das Recht, die Daten, die Sie uns zur Verf\u00fcgung gestellt haben, in einem strukturierten, g\u00e4ngigen und maschinenlesbaren Format zu erhalten, um sie an einen anderen f\u00fcr die Verarbeitung Verantwortlichen zu \u00fcbermitteln. Wenn es technisch m\u00f6glich ist, werden wir bei der direkten \u00dcbermittlung mitwirken. <\/p>\n<p>\n            <strong>Recht auf Einspruch<\/strong>\n          <\/p>\n<p>Sie k\u00f6nnen gegen die Verarbeitung Ihrer Daten Widerspruch einlegen. Wir werden die Verarbeitung einstellen, wenn Ihr Widerspruch gerechtfertigt ist. Wenn wir Ihre Daten f\u00fcr Direktmarketingzwecke verwenden, werden wir Ihrem Widerspruch stets unverz\u00fcglich nachkommen.  <\/p>\n<p><strong>Mit wem teilen wir Ihre Daten?<\/strong><br \/>Wir geben personenbezogene Daten nur dann an Dritte weiter, wenn dies zur Erf\u00fcllung der mit Ihnen getroffenen Vereinbarung erforderlich ist. Beispiele sind der Versand und die Lieferung von Produkten, die Durchf\u00fchrung einer Reparatur durch ein Serviceunternehmen, der Versand von Informationen\/Brosch\u00fcren, die Durchf\u00fchrung einer Werbeaktion, f\u00fcr die Sie sich angemeldet haben, usw. Wir k\u00f6nnen auch die Informationssysteme und Rechenzentren von Dritten (SaaS-Dienste) zur Datenverarbeitung nutzen. Mit Dritten, mit denen wir personenbezogene Daten austauschen, schlie\u00dfen wir stets eine Verarbeitungsvereinbarung ab. In einem solchen Vertrag legen wir fest, welche Daten zu welchen Zwecken und unter welchen Bedingungen verarbeitet werden d\u00fcrfen und welche technischen und organisatorischen Sicherheitsma\u00dfnahmen einzuhalten sind. Dar\u00fcber hinaus k\u00f6nnen wir gesetzlich verpflichtet sein, Daten weiterzugeben.     <\/p>\n<p><strong>Bewertungen<\/strong><br \/><strong>WebwinkelKeur<\/strong><br \/>Wir sammeln Bewertungen \u00fcber die Plattform von WebwinkelKeur. Wenn Sie eine Bewertung \u00fcber WebwinkelKeur abgeben, m\u00fcssen Sie Ihren Namen und Ihre E-Mail-Adresse angeben. WebwinkelKeur teilt diese Informationen mit uns, damit wir die Bewertung mit Ihrer Bestellung verkn\u00fcpfen k\u00f6nnen. WebwinkelKeur ver\u00f6ffentlicht Ihren Namen auch auf seiner eigenen Website. In einigen F\u00e4llen kann WebwinkelKeur Sie kontaktieren, um Ihre Bewertung zu kommentieren. Wenn wir Sie auffordern, eine Bewertung abzugeben, teilen wir Ihren Namen und Ihre E-Mail-Adresse mit WebwinkelKeur. WebwinkelKeur verwendet diese Informationen nur, um Sie einzuladen, eine Bewertung abzugeben. WebwinkelKeur hat angemessene technische und organisatorische Ma\u00dfnahmen ergriffen, um Ihre pers\u00f6nlichen Daten zu sch\u00fctzen. WebwinkelKeur beh\u00e4lt sich das Recht vor, Dritte f\u00fcr die Erbringung von Dienstleistungen einzusetzen, f\u00fcr die wir WebwinkelKeur die Genehmigung erteilt haben. Alle oben genannten Garantien hinsichtlich des Schutzes Ihrer pers\u00f6nlichen Daten gelten auch f\u00fcr die Teile der Dienstleistung, f\u00fcr die WebwinkelKeur Dritte einsetzt.         <\/p>\n<p><strong>Wir bitten Sie um Ihr Einverst\u00e4ndnis<\/strong><br \/>Wenn Sie \u00fcber die Website eine Bestellung aufgeben, eine Anfrage nach (Produkt-)Informationen an uns richten, eine (Garantie-)Anfrage f\u00fcr eine Dienstleistung stellen oder z. B. an einer Werbeaktion teilnehmen usw., bitten wir Sie um Ihre Zustimmung zur Verarbeitung Ihrer personenbezogenen Daten. Wenn Sie Ihre Zustimmung nicht erteilen, k\u00f6nnen wir Ihre Anfrage nicht bearbeiten.  <\/p>\n<p><strong>Wie sichern wir personenbezogene Daten?<\/strong><br \/>Wir haben geeignete Ma\u00dfnahmen ergriffen, um personenbezogene Daten gegen Verlust oder jede Form der unrechtm\u00e4\u00dfigen Verarbeitung zu sch\u00fctzen. Dabei ber\u00fccksichtigen wir den Stand der Technik, die Kosten der Umsetzung, die Risiken und die Art der Datenverarbeitung. Der Zugang zu Dateien mit personenbezogenen Daten wird durch Passw\u00f6rter und Verschl\u00fcsselung eingeschr\u00e4nkt. Die Einsichtnahme in personenbezogene Daten wird so weit wie m\u00f6glich protokolliert.   <\/p>\n<p><strong>Websites von Drittanbietern<\/strong><br \/>Diese Datenschutzerkl\u00e4rung gilt nicht f\u00fcr Websites Dritter, die \u00fcber Hyperlinks mit der Warmyou-Website verbunden sind. Wir k\u00f6nnen nicht garantieren, dass diese Dritten Ihre pers\u00f6nlichen Daten auf zuverl\u00e4ssige oder sichere Weise behandeln. Wir empfehlen Ihnen, die Datenschutzerkl\u00e4rung der Websites zu lesen, bevor Sie diese nutzen.  <\/p>\n<p><strong>Wie lange bewahren wir personenbezogene Daten auf?<\/strong><br \/>Personenbezogene Daten k\u00f6nnen von uns im Rahmen der Leistungserbringung gespeichert werden. F\u00fcr personenbezogene Daten im Rahmen von Bestellungen und Serviceanfragen gilt dies mindestens f\u00fcr die voraussichtliche Lebensdauer eines Produktes <\/p>\n<p><strong>Verwendung von Cookies<\/strong><br \/>Wie wir mit Cookies umgehen, <a href=\"https:\/\/warmyou.eu\/de\/cookies\/\"><strong>k\u00f6nnen Sie in der Cookie-Erkl\u00e4rung<\/strong><\/a> auf unserer Website nachlesen.<\/p>\n<p><strong>Wenn Sie Fragen haben<\/strong><br \/>Bei Fragen zu unserer Datenschutzpolitik wenden Sie sich bitte an <a href=\"mailto:support@warmyou.eu\"><strong>support@warmyou.eu.<\/strong><\/a> <\/p>\n\t\t\t\t\t\t\t\t<\/div>\n\t\t\t\t\t<\/div>\n\t\t<\/div>\n\t\t\t\t\t<\/div>\n\t\t<\/section>\n\t\t\t\t<\/div>\n\t\t","protected":false},"excerpt":{"rendered":"<p>Warmyou m\u00f6chte Ihnen als Kunde oder Nutzer von Produkten klare und gute Informationen, schnelle Hilfe und einen hervorragenden Service bieten. Zu diesem Zweck verwenden wir personenbezogene Daten. Warmyou Electrical Appliances ist f\u00fcr die Sammlung und Verarbeitung aller personenbezogenen Daten verantwortlich. Dabei halten wir uns an die europ\u00e4ische Datenschutzgesetzgebung, in den Niederlanden bekannt als die Allgemeine [&hellip;]<\/p>\n","protected":false},"author":1,"featured_media":0,"parent":0,"menu_order":90,"comment_status":"closed","ping_status":"closed","template":"","meta":{"_acf_changed":false,"_seopress_robots_primary_cat":"","_seopress_titles_title":"","_seopress_titles_desc":"","_seopress_robots_index":"","footnotes":""},"class_list":["post-27164","page","type-page","status-publish","hentry"],"acf":[],"_links":{"self":[{"href":"https:\/\/warmyou.eu\/de\/wp-json\/wp\/v2\/pages\/27164","targetHints":{"allow":["GET"]}}],"collection":[{"href":"https:\/\/warmyou.eu\/de\/wp-json\/wp\/v2\/pages"}],"about":[{"href":"https:\/\/warmyou.eu\/de\/wp-json\/wp\/v2\/types\/page"}],"author":[{"embeddable":true,"href":"https:\/\/warmyou.eu\/de\/wp-json\/wp\/v2\/users\/1"}],"replies":[{"embeddable":true,"href":"https:\/\/warmyou.eu\/de\/wp-json\/wp\/v2\/comments?post=27164"}],"version-history":[{"count":1,"href":"https:\/\/warmyou.eu\/de\/wp-json\/wp\/v2\/pages\/27164\/revisions"}],"predecessor-version":[{"id":27165,"href":"https:\/\/warmyou.eu\/de\/wp-json\/wp\/v2\/pages\/27164\/revisions\/27165"}],"wp:attachment":[{"href":"https:\/\/warmyou.eu\/de\/wp-json\/wp\/v2\/media?parent=27164"}],"curies":[{"name":"wp","href":"https:\/\/api.w.org\/{rel}","templated":true}]}}