{"id":27327,"date":"2023-12-01T12:01:51","date_gmt":"2023-12-01T11:01:51","guid":{"rendered":"https:\/\/warmyou.eu\/authentizitaet-von-rezensionen\/"},"modified":"2025-07-07T09:11:00","modified_gmt":"2025-07-07T08:11:00","slug":"authentizitaet-von-rezensionen","status":"publish","type":"page","link":"https:\/\/warmyou.eu\/de\/authentizitaet-von-rezensionen\/","title":{"rendered":"Authentizit\u00e4t von Rezensionen"},"content":{"rendered":"\t\t<div data-elementor-type=\"wp-page\" data-elementor-id=\"27327\" class=\"elementor elementor-27327 elementor-25061\" data-elementor-post-type=\"page\">\n\t\t\t\t\t\t<section class=\"elementor-section elementor-top-section elementor-element elementor-element-617f974 elementor-section-boxed elementor-section-height-default elementor-section-height-default\" data-id=\"617f974\" data-element_type=\"section\" data-e-type=\"section\">\n\t\t\t\t\t\t<div class=\"elementor-container elementor-column-gap-default\">\n\t\t\t\t\t<div class=\"elementor-column elementor-col-100 elementor-top-column elementor-element elementor-element-1512a3a\" data-id=\"1512a3a\" data-element_type=\"column\" data-e-type=\"column\">\n\t\t\t<div class=\"elementor-widget-wrap elementor-element-populated\">\n\t\t\t\t\t\t<div class=\"elementor-element elementor-element-0da7cae elementor-widget elementor-widget-heading\" data-id=\"0da7cae\" data-element_type=\"widget\" data-e-type=\"widget\" data-widget_type=\"heading.default\">\n\t\t\t\t\t<h2 class=\"elementor-heading-title elementor-size-default\">Authentizit\u00e4t von Rezensionen<\/h2>\t\t\t\t<\/div>\n\t\t\t\t<section class=\"elementor-section elementor-inner-section elementor-element elementor-element-42f7bbb elementor-section-boxed elementor-section-height-default elementor-section-height-default\" data-id=\"42f7bbb\" data-element_type=\"section\" data-e-type=\"section\">\n\t\t\t\t\t\t<div class=\"elementor-container elementor-column-gap-default\">\n\t\t\t\t\t<div class=\"elementor-column elementor-col-50 elementor-inner-column elementor-element elementor-element-63e7dff\" data-id=\"63e7dff\" data-element_type=\"column\" data-e-type=\"column\">\n\t\t\t<div class=\"elementor-widget-wrap elementor-element-populated\">\n\t\t\t\t\t\t<div class=\"elementor-element elementor-element-7b2ef93 elementor-widget elementor-widget-text-editor\" data-id=\"7b2ef93\" data-element_type=\"widget\" data-e-type=\"widget\" data-widget_type=\"text-editor.default\">\n\t\t\t\t\t\t\t\t\t<p>Wir finden es wichtig, dass die Bewertungen das bestm\u00f6gliche Bild unserer Produkte und Dienstleistungen vermitteln. Unsere Bewertungen werden daher unparteiisch von <a href=\"http:\/\/www.webwinkelkeur.nl\/\"><strong>WebwinkelKeur<\/strong><\/a> verwaltet . <\/p><p>Webwinkelkeur hat Ma\u00dfnahmen ergriffen, um die Authentizit\u00e4t der Bewertungen zu gew\u00e4hrleisten. Welche Ma\u00dfnahmen das sind, k\u00f6nnen Sie <a href=\"https:\/\/www.webwinkelkeur.nl\/kennisbank\/consumenten\/waarom-webwinkelkeur\/klantbeoordelingen\/\"><strong>hier<\/strong><\/a> nachlesen . <\/p><p>Unsere Kunden werden nicht f\u00fcr das Schreiben von Bewertungen belohnt. Sie erhalten keine Rabatte oder andere Geschenke. <\/p><p> <\/p><p><a href=\"http:\/\/www.webwinkelkeur.nl\/eerlijke-reviews-zo-doen-we-dat\/\"><strong>Klicken Sie hier, um mehr \u00fcber die Authentizit\u00e4t von Bewertungen zu erfahren!<\/strong><\/a><\/p>\t\t\t\t\t\t\t\t<\/div>\n\t\t\t\t<div class=\"elementor-element elementor-element-11e9903 elementor-widget elementor-widget-spacer\" data-id=\"11e9903\" data-element_type=\"widget\" data-e-type=\"widget\" data-widget_type=\"spacer.default\">\n\t\t\t\t\t\t\t<div class=\"elementor-spacer\">\n\t\t\t<div class=\"elementor-spacer-inner\"><\/div>\n\t\t<\/div>\n\t\t\t\t\t\t<\/div>\n\t\t\t\t\t<\/div>\n\t\t<\/div>\n\t\t\t\t<div class=\"elementor-column elementor-col-50 elementor-inner-column elementor-element elementor-element-ad585df\" data-id=\"ad585df\" data-element_type=\"column\" data-e-type=\"column\">\n\t\t\t<div class=\"elementor-widget-wrap elementor-element-populated\">\n\t\t\t\t\t\t<div class=\"elementor-element elementor-element-fefb754 elementor-widget elementor-widget-image\" data-id=\"fefb754\" data-element_type=\"widget\" data-e-type=\"widget\" data-widget_type=\"image.default\">\n\t\t\t\t\t\t\t\t\t\t\t\t\t\t\t<img decoding=\"async\" width=\"800\" height=\"456\" src=\"https:\/\/warmyou.eu\/wp-content\/uploads\/2023\/12\/customer-pressing-smartphone-give-gold-five-star-rating-feedback-Klein.webp\" class=\"attachment-large size-large wp-image-27328\" alt=\"\" srcset=\"https:\/\/warmyou.eu\/wp-content\/uploads\/2023\/12\/customer-pressing-smartphone-give-gold-five-star-rating-feedback-Klein.webp 843w, https:\/\/warmyou.eu\/wp-content\/uploads\/2023\/12\/customer-pressing-smartphone-give-gold-five-star-rating-feedback-Klein-600x342.webp 600w, https:\/\/warmyou.eu\/wp-content\/uploads\/2023\/12\/customer-pressing-smartphone-give-gold-five-star-rating-feedback-Klein-300x171.webp 300w, https:\/\/warmyou.eu\/wp-content\/uploads\/2023\/12\/customer-pressing-smartphone-give-gold-five-star-rating-feedback-Klein-768x437.webp 768w\" sizes=\"(max-width: 800px) 100vw, 800px\" \/>\t\t\t\t\t\t\t\t\t\t\t\t\t\t\t<\/div>\n\t\t\t\t\t<\/div>\n\t\t<\/div>\n\t\t\t\t\t<\/div>\n\t\t<\/section>\n\t\t\t\t\t<\/div>\n\t\t<\/div>\n\t\t\t\t\t<\/div>\n\t\t<\/section>\n\t\t\t\t<\/div>\n\t\t","protected":false},"excerpt":{"rendered":"<p>Authentizit\u00e4t von Rezensionen Wir finden es wichtig, dass die Bewertungen das bestm\u00f6gliche Bild unserer Produkte und Dienstleistungen vermitteln. Unsere Bewertungen werden daher unparteiisch von WebwinkelKeur verwaltet . Webwinkelkeur hat Ma\u00dfnahmen ergriffen, um die Authentizit\u00e4t der Bewertungen zu gew\u00e4hrleisten. Welche Ma\u00dfnahmen das sind, k\u00f6nnen Sie hier nachlesen . Unsere Kunden werden nicht f\u00fcr das Schreiben von [&hellip;]<\/p>\n","protected":false},"author":1,"featured_media":0,"parent":0,"menu_order":0,"comment_status":"closed","ping_status":"closed","template":"","meta":{"_acf_changed":false,"_seopress_robots_primary_cat":"","_seopress_titles_title":"","_seopress_titles_desc":"","_seopress_robots_index":"","footnotes":""},"class_list":["post-27327","page","type-page","status-publish","hentry"],"acf":[],"_links":{"self":[{"href":"https:\/\/warmyou.eu\/de\/wp-json\/wp\/v2\/pages\/27327","targetHints":{"allow":["GET"]}}],"collection":[{"href":"https:\/\/warmyou.eu\/de\/wp-json\/wp\/v2\/pages"}],"about":[{"href":"https:\/\/warmyou.eu\/de\/wp-json\/wp\/v2\/types\/page"}],"author":[{"embeddable":true,"href":"https:\/\/warmyou.eu\/de\/wp-json\/wp\/v2\/users\/1"}],"replies":[{"embeddable":true,"href":"https:\/\/warmyou.eu\/de\/wp-json\/wp\/v2\/comments?post=27327"}],"version-history":[{"count":1,"href":"https:\/\/warmyou.eu\/de\/wp-json\/wp\/v2\/pages\/27327\/revisions"}],"predecessor-version":[{"id":27329,"href":"https:\/\/warmyou.eu\/de\/wp-json\/wp\/v2\/pages\/27327\/revisions\/27329"}],"wp:attachment":[{"href":"https:\/\/warmyou.eu\/de\/wp-json\/wp\/v2\/media?parent=27327"}],"curies":[{"name":"wp","href":"https:\/\/api.w.org\/{rel}","templated":true}]}}