{"id":27332,"date":"2023-03-24T11:20:57","date_gmt":"2023-03-24T10:20:57","guid":{"rendered":"https:\/\/warmyou.eu\/ueber-uns\/"},"modified":"2023-03-24T11:20:57","modified_gmt":"2023-03-24T10:20:57","slug":"ueber-uns","status":"publish","type":"page","link":"https:\/\/warmyou.eu\/de\/ueber-uns\/","title":{"rendered":"\u00dcber uns"},"content":{"rendered":"<h1>W\u00e4rme ist der verbindende Faktor<\/h1>\n<p>Wenn Sie leicht frieren, Energie sparen wollen oder unter Muskelkater leiden, sind Sie bei Warmyou genau richtig. Wir kommen von den hohen Energiekosten nicht los und sie belasten das monatliche Budget erheblich. Das Einzige, was Sie jetzt tun k\u00f6nnen, ist, daf\u00fcr zu sorgen, dass Sie diese monatlichen Kosten senken k\u00f6nnen. Wenn Sie dazu beitragen wollen, drehen Sie die Heizung ein wenig herunter und heizen Sie nicht den Raum um Sie herum, sondern sich selbst. Denken Sie daran, dass Sie abends auf der Couch unter einer Heizdecke sitzen und fernsehen oder ein gutes Buch lesen k\u00f6nnen. So sparen Sie nicht nur Energiekosten, sondern es wird auch sch\u00f6n gem\u00fctlich.     <\/p>\n<p>&nbsp;<\/p>\n<h2>W\u00e4rme f\u00f6rdert die Durchblutung<\/h2>\n<p>Es k\u00f6nnte nat\u00fcrlich auch sein, dass Sie regelm\u00e4\u00dfig unter schmerzenden\/verkrampften oder steifen Muskeln leiden. In diesem Fall k\u00f6nnen unsere Produkte ebenfalls f\u00fcr eine gute Linderung sorgen. Die W\u00e4rme f\u00f6rdert die Durchblutung der verkrampften Muskeln und hilft Ihnen, sich nach einem anstrengenden Tag zu entspannen. F\u00fcr jede Stelle gibt es eine passende L\u00f6sung, denken Sie an einen Nacken-\/R\u00fcckenw\u00e4rmer oder das multifunktionale W\u00e4rmekissen, die Sie \u00fcberall einsetzen k\u00f6nnen.  <\/p>\n<h2><\/h2>\n<h2>Aber wer steckt hinter Warmyou?<\/h2>\n<p>Das ist gar nicht so schwierig und wir machen auch kein Geheimnis daraus. Warmyou ist eine Marke des Unternehmens <a href=\"http:\/\/www.maroy.nl\" target=\"_blank\" rel=\"noopener\">Maroy B.V.<\/a> Dieses Unternehmen wurde von drei Unternehmern aus der Region Twente gegr\u00fcndet. Roy Middelbos, Koos Mavrakis und Martin Stegehuis haben v\u00f6llig unterschiedliche Hintergr\u00fcnde, aber den gleichen Gedanken. Wir wollen Dinge tun, die uns gl\u00fccklich machen und die es uns erm\u00f6glichen, anderen zu helfen, sie anzuleiten und voranzubringen. Wir wollen jeden Tag mit Freude zur Arbeit gehen!    <\/p>\n<p>So ist auch Warmyou entstanden, neben anderen. Den Menschen mit Produkten zur pers\u00f6nlichen Erw\u00e4rmung zu helfen, und zwar in der weitesten Form. Unsere Suche nach hochwertigen Produkten, denen wir als Unternehmer einen Mehrwert verleihen k\u00f6nnen, hat uns zu diesen Heizdecken, Nacken- und Fu\u00dfw\u00e4rmern gef\u00fchrt. Dar\u00fcber hinaus wird unsere Warmyou-Kollektion um andere w\u00e4rmende Produkte wie Au\u00dfenheizungen, Feuert\u00f6pfe usw. erweitert.   <\/p>\n<h2>Von gut bis hochwertig<\/h2>\n<p>Maroy B.V. ist st\u00e4ndig auf der Suche nach guten Produkten, denen wir als Unternehmer einen Mehrwert verleihen k\u00f6nnen, nur dieses kleine bisschen Feinschliff, um die Qualit\u00e4t eines Produkts zu verbessern. Es werden gute Produkte entwickelt, aber das bedeutet nicht, dass sie gut genug sind und\/oder verbessert werden k\u00f6nnen. Darin sehen wir unseren Mehrwert: Mit einem Auge f\u00fcr Details\/Qualit\u00e4t, Produktkenntnis und Einblick in das Erscheinungsbild wollen wir hochwertige (verbesserte) Produkte anbieten. So sind wir ein Mehrwert und k\u00f6nnen dem Verbraucher mehr Wert f\u00fcr sein Geld bieten. Deshalb besch\u00e4ftigen wir uns st\u00e4ndig mit neuen Produktentwicklungen, Verbesserungen und neuen Innovationen. Zu diesem Zweck arbeiten wir mit verschiedenen Hochschulen und Universit\u00e4ten zusammen. Schlie\u00dflich geh\u00f6rt der Jugend die Zukunft!      <\/p>\n<p>&nbsp;<\/p>\n<p><strong>Sind Sie auch neugierig auf die Qualit\u00e4t der Warmyou Produkte? Dann bestellen Sie eine unserer sch\u00f6nen Heizdecken und lassen Sie sich von unseren Warmyou-Produkten w\u00e4rmen. <\/strong><\/p>\n","protected":false},"excerpt":{"rendered":"<p>W\u00e4rme ist der verbindende Faktor Wenn Sie leicht frieren, Energie sparen wollen oder unter Muskelkater leiden, sind Sie bei Warmyou genau richtig. Wir kommen von den hohen Energiekosten nicht los und sie belasten das monatliche Budget erheblich. Das Einzige, was Sie jetzt tun k\u00f6nnen, ist, daf\u00fcr zu sorgen, dass Sie diese monatlichen Kosten senken k\u00f6nnen. [&hellip;]<\/p>\n","protected":false},"author":1,"featured_media":0,"parent":0,"menu_order":30,"comment_status":"closed","ping_status":"closed","template":"","meta":{"_acf_changed":false,"_seopress_robots_primary_cat":"","_seopress_titles_title":"","_seopress_titles_desc":"","_seopress_robots_index":"","footnotes":""},"class_list":["post-27332","page","type-page","status-publish","hentry"],"acf":[],"_links":{"self":[{"href":"https:\/\/warmyou.eu\/de\/wp-json\/wp\/v2\/pages\/27332","targetHints":{"allow":["GET"]}}],"collection":[{"href":"https:\/\/warmyou.eu\/de\/wp-json\/wp\/v2\/pages"}],"about":[{"href":"https:\/\/warmyou.eu\/de\/wp-json\/wp\/v2\/types\/page"}],"author":[{"embeddable":true,"href":"https:\/\/warmyou.eu\/de\/wp-json\/wp\/v2\/users\/1"}],"replies":[{"embeddable":true,"href":"https:\/\/warmyou.eu\/de\/wp-json\/wp\/v2\/comments?post=27332"}],"version-history":[{"count":0,"href":"https:\/\/warmyou.eu\/de\/wp-json\/wp\/v2\/pages\/27332\/revisions"}],"wp:attachment":[{"href":"https:\/\/warmyou.eu\/de\/wp-json\/wp\/v2\/media?parent=27332"}],"curies":[{"name":"wp","href":"https:\/\/api.w.org\/{rel}","templated":true}]}}