{"id":27333,"date":"2023-12-01T11:01:30","date_gmt":"2023-12-01T10:01:30","guid":{"rendered":"https:\/\/warmyou.eu\/beschwerden-melden\/"},"modified":"2025-07-07T09:12:28","modified_gmt":"2025-07-07T08:12:28","slug":"beschwerden-melden","status":"publish","type":"page","link":"https:\/\/warmyou.eu\/de\/beschwerden-melden\/","title":{"rendered":"Beschwerden melden"},"content":{"rendered":"\t\t<div data-elementor-type=\"wp-page\" data-elementor-id=\"27333\" class=\"elementor elementor-27333 elementor-25030\" data-elementor-post-type=\"page\">\n\t\t\t\t\t\t<section class=\"elementor-section elementor-top-section elementor-element elementor-element-a17b6b3 elementor-section-boxed elementor-section-height-default elementor-section-height-default\" data-id=\"a17b6b3\" data-element_type=\"section\" data-e-type=\"section\">\n\t\t\t\t\t\t<div class=\"elementor-container elementor-column-gap-default\">\n\t\t\t\t\t<div class=\"elementor-column elementor-col-100 elementor-top-column elementor-element elementor-element-6157d81\" data-id=\"6157d81\" data-element_type=\"column\" data-e-type=\"column\">\n\t\t\t<div class=\"elementor-widget-wrap elementor-element-populated\">\n\t\t\t\t\t\t<div class=\"elementor-element elementor-element-2c7f386 elementor-widget elementor-widget-heading\" data-id=\"2c7f386\" data-element_type=\"widget\" data-e-type=\"widget\" data-widget_type=\"heading.default\">\n\t\t\t\t\t<h2 class=\"elementor-heading-title elementor-size-default\">Beschwerden melden<\/h2>\t\t\t\t<\/div>\n\t\t\t\t<section class=\"elementor-section elementor-inner-section elementor-element elementor-element-daaf19b elementor-section-boxed elementor-section-height-default elementor-section-height-default\" data-id=\"daaf19b\" data-element_type=\"section\" data-e-type=\"section\">\n\t\t\t\t\t\t<div class=\"elementor-container elementor-column-gap-default\">\n\t\t\t\t\t<div class=\"elementor-column elementor-col-50 elementor-inner-column elementor-element elementor-element-e946483\" data-id=\"e946483\" data-element_type=\"column\" data-e-type=\"column\">\n\t\t\t<div class=\"elementor-widget-wrap elementor-element-populated\">\n\t\t\t\t\t\t<div class=\"elementor-element elementor-element-f643765 elementor-widget elementor-widget-text-editor\" data-id=\"f643765\" data-element_type=\"widget\" data-e-type=\"widget\" data-widget_type=\"text-editor.default\">\n\t\t\t\t\t\t\t\t\t<p>Es kann immer vorkommen, dass etwas nicht ganz so l\u00e4uft wie geplant. Wir ermutigen Sie, Beschwerden zuerst an uns zu richten, indem Sie eine E-Mail an<strong><a href=\"mailto:support@warmyou.eu\"> support@warmyou.eu<\/a><\/strong>. Wenn dies nicht zu einer L\u00f6sung f\u00fchrt, k\u00f6nnen Sie Ihren Streitfall \u00fcber <strong>WebwinkelKeur<\/strong> zur Schlichtung einreichen unter <strong><a href=\"https:\/\/www.webwinkelkeur.nl\/kennisbank\/consumenten\/geschil\">https:\/\/www.webwinkelkeur.nl\/kennisbank\/consumenten\/geschil<\/a><\/strong>. <br>Verbraucher in der EU k\u00f6nnen ihre Beschwerden auch \u00fcber die OS-Plattform der Europ\u00e4ischen Kommission einreichen. Diese ODR-Plattform finden Sie unter <strong><a href=\"http:\/\/ec.europa.eu\/odr\">http:\/\/ec.europa.eu\/odr<\/a><\/strong>. Wenn Ihre Beschwerde nicht bereits anderweitig bearbeitet wird, steht es Ihnen frei, Ihre Beschwerde \u00fcber die Plattform der Europ\u00e4ischen Union einzureichen.    <\/p><p>Wenn Sie mehr wissen m\u00f6chten, lesen Sie bitte<strong> <a href=\"https:\/\/warmyou.eu\/wp-content\/uploads\/2022\/10\/ALGEMENE-VOORWAARDEN.pdf\" target=\"_blank\" rel=\"noopener\">die Allgemeinen Gesch\u00e4ftsbedingungen<\/a>  hier. <\/strong> <\/p>\t\t\t\t\t\t\t\t<\/div>\n\t\t\t\t<div class=\"elementor-element elementor-element-1a6a187 elementor-widget elementor-widget-spacer\" data-id=\"1a6a187\" data-element_type=\"widget\" data-e-type=\"widget\" data-widget_type=\"spacer.default\">\n\t\t\t\t\t\t\t<div class=\"elementor-spacer\">\n\t\t\t<div class=\"elementor-spacer-inner\"><\/div>\n\t\t<\/div>\n\t\t\t\t\t\t<\/div>\n\t\t\t\t\t<\/div>\n\t\t<\/div>\n\t\t\t\t<div class=\"elementor-column elementor-col-50 elementor-inner-column elementor-element elementor-element-744eae6\" data-id=\"744eae6\" data-element_type=\"column\" data-e-type=\"column\">\n\t\t\t<div class=\"elementor-widget-wrap elementor-element-populated\">\n\t\t\t\t\t\t<div class=\"elementor-element elementor-element-3a4dbd1 elementor-widget elementor-widget-image\" data-id=\"3a4dbd1\" data-element_type=\"widget\" data-e-type=\"widget\" data-widget_type=\"image.default\">\n\t\t\t\t\t\t\t\t\t\t\t\t\t\t\t<img decoding=\"async\" width=\"800\" height=\"800\" src=\"https:\/\/warmyou.eu\/wp-content\/uploads\/2023\/11\/Cuddels-bruin-sfeer-over-de-stoel-2022.webp\" class=\"attachment-large size-large wp-image-24342\" alt=\"\" srcset=\"https:\/\/warmyou.eu\/wp-content\/uploads\/2023\/11\/Cuddels-bruin-sfeer-over-de-stoel-2022.webp 1000w, https:\/\/warmyou.eu\/wp-content\/uploads\/2023\/11\/Cuddels-bruin-sfeer-over-de-stoel-2022-300x300.webp 300w, https:\/\/warmyou.eu\/wp-content\/uploads\/2023\/11\/Cuddels-bruin-sfeer-over-de-stoel-2022-100x100.webp 100w, https:\/\/warmyou.eu\/wp-content\/uploads\/2023\/11\/Cuddels-bruin-sfeer-over-de-stoel-2022-600x600.webp 600w, https:\/\/warmyou.eu\/wp-content\/uploads\/2023\/11\/Cuddels-bruin-sfeer-over-de-stoel-2022-150x150.webp 150w, https:\/\/warmyou.eu\/wp-content\/uploads\/2023\/11\/Cuddels-bruin-sfeer-over-de-stoel-2022-768x768.webp 768w\" sizes=\"(max-width: 800px) 100vw, 800px\" \/>\t\t\t\t\t\t\t\t\t\t\t\t\t\t\t<\/div>\n\t\t\t\t\t<\/div>\n\t\t<\/div>\n\t\t\t\t\t<\/div>\n\t\t<\/section>\n\t\t\t\t\t<\/div>\n\t\t<\/div>\n\t\t\t\t\t<\/div>\n\t\t<\/section>\n\t\t\t\t<\/div>\n\t\t","protected":false},"excerpt":{"rendered":"<p>Beschwerden melden Es kann immer vorkommen, dass etwas nicht ganz so l\u00e4uft wie geplant. Wir ermutigen Sie, Beschwerden zuerst an uns zu richten, indem Sie eine E-Mail an support@warmyou.eu. Wenn dies nicht zu einer L\u00f6sung f\u00fchrt, k\u00f6nnen Sie Ihren Streitfall \u00fcber WebwinkelKeur zur Schlichtung einreichen unter https:\/\/www.webwinkelkeur.nl\/kennisbank\/consumenten\/geschil. Verbraucher in der EU k\u00f6nnen ihre Beschwerden auch [&hellip;]<\/p>\n","protected":false},"author":1,"featured_media":0,"parent":0,"menu_order":0,"comment_status":"closed","ping_status":"closed","template":"","meta":{"_acf_changed":false,"_seopress_robots_primary_cat":"","_seopress_titles_title":"","_seopress_titles_desc":"","_seopress_robots_index":"","footnotes":""},"class_list":["post-27333","page","type-page","status-publish","hentry"],"acf":[],"_links":{"self":[{"href":"https:\/\/warmyou.eu\/de\/wp-json\/wp\/v2\/pages\/27333","targetHints":{"allow":["GET"]}}],"collection":[{"href":"https:\/\/warmyou.eu\/de\/wp-json\/wp\/v2\/pages"}],"about":[{"href":"https:\/\/warmyou.eu\/de\/wp-json\/wp\/v2\/types\/page"}],"author":[{"embeddable":true,"href":"https:\/\/warmyou.eu\/de\/wp-json\/wp\/v2\/users\/1"}],"replies":[{"embeddable":true,"href":"https:\/\/warmyou.eu\/de\/wp-json\/wp\/v2\/comments?post=27333"}],"version-history":[{"count":1,"href":"https:\/\/warmyou.eu\/de\/wp-json\/wp\/v2\/pages\/27333\/revisions"}],"predecessor-version":[{"id":27334,"href":"https:\/\/warmyou.eu\/de\/wp-json\/wp\/v2\/pages\/27333\/revisions\/27334"}],"wp:attachment":[{"href":"https:\/\/warmyou.eu\/de\/wp-json\/wp\/v2\/media?parent=27333"}],"curies":[{"name":"wp","href":"https:\/\/api.w.org\/{rel}","templated":true}]}}