{"id":27341,"date":"2022-12-09T14:37:25","date_gmt":"2022-12-09T13:37:25","guid":{"rendered":"https:\/\/warmyou.eu\/energie-sparen\/"},"modified":"2025-07-07T09:28:50","modified_gmt":"2025-07-07T08:28:50","slug":"energie-sparen","status":"publish","type":"page","link":"https:\/\/warmyou.eu\/de\/energie-sparen\/","title":{"rendered":"Energie sparen"},"content":{"rendered":"\t\t<div data-elementor-type=\"wp-page\" data-elementor-id=\"27341\" class=\"elementor elementor-27341 elementor-15881\" data-elementor-post-type=\"page\">\n\t\t\t\t\t\t<section class=\"elementor-section elementor-top-section elementor-element elementor-element-aa13d4d elementor-section-boxed elementor-section-height-default elementor-section-height-default\" data-id=\"aa13d4d\" data-element_type=\"section\" data-e-type=\"section\" data-settings=\"{&quot;background_background&quot;:&quot;classic&quot;}\">\n\t\t\t\t\t\t<div class=\"elementor-container elementor-column-gap-default\">\n\t\t\t\t\t<div class=\"elementor-column elementor-col-50 elementor-top-column elementor-element elementor-element-5429248\" data-id=\"5429248\" data-element_type=\"column\" data-e-type=\"column\">\n\t\t\t<div class=\"elementor-widget-wrap elementor-element-populated\">\n\t\t\t\t\t\t<div class=\"elementor-element elementor-element-17fcfc8 elementor-widget elementor-widget-text-editor\" data-id=\"17fcfc8\" data-element_type=\"widget\" data-e-type=\"widget\" data-widget_type=\"text-editor.default\">\n\t\t\t\t\t\t\t\t\t<h2 style=\"color: white;\">Energie sparen?<\/h2><p>Wie mittlerweile jeder wei\u00df, sind die Energiepreise stark gestiegen. Und den meisten Menschen ist klar, dass sie jetzt zu Hause wirklich etwas tun m\u00fcssen, um ihre Energiekosten zu senken. Doch wie macht man das, wenn es k\u00e4lter wird und man normalerweise gedankenlos die Heizung um ein paar Grad h\u00f6her dreht? Zu Hause einen dicken Pullover tragen? Nein, es kann einfacher sein. Warmyou ist die Hilfe in diesen kalten Monaten.     <\/p>\t\t\t\t\t\t\t\t<\/div>\n\t\t\t\t\t<\/div>\n\t\t<\/div>\n\t\t\t\t<div class=\"elementor-column elementor-col-50 elementor-top-column elementor-element elementor-element-8fc08ae\" data-id=\"8fc08ae\" data-element_type=\"column\" data-e-type=\"column\">\n\t\t\t<div class=\"elementor-widget-wrap\">\n\t\t\t\t\t\t\t<\/div>\n\t\t<\/div>\n\t\t\t\t\t<\/div>\n\t\t<\/section>\n\t\t\t\t<section class=\"elementor-section elementor-top-section elementor-element elementor-element-b203794 elementor-section-boxed elementor-section-height-default elementor-section-height-default\" data-id=\"b203794\" data-element_type=\"section\" data-e-type=\"section\">\n\t\t\t\t\t\t<div class=\"elementor-container elementor-column-gap-default\">\n\t\t\t\t\t<div class=\"elementor-column elementor-col-100 elementor-top-column elementor-element elementor-element-10254ab\" data-id=\"10254ab\" data-element_type=\"column\" data-e-type=\"column\">\n\t\t\t<div class=\"elementor-widget-wrap elementor-element-populated\">\n\t\t\t\t\t\t<div class=\"elementor-element elementor-element-1469fef elementor-widget elementor-widget-text-editor\" data-id=\"1469fef\" data-element_type=\"widget\" data-e-type=\"widget\" data-widget_type=\"text-editor.default\">\n\t\t\t\t\t\t\t\t\t<p><strong>Die Energiepreise sind stark gestiegen!<\/strong><\/p><p>Wir bieten eine gro\u00dfe Auswahl an Produkten, die Sie in den kalten Monaten warm halten. Egal ob Sie eine Heizdecke, einen Fu\u00dfw\u00e4rmer oder ein anderes Produkt f\u00fcr die pers\u00f6nliche W\u00e4rme suchen, wir haben es in unserem Sortiment. Unsere Produkte sind von hoher Qualit\u00e4t und bieten Ihnen W\u00e4rme und Komfort. Auf diese Weise k\u00f6nnen Sie die Heizung stark herunterdrehen und Ihre Energiekosten senken. Dar\u00fcber hinaus sind unsere Produkte auch erschwinglich, sodass Sie nicht tief in die Tasche greifen m\u00fcssen, um es sch\u00f6n warm zu haben. Schauen Sie sich gerne auf unserer Website unser komplettes Sortiment an und lassen Sie sich von unseren Produkten \u00fcberraschen.     <\/p>\t\t\t\t\t\t\t\t<\/div>\n\t\t\t\t<div class=\"elementor-element elementor-element-6937347 elementor-widget elementor-widget-text-editor\" data-id=\"6937347\" data-element_type=\"widget\" data-e-type=\"widget\" data-widget_type=\"text-editor.default\">\n\t\t\t\t\t\t\t\t\t<p><strong>Was ist eine Heizdecke?<\/strong><br>Eine Heizdecke ist daher ein n\u00fctzliches Hilfsmittel, um in den kalten Wintermonaten warm zu bleiben. Es handelt sich um eine Decke, die Sie an der Verkabelung erw\u00e4rmen k\u00f6nnen, um es sch\u00f6n warm zu haben. Die Verkabelung ist mit einem Regler ausgestattet, mit dem Sie die Temperatur einstellen k\u00f6nnen, sodass Sie es immer sch\u00f6n warm haben. Dar\u00fcber hinaus ist unsere Heizdecke auch mit einer Sicherheitsautomatik ausgestattet, sodass sie sich nach maximal 3 Stunden automatisch abschaltet. Dadurch wird auch Energieverschwendung vermieden und Sie k\u00f6nnen sicher sein, dass Sie die Decke immer sicher verwenden.    <\/p>\t\t\t\t\t\t\t\t<\/div>\n\t\t\t\t\t<\/div>\n\t\t<\/div>\n\t\t\t\t\t<\/div>\n\t\t<\/section>\n\t\t\t\t<section class=\"elementor-section elementor-top-section elementor-element elementor-element-73e2076 elementor-section-boxed elementor-section-height-default elementor-section-height-default\" data-id=\"73e2076\" data-element_type=\"section\" data-e-type=\"section\">\n\t\t\t\t\t\t<div class=\"elementor-container elementor-column-gap-default\">\n\t\t\t\t\t<div class=\"elementor-column elementor-col-50 elementor-top-column elementor-element elementor-element-ca61ce8\" data-id=\"ca61ce8\" data-element_type=\"column\" data-e-type=\"column\">\n\t\t\t<div class=\"elementor-widget-wrap elementor-element-populated\">\n\t\t\t\t\t\t<div class=\"elementor-element elementor-element-1e79fc2 elementor-widget elementor-widget-text-editor\" data-id=\"1e79fc2\" data-element_type=\"widget\" data-e-type=\"widget\" data-widget_type=\"text-editor.default\">\n\t\t\t\t\t\t\t\t\t<p><strong>Wie viel Energie verbraucht eine Heizdecke?<\/strong><br>Bevor Sie sich zum Energiesparen eine Heizdecke kaufen, m\u00f6chten Sie wissen, wie viel Sie im Vergleich zu Ihrer herk\u00f6mmlichen Heizung einsparen k\u00f6nnen. Heutige Heizdecken sind deutlich langlebiger und qualitativ hochwertiger als fr\u00fcher und bei guter Pflege haben Sie etwa 10 Jahre Freude an Ihrer Heizdecke. <\/p><p>Eine 120-Watt-Heizdecke verbraucht durchschnittlich 0,12 kWh pro Stunde. Zu diesem Zeitpunkt (Dezember) zahlen Sie ca. 0,89 \u20ac Cent pro Kwh (pro Stunde)<br>Angenommen, Sie lassen die Heizdecke 4 Stunden am Tag eingeschaltet. Dann f\u00fchren wir eine Berechnung durch:<br>0,12 kWh x 4 Stunden = 0,48 kWh und dann 0,89 \u20ac x 0,48 kWh = 0,43 Cent pro 4 Stunden Stromkosten.  <\/p><p>Es ist also viel g\u00fcnstiger, als wenn Sie das ganze Haus mit dem Ofen heizen. Heutzutage zahlt man f\u00fcr einen Kubikmeter Gas fast 3 \u20ac und laut Milieucentraal verbraucht ein durchschnittlicher Haushalt 1.239 Kubikmeter Gas pro Jahr. Etwa 80 % Ihrer Energie verbrauchen Sie f\u00fcr die Beheizung Ihres Hauses. Angenommen, Sie haben die Heizung 6 Monate im Jahr eingeschaltet, dann kommen Sie zu folgender Berechnung:<br>1239 x 0,8 x 3,- \u20ac = 2963,60 \u20ac pro Jahr!   <\/p>\t\t\t\t\t\t\t\t<\/div>\n\t\t\t\t\t<\/div>\n\t\t<\/div>\n\t\t\t\t<div class=\"elementor-column elementor-col-50 elementor-top-column elementor-element elementor-element-3721b95\" data-id=\"3721b95\" data-element_type=\"column\" data-e-type=\"column\" data-settings=\"{&quot;background_background&quot;:&quot;classic&quot;}\">\n\t\t\t<div class=\"elementor-widget-wrap elementor-element-populated\">\n\t\t\t\t\t<div class=\"elementor-background-overlay\"><\/div>\n\t\t\t\t\t\t<div class=\"elementor-element elementor-element-606c61c elementor-widget elementor-widget-counter\" data-id=\"606c61c\" data-element_type=\"widget\" data-e-type=\"widget\" data-widget_type=\"counter.default\">\n\t\t\t\t\t\t\t<div class=\"elementor-counter\">\n\t\t\t<div class=\"elementor-counter-title\">heute gerettet!*<\/div>\t\t\t<div class=\"elementor-counter-number-wrapper\">\n\t\t\t\t<span class=\"elementor-counter-number-prefix\">\u20ac<\/span>\n\t\t\t\t<span class=\"elementor-counter-number\" data-duration=\"2000\" data-to-value=\"20.57\" data-from-value=\"0\" data-delimiter=\",\">0<\/span>\n\t\t\t\t<span class=\"elementor-counter-number-suffix\"><\/span>\n\t\t\t<\/div>\n\t\t<\/div>\n\t\t\t\t\t\t<\/div>\n\t\t\t\t<div class=\"elementor-element elementor-element-22a3a21 elementor-widget elementor-widget-text-editor\" data-id=\"22a3a21\" data-element_type=\"widget\" data-e-type=\"widget\" data-widget_type=\"text-editor.default\">\n\t\t\t\t\t\t\t\t\t<p>*Bei einem t\u00e4glichen Gasverbrauch von 7 m\u00b3 (bei 3 \u20ac pro m\u00b3) zum Heizen,<\/p><p>und 4 Stunden Nutzung unserer Heizdecke<\/p>\t\t\t\t\t\t\t\t<\/div>\n\t\t\t\t\t<\/div>\n\t\t<\/div>\n\t\t\t\t\t<\/div>\n\t\t<\/section>\n\t\t\t\t<section class=\"elementor-section elementor-top-section elementor-element elementor-element-85856ff elementor-section-boxed elementor-section-height-default elementor-section-height-default\" data-id=\"85856ff\" data-element_type=\"section\" data-e-type=\"section\">\n\t\t\t\t\t\t<div class=\"elementor-container elementor-column-gap-default\">\n\t\t\t\t\t<div class=\"elementor-column elementor-col-100 elementor-top-column elementor-element elementor-element-ee7d450\" data-id=\"ee7d450\" data-element_type=\"column\" data-e-type=\"column\">\n\t\t\t<div class=\"elementor-widget-wrap elementor-element-populated\">\n\t\t\t\t\t\t<div class=\"elementor-element elementor-element-e7539be elementor-widget elementor-widget-text-editor\" data-id=\"e7539be\" data-element_type=\"widget\" data-e-type=\"widget\" data-widget_type=\"text-editor.default\">\n\t\t\t\t\t\t\t\t\t<p><strong>Wenn Sie nach M\u00f6glichkeiten suchen, Energie zu sparen und es in den kalten Monaten trotzdem warm zu haben, empfehlen wir von Warmyou unsere eigenen Heizprodukte. Wie Sie in unseren vorherigen Antworten lesen k\u00f6nnen, k\u00f6nnen Sie mit unseren Heizdecken und anderen Heizprodukten viel Geld bei Ihrer Energierechnung sparen. Dar\u00fcber hinaus sind unsere Produkte von hoher Qualit\u00e4t und Sie werden viele Jahre Freude daran haben. Werfen Sie einen kurzen Blick auf unser Sortiment und w\u00e4hlen Sie das f\u00fcr Sie passende Produkt aus. Bei uns gibt es eine gro\u00dfe Auswahl, sodass f\u00fcr Sie immer etwas dabei ist. Bei Fragen oder Beratungsbedarf k\u00f6nnen Sie uns gerne kontaktieren. Wir helfen Ihnen gerne, die richtige Wahl zu treffen.      <\/strong><\/p>\t\t\t\t\t\t\t\t<\/div>\n\t\t\t\t\t<\/div>\n\t\t<\/div>\n\t\t\t\t\t<\/div>\n\t\t<\/section>\n\t\t\t\t<section class=\"elementor-section elementor-top-section elementor-element elementor-element-b079c29 elementor-section-stretched elementor-section-boxed elementor-section-height-default elementor-section-height-default\" data-id=\"b079c29\" data-element_type=\"section\" data-e-type=\"section\" data-settings=\"{&quot;background_background&quot;:&quot;classic&quot;,&quot;stretch_section&quot;:&quot;section-stretched&quot;}\">\n\t\t\t\t\t\t<div class=\"elementor-container elementor-column-gap-default\">\n\t\t\t\t\t<div class=\"elementor-column elementor-col-100 elementor-top-column elementor-element elementor-element-2d8cfb7\" data-id=\"2d8cfb7\" data-element_type=\"column\" data-e-type=\"column\">\n\t\t\t<div class=\"elementor-widget-wrap elementor-element-populated\">\n\t\t\t\t\t\t<div class=\"elementor-element elementor-element-5de1140 elementor-widget elementor-widget-heading\" data-id=\"5de1140\" data-element_type=\"widget\" data-e-type=\"widget\" data-widget_type=\"heading.default\">\n\t\t\t\t\t<h2 class=\"elementor-heading-title elementor-size-default\">Unsere Produkte<\/h2>\t\t\t\t<\/div>\n\t\t\t\t\t<\/div>\n\t\t<\/div>\n\t\t\t\t\t<\/div>\n\t\t<\/section>\n\t\t\t\t<\/div>\n\t\t","protected":false},"excerpt":{"rendered":"<p>Energie sparen? Wie mittlerweile jeder wei\u00df, sind die Energiepreise stark gestiegen. Und den meisten Menschen ist klar, dass sie jetzt zu Hause wirklich etwas tun m\u00fcssen, um ihre Energiekosten zu senken. Doch wie macht man das, wenn es k\u00e4lter wird und man normalerweise gedankenlos die Heizung um ein paar Grad h\u00f6her dreht? Zu Hause einen [&hellip;]<\/p>\n","protected":false},"author":1,"featured_media":27345,"parent":0,"menu_order":60,"comment_status":"closed","ping_status":"closed","template":"","meta":{"_acf_changed":false,"_seopress_robots_primary_cat":"","_seopress_titles_title":"Mit einer Heizdecke Energiekosten sparen","_seopress_titles_desc":"Eine Heizdecke ist praktisch, um Sie in den kalten Wintermonaten warm zu halten. Anstatt die Heizung im ganzen Haus einzuschalten, k\u00f6nnen Sie die Heizdecke auf Ihr Bett oder Sofa legen und die Temperatur nach Ihren W\u00fcnschen einstellen. So haben Sie es sch\u00f6n warm und sparen Energiekosten.  ","_seopress_robots_index":"","footnotes":""},"class_list":["post-27341","page","type-page","status-publish","has-post-thumbnail","hentry"],"acf":[],"_links":{"self":[{"href":"https:\/\/warmyou.eu\/de\/wp-json\/wp\/v2\/pages\/27341","targetHints":{"allow":["GET"]}}],"collection":[{"href":"https:\/\/warmyou.eu\/de\/wp-json\/wp\/v2\/pages"}],"about":[{"href":"https:\/\/warmyou.eu\/de\/wp-json\/wp\/v2\/types\/page"}],"author":[{"embeddable":true,"href":"https:\/\/warmyou.eu\/de\/wp-json\/wp\/v2\/users\/1"}],"replies":[{"embeddable":true,"href":"https:\/\/warmyou.eu\/de\/wp-json\/wp\/v2\/comments?post=27341"}],"version-history":[{"count":1,"href":"https:\/\/warmyou.eu\/de\/wp-json\/wp\/v2\/pages\/27341\/revisions"}],"predecessor-version":[{"id":27346,"href":"https:\/\/warmyou.eu\/de\/wp-json\/wp\/v2\/pages\/27341\/revisions\/27346"}],"wp:featuredmedia":[{"embeddable":true,"href":"https:\/\/warmyou.eu\/de\/wp-json\/wp\/v2\/media\/27345"}],"wp:attachment":[{"href":"https:\/\/warmyou.eu\/de\/wp-json\/wp\/v2\/media?parent=27341"}],"curies":[{"name":"wp","href":"https:\/\/api.w.org\/{rel}","templated":true}]}}