{"id":27350,"date":"2022-11-23T11:48:56","date_gmt":"2022-11-23T10:48:56","guid":{"rendered":"https:\/\/warmyou.eu\/bestellen-und-bezahlen\/"},"modified":"2025-07-07T09:32:04","modified_gmt":"2025-07-07T08:32:04","slug":"bestellen-und-bezahlen","status":"publish","type":"page","link":"https:\/\/warmyou.eu\/de\/bestellen-und-bezahlen\/","title":{"rendered":"Bestellen und bezahlen"},"content":{"rendered":"\t\t<div data-elementor-type=\"wp-page\" data-elementor-id=\"27350\" class=\"elementor elementor-27350 elementor-15178\" data-elementor-post-type=\"page\">\n\t\t\t\t\t\t<section class=\"elementor-section elementor-top-section elementor-element elementor-element-d651da3 elementor-section-boxed elementor-section-height-default elementor-section-height-default\" data-id=\"d651da3\" data-element_type=\"section\" data-e-type=\"section\">\n\t\t\t\t\t\t<div class=\"elementor-container elementor-column-gap-default\">\n\t\t\t\t\t<div class=\"elementor-column elementor-col-100 elementor-top-column elementor-element elementor-element-33d015d\" data-id=\"33d015d\" data-element_type=\"column\" data-e-type=\"column\">\n\t\t\t<div class=\"elementor-widget-wrap elementor-element-populated\">\n\t\t\t\t\t\t<section class=\"elementor-section elementor-inner-section elementor-element elementor-element-64984ff elementor-section-boxed elementor-section-height-default elementor-section-height-default\" data-id=\"64984ff\" data-element_type=\"section\" data-e-type=\"section\">\n\t\t\t\t\t\t<div class=\"elementor-container elementor-column-gap-default\">\n\t\t\t\t\t<div class=\"elementor-column elementor-col-50 elementor-inner-column elementor-element elementor-element-085299b\" data-id=\"085299b\" data-element_type=\"column\" data-e-type=\"column\">\n\t\t\t<div class=\"elementor-widget-wrap elementor-element-populated\">\n\t\t\t\t\t\t<div class=\"elementor-element elementor-element-755e936 elementor-widget elementor-widget-text-editor\" data-id=\"755e936\" data-element_type=\"widget\" data-e-type=\"widget\" data-widget_type=\"text-editor.default\">\n\t\t\t\t\t\t\t\t\t<h4>Wie gebe ich eine Bestellung auf?<\/h4><p>W\u00e4hlen Sie bei einem Produkt die Optionen aus und legen Sie das Produkt Ihrer Wahl durch einen Klick auf \u201eIn den Warenkorb\u201c in den Warenkorb. Klicken Sie anschlie\u00dfend auf \u201eWarenkorb anzeigen\u201c, um zur Kasse zu gelangen. Geben Sie Ihre Daten ein und f\u00fchren Sie die Schritte durch. Sie k\u00f6nnen optional einen Benutzernamen und ein Passwort eingeben (dies ist optional). Klicken Sie anschlie\u00dfend auf \u201eBestellung aufgeben\u201c. Nun kommen Sie zu den Zahlungsm\u00f6glichkeiten. Erst mit dem Bet\u00e4tigen des Buttons \u201eBestellung aufgeben\u201c ist Ihre Bestellung endg\u00fcltig.      <\/p>\t\t\t\t\t\t\t\t<\/div>\n\t\t\t\t<div class=\"elementor-element elementor-element-bcd29e6 elementor-widget elementor-widget-text-editor\" data-id=\"bcd29e6\" data-element_type=\"widget\" data-e-type=\"widget\" data-widget_type=\"text-editor.default\">\n\t\t\t\t\t\t\t\t\t<h4>Kann ich meine Bestellung an eine andere Adresse liefern lassen?<\/h4><p>Ja, das ist m\u00f6glich. Sie k\u00f6nnen uns im Rahmen des Bestellvorgangs bei der Eingabe Ihrer pers\u00f6nlichen Daten eine abweichende Lieferadresse mitteilen. Sollten Sie eine andere Lieferadresse gew\u00e4hlt haben, erfolgt die Rechnungsstellung an die Lieferadresse. Der Preis ist hier angegeben. Die Rechnung wird zus\u00e4tzlich an die angegebene E-Mail-Adresse gesendet.    <\/p>\t\t\t\t\t\t\t\t<\/div>\n\t\t\t\t<div class=\"elementor-element elementor-element-eb239a6 elementor-widget elementor-widget-image\" data-id=\"eb239a6\" data-element_type=\"widget\" data-e-type=\"widget\" data-widget_type=\"image.default\">\n\t\t\t\t\t\t\t\t\t\t\t\t\t\t\t<img decoding=\"async\" width=\"750\" height=\"750\" src=\"https:\/\/warmyou.eu\/wp-content\/uploads\/2022\/05\/ob204.webp\" class=\"attachment-large size-large wp-image-29188\" alt=\"\" srcset=\"https:\/\/warmyou.eu\/wp-content\/uploads\/2022\/05\/ob204.webp 750w, https:\/\/warmyou.eu\/wp-content\/uploads\/2022\/05\/ob204-300x300.webp 300w, https:\/\/warmyou.eu\/wp-content\/uploads\/2022\/05\/ob204-100x100.webp 100w, https:\/\/warmyou.eu\/wp-content\/uploads\/2022\/05\/ob204-600x600.webp 600w, https:\/\/warmyou.eu\/wp-content\/uploads\/2022\/05\/ob204-150x150.webp 150w\" sizes=\"(max-width: 750px) 100vw, 750px\" \/>\t\t\t\t\t\t\t\t\t\t\t\t\t\t\t<\/div>\n\t\t\t\t\t<\/div>\n\t\t<\/div>\n\t\t\t\t<div class=\"elementor-column elementor-col-50 elementor-inner-column elementor-element elementor-element-1295800\" data-id=\"1295800\" data-element_type=\"column\" data-e-type=\"column\">\n\t\t\t<div class=\"elementor-widget-wrap elementor-element-populated\">\n\t\t\t\t\t\t<div class=\"elementor-element elementor-element-77ffce9 elementor-widget elementor-widget-text-editor\" data-id=\"77ffce9\" data-element_type=\"widget\" data-e-type=\"widget\" data-widget_type=\"text-editor.default\">\n\t\t\t\t\t\t\t\t\t<h4>Kann ich meine Bestellung auch abholen?<\/h4><p>Eine Abholung Ihrer Bestellung ist nicht m\u00f6glich. Die Bestellung kann nur an Sie versendet werden. <\/p>\t\t\t\t\t\t\t\t<\/div>\n\t\t\t\t<div class=\"elementor-element elementor-element-56b2182 elementor-widget elementor-widget-text-editor\" data-id=\"56b2182\" data-element_type=\"widget\" data-e-type=\"widget\" data-widget_type=\"text-editor.default\">\n\t\t\t\t\t\t\t\t\t<h4>Bekomme ich eine Nachricht, wenn ich eine Bestellung aufgegeben habe?<\/h4><p>Kurz nach Ihrer Bestellung erhalten Sie eine Bestellbest\u00e4tigung aus unserem System. Wenn Sie Ihre Bestellung bereits bezahlt haben, beispielsweise \u00fcber iDeal oder PayPal, wird die Bestellung sofort bearbeitet. Erfolgt dies an einem Werktag vor 15:00 Uhr, wird Ihre Bestellung in der Regel am n\u00e4chsten Tag versendet. Bei Zahlungen per Bank\u00fcberweisung oder aus dem Ausland kann es 1-2 Werktage dauern, bis Ihre Zahlung bei uns eingeht. Sobald Ihre Zahlung auf unserem Konto eingegangen ist, wird Ihre Bestellung umgehend bearbeitet.    <\/p>\t\t\t\t\t\t\t\t<\/div>\n\t\t\t\t<div class=\"elementor-element elementor-element-8f743fa elementor-widget elementor-widget-text-editor\" data-id=\"8f743fa\" data-element_type=\"widget\" data-e-type=\"widget\" data-widget_type=\"text-editor.default\">\n\t\t\t\t\t\t\t\t\t<h4>Kann ich eine Bestellung \u00e4ndern oder stornieren?<\/h4><p>\u00dcberpr\u00fcfen Sie Ihre Bestellung und Angaben immer sorgf\u00e4ltig, bevor Sie die Bestellung abschlie\u00dfen. Bereits fakturierte Bestellungen k\u00f6nnen nicht mehr ge\u00e4ndert oder storniert werden. Wir raten Ihnen, sich schnellstm\u00f6glich mit unserem Kundenservice in Verbindung zu setzen, dann werden wir versuchen, Ihnen weiterzuhelfen.  <\/p>\t\t\t\t\t\t\t\t<\/div>\n\t\t\t\t<div class=\"elementor-element elementor-element-de39e44 elementor-widget elementor-widget-text-editor\" data-id=\"de39e44\" data-element_type=\"widget\" data-e-type=\"widget\" data-widget_type=\"text-editor.default\">\n\t\t\t\t\t\t\t\t\t<h4>Kann ich bei Warmyou.eu sicher bestellen?<\/h4><p>\u00dcber unsere Seite k\u00f6nnen Sie sicher und sorgenfrei bestellen. Bitte beachten Sie hierzu unsere <a href=\"https:\/\/warmyou.eu\/de\/erklaerung-zum-datenschutz\/\">Datenschutzerkl\u00e4rung.<\/a> <\/p>\t\t\t\t\t\t\t\t<\/div>\n\t\t\t\t<div class=\"elementor-element elementor-element-06549ef elementor-widget elementor-widget-text-editor\" data-id=\"06549ef\" data-element_type=\"widget\" data-e-type=\"widget\" data-widget_type=\"text-editor.default\">\n\t\t\t\t\t\t\t\t\t<h4>Welche Zahlungsm\u00f6glichkeiten bieten Sie an?<\/h4><p>iDEAL<\/p><p>Mit iDeal k\u00f6nnen Sie Ihre Online-Eink\u00e4ufe auf vertraute, sichere und einfache Weise bezahlen. Sie bezahlen in Ihrer vertrauten Internet-Zahlungsumgebung, basierend auf den spezifischen Sicherheitsmethoden Ihrer eigenen Bank. <\/p><p> <\/p><p>\u00dcberweisen<\/p><p>Sie erhalten zus\u00e4tzlich eine E-Mail mit Hinweisen zur Zahlung per Bank\u00fcberweisung. Die Zahlung muss innerhalb von 3 Tagen erfolgen. <\/p>\t\t\t\t\t\t\t\t<\/div>\n\t\t\t\t\t<\/div>\n\t\t<\/div>\n\t\t\t\t\t<\/div>\n\t\t<\/section>\n\t\t\t\t\t<\/div>\n\t\t<\/div>\n\t\t\t\t\t<\/div>\n\t\t<\/section>\n\t\t\t\t<\/div>\n\t\t","protected":false},"excerpt":{"rendered":"<p>Wie gebe ich eine Bestellung auf? W\u00e4hlen Sie bei einem Produkt die Optionen aus und legen Sie das Produkt Ihrer Wahl durch einen Klick auf \u201eIn den Warenkorb\u201c in den Warenkorb. Klicken Sie anschlie\u00dfend auf \u201eWarenkorb anzeigen\u201c, um zur Kasse zu gelangen. Geben Sie Ihre Daten ein und f\u00fchren Sie die Schritte durch. Sie k\u00f6nnen [&hellip;]<\/p>\n","protected":false},"author":1,"featured_media":0,"parent":0,"menu_order":80,"comment_status":"closed","ping_status":"closed","template":"","meta":{"_acf_changed":false,"_seopress_robots_primary_cat":"","_seopress_titles_title":"","_seopress_titles_desc":"","_seopress_robots_index":"","footnotes":""},"class_list":["post-27350","page","type-page","status-publish","hentry"],"acf":[],"_links":{"self":[{"href":"https:\/\/warmyou.eu\/de\/wp-json\/wp\/v2\/pages\/27350","targetHints":{"allow":["GET"]}}],"collection":[{"href":"https:\/\/warmyou.eu\/de\/wp-json\/wp\/v2\/pages"}],"about":[{"href":"https:\/\/warmyou.eu\/de\/wp-json\/wp\/v2\/types\/page"}],"author":[{"embeddable":true,"href":"https:\/\/warmyou.eu\/de\/wp-json\/wp\/v2\/users\/1"}],"replies":[{"embeddable":true,"href":"https:\/\/warmyou.eu\/de\/wp-json\/wp\/v2\/comments?post=27350"}],"version-history":[{"count":1,"href":"https:\/\/warmyou.eu\/de\/wp-json\/wp\/v2\/pages\/27350\/revisions"}],"predecessor-version":[{"id":27351,"href":"https:\/\/warmyou.eu\/de\/wp-json\/wp\/v2\/pages\/27350\/revisions\/27351"}],"wp:attachment":[{"href":"https:\/\/warmyou.eu\/de\/wp-json\/wp\/v2\/media?parent=27350"}],"curies":[{"name":"wp","href":"https:\/\/api.w.org\/{rel}","templated":true}]}}