{"id":27356,"date":"2022-10-21T14:33:59","date_gmt":"2022-10-21T13:33:59","guid":{"rendered":"https:\/\/warmyou.eu\/versand-und-ruecksendungen\/"},"modified":"2025-07-07T09:35:37","modified_gmt":"2025-07-07T08:35:37","slug":"versand-und-ruecksendungen","status":"publish","type":"page","link":"https:\/\/warmyou.eu\/de\/versand-und-ruecksendungen\/","title":{"rendered":"Versand und R\u00fccksendungen"},"content":{"rendered":"\t\t<div data-elementor-type=\"wp-page\" data-elementor-id=\"27356\" class=\"elementor elementor-27356 elementor-14948\" data-elementor-post-type=\"page\">\n\t\t\t\t\t\t<section class=\"elementor-section elementor-top-section elementor-element elementor-element-d651da3 elementor-section-boxed elementor-section-height-default elementor-section-height-default\" data-id=\"d651da3\" data-element_type=\"section\" data-e-type=\"section\">\n\t\t\t\t\t\t<div class=\"elementor-container elementor-column-gap-default\">\n\t\t\t\t\t<div class=\"elementor-column elementor-col-100 elementor-top-column elementor-element elementor-element-33d015d\" data-id=\"33d015d\" data-element_type=\"column\" data-e-type=\"column\">\n\t\t\t<div class=\"elementor-widget-wrap elementor-element-populated\">\n\t\t\t\t\t\t<section class=\"elementor-section elementor-inner-section elementor-element elementor-element-64984ff elementor-section-boxed elementor-section-height-default elementor-section-height-default\" data-id=\"64984ff\" data-element_type=\"section\" data-e-type=\"section\">\n\t\t\t\t\t\t<div class=\"elementor-container elementor-column-gap-default\">\n\t\t\t\t\t<div class=\"elementor-column elementor-col-50 elementor-inner-column elementor-element elementor-element-085299b\" data-id=\"085299b\" data-element_type=\"column\" data-e-type=\"column\">\n\t\t\t<div class=\"elementor-widget-wrap elementor-element-populated\">\n\t\t\t\t\t\t<div class=\"elementor-element elementor-element-755e936 elementor-widget elementor-widget-text-editor\" data-id=\"755e936\" data-element_type=\"widget\" data-e-type=\"widget\" data-widget_type=\"text-editor.default\">\n\t\t\t\t\t\t\t\t\t<h4>Wie lange dauert die Lieferung meiner Bestellung?<\/h4>\n<p>Wenn Sie eine Bestellung aufgegeben und sofort (vor 21:00 Uhr) bezahlt haben, wird Ihre Bestellung noch am selben Tag bearbeitet und in den meisten F\u00e4llen auch dem Zusteller angeboten. Ihr Paket ist somit schnell auf dem Weg zu Ihnen.<br>Wenn dies nach 21:00 Uhr geschieht, m\u00fcssen Sie mit einer zus\u00e4tzlichen Dauer von einem Tag rechnen.<br>Am Wochenende (wir haben ja auch frei) werden keine Pakete f\u00fcr den Versand vorbereitet. Am Montag bist du der Erste, f\u00fcr den wir das Paket gerne vorbereiten. In sehr seltenen F\u00e4llen dauert der Paketversand etwas l\u00e4nger, da wir keinen Einfluss auf den Lieferdienst haben, der dies f\u00fcr uns organisiert.   <\/p>\t\t\t\t\t\t\t\t<\/div>\n\t\t\t\t<div class=\"elementor-element elementor-element-bcd29e6 elementor-widget__width-initial elementor-widget elementor-widget-text-editor\" data-id=\"bcd29e6\" data-element_type=\"widget\" data-e-type=\"widget\" data-widget_type=\"text-editor.default\">\n\t\t\t\t\t\t\t\t\t<h4>Wie hoch sind die Versandkosten f\u00fcr meine Bestellung?<\/h4><p>Bei Bestellungen \u00fcber 50 \u20ac ist der Versand kostenlos. F\u00fcr den Versand von Bestellungen unter 50 \u20ac berechnen wir 3,95 \u20ac. Dies ist ein Teil der Gesamtkosten, der Rest geht auf uns!  <\/p>\t\t\t\t\t\t\t\t<\/div>\n\t\t\t\t<div class=\"elementor-element elementor-element-77ffce9 elementor-widget elementor-widget-text-editor\" data-id=\"77ffce9\" data-element_type=\"widget\" data-e-type=\"widget\" data-widget_type=\"text-editor.default\">\n\t\t\t\t\t\t\t\t\t<h4><strong>Kann meine Bestellung auch an eine andere Adresse geliefert werden?<\/strong><\/h4><p>Ja, das ist durchaus m\u00f6glich. Sie k\u00f6nnen bei der Bestellung im Rahmen der Eingabe Ihrer eigenen Adressdaten auch eine andere Lieferadresse angeben. Wenn Sie dieses Feld ausf\u00fcllen, erscheint diese Adresse auf dem Lieferschein und das Paket wird dorthin und nicht an Ihre eigene Adresse gesendet. Die Rechnung wird dann an die von Ihnen angegebene E-Mail-Adresse gesendet. Das ist ganz einfach!    <\/p>\t\t\t\t\t\t\t\t<\/div>\n\t\t\t\t<div class=\"elementor-element elementor-element-56b2182 elementor-widget elementor-widget-text-editor\" data-id=\"56b2182\" data-element_type=\"widget\" data-e-type=\"widget\" data-widget_type=\"text-editor.default\">\n\t\t\t\t\t\t\t\t\t<h4>Ist es m\u00f6glich, meine Bestellung zu verfolgen?<\/h4><p>Das ist nat\u00fcrlich m\u00f6glich. Alle unsere Sendungen werden standardm\u00e4\u00dfig mit einem Track-and-Trace-Code geliefert. Es ist praktisch zu wissen, wo sich Ihr Paket befindet.  <\/p>\t\t\t\t\t\t\t\t<\/div>\n\t\t\t\t\t<\/div>\n\t\t<\/div>\n\t\t\t\t<div class=\"elementor-column elementor-col-50 elementor-inner-column elementor-element elementor-element-1295800\" data-id=\"1295800\" data-element_type=\"column\" data-e-type=\"column\">\n\t\t\t<div class=\"elementor-widget-wrap elementor-element-populated\">\n\t\t\t\t\t\t<div class=\"elementor-element elementor-element-8f743fa elementor-widget elementor-widget-text-editor\" data-id=\"8f743fa\" data-element_type=\"widget\" data-e-type=\"widget\" data-widget_type=\"text-editor.default\">\n\t\t\t\t\t\t\t\t\t<h4>Wie viele Tage habe ich Zeit, meine Bestellung zur\u00fcckzusenden?<\/h4><p>Sollte Ihnen das Produkt nicht gefallen, optisch nicht gefallen oder aus sonstigen Gr\u00fcnden eine R\u00fccksendung erforderlich sein, k\u00f6nnen Sie es innerhalb von 14 Tagen nach Erhalt des Pakets von uns zur\u00fcckgeben (Widerrufsrecht). Sie haben dann 14 Tage Zeit, das Produkt zur\u00fcckzusenden. Bitte beachten Sie! Wenn das Produkt besch\u00e4digt ist oder die Verpackung st\u00e4rker besch\u00e4digt ist, als es zum Ausprobieren des Produkts erforderlich ist, k\u00f6nnen wir Ihnen diese Wertminderung des Produkts in Rechnung stellen. Behandeln Sie das Produkt daher sorgf\u00e4ltig und sorgen Sie f\u00fcr eine ordnungsgem\u00e4\u00dfe Verpackung bei der R\u00fccksendung.    <\/p>\t\t\t\t\t\t\t\t<\/div>\n\t\t\t\t<div class=\"elementor-element elementor-element-de39e44 elementor-widget elementor-widget-text-editor\" data-id=\"de39e44\" data-element_type=\"widget\" data-e-type=\"widget\" data-widget_type=\"text-editor.default\">\n\t\t\t\t\t\t\t\t\t<h4>Wer tr\u00e4gt die R\u00fccksendekosten?<\/h4><p>Wenn Sie das Produkt zur\u00fccksenden, erstatten wir Ihnen den Kaufpreis f\u00fcr die von Ihnen zur\u00fcckgegebenen Produkte. Die Kosten f\u00fcr die R\u00fccksendung des Pakets gehen (leider) zu Ihren Lasten. Die Kosten h\u00e4ngen von der Gr\u00f6\u00dfe\/dem Gewicht des Pakets ab.  <\/p>\t\t\t\t\t\t\t\t<\/div>\n\t\t\t\t<div class=\"elementor-element elementor-element-06549ef elementor-widget elementor-widget-text-editor\" data-id=\"06549ef\" data-element_type=\"widget\" data-e-type=\"widget\" data-widget_type=\"text-editor.default\">\n\t\t\t\t\t\t\t\t\t<h4>Angenommen, ich bekomme mein Geld von Ihnen zur\u00fcck, wie lange wird das dauern?<\/h4><p>Sobald Ihre R\u00fccksendung bei uns eingetroffen ist, \u00fcberweisen wir Ihnen schnellstm\u00f6glich (sp\u00e4testens innerhalb von 5 Tagen) das Geld zur\u00fcck. Dies erfolgt dann auf die gleiche Kontonummer, mit der Sie die Zahlung an uns get\u00e4tigt haben. <\/p>\t\t\t\t\t\t\t\t<\/div>\n\t\t\t\t<div class=\"elementor-element elementor-element-e334665 elementor-widget elementor-widget-text-editor\" data-id=\"e334665\" data-element_type=\"widget\" data-e-type=\"widget\" data-widget_type=\"text-editor.default\">\n\t\t\t\t\t\t\t\t\t<h4>R\u00fcckmeldeanmeldungen<\/h4><p>Bitte gehen Sie auf unsere Seite <strong><a href=\"https:\/\/warmyou.eu\/de\/registrieren-sie-eine-retoure\/\">\u201eR\u00fccksendungsanmeldung\u201c<\/a><\/strong>, lesen Sie die Bedingungen sorgf\u00e4ltig durch und melden Sie Ihre R\u00fccksendung anschlie\u00dfend hier an. Anschlie\u00dfend erhalten Sie von uns per E-Mail eine R\u00fccksendeadresse. <\/p>\t\t\t\t\t\t\t\t<\/div>\n\t\t\t\t<div class=\"elementor-element elementor-element-32be612 elementor-widget elementor-widget-button\" data-id=\"32be612\" data-element_type=\"widget\" data-e-type=\"widget\" data-widget_type=\"button.default\">\n\t\t\t\t\t\t\t\t\t\t<a class=\"elementor-button elementor-button-link elementor-size-sm\" href=\"https:\/\/warmyou.eu\/de\/registrieren-sie-eine-retoure\/\">\n\t\t\t\t\t\t<span class=\"elementor-button-content-wrapper\">\n\t\t\t\t\t\t\t\t\t<span class=\"elementor-button-text\">Registrieren Sie eine Retoure<\/span>\n\t\t\t\t\t<\/span>\n\t\t\t\t\t<\/a>\n\t\t\t\t\t\t\t\t<\/div>\n\t\t\t\t<div class=\"elementor-element elementor-element-4a9c5a1 elementor-widget elementor-widget-text-editor\" data-id=\"4a9c5a1\" data-element_type=\"widget\" data-e-type=\"widget\" data-widget_type=\"text-editor.default\">\n\t\t\t\t\t\t\t\t\t<h4>Was passiert, wenn das Produkt defekt ist oder ich eine falsche Lieferung erhalte?<\/h4><p>Sollte tats\u00e4chlich einmal etwas mit dem von Ihnen bestellten Produkt nicht in Ordnung sein, k\u00fcmmern wir uns gerne um eine fachgerechte und saubere L\u00f6sung mit Ihnen. Bitte wenden Sie sich an unsere Serviceabteilung, wir helfen Ihnen gerne weiter. Kein Problem!  <\/p>\t\t\t\t\t\t\t\t<\/div>\n\t\t\t\t\t<\/div>\n\t\t<\/div>\n\t\t\t\t\t<\/div>\n\t\t<\/section>\n\t\t\t\t\t<\/div>\n\t\t<\/div>\n\t\t\t\t\t<\/div>\n\t\t<\/section>\n\t\t\t\t<\/div>\n\t\t","protected":false},"excerpt":{"rendered":"<p>Wie lange dauert die Lieferung meiner Bestellung? Wenn Sie eine Bestellung aufgegeben und sofort (vor 21:00 Uhr) bezahlt haben, wird Ihre Bestellung noch am selben Tag bearbeitet und in den meisten F\u00e4llen auch dem Zusteller angeboten. Ihr Paket ist somit schnell auf dem Weg zu Ihnen.Wenn dies nach 21:00 Uhr geschieht, m\u00fcssen Sie mit einer [&hellip;]<\/p>\n","protected":false},"author":1,"featured_media":0,"parent":0,"menu_order":80,"comment_status":"closed","ping_status":"closed","template":"","meta":{"_acf_changed":false,"_seopress_robots_primary_cat":"","_seopress_titles_title":"","_seopress_titles_desc":"","_seopress_robots_index":"","footnotes":""},"class_list":["post-27356","page","type-page","status-publish","hentry"],"acf":[],"_links":{"self":[{"href":"https:\/\/warmyou.eu\/de\/wp-json\/wp\/v2\/pages\/27356","targetHints":{"allow":["GET"]}}],"collection":[{"href":"https:\/\/warmyou.eu\/de\/wp-json\/wp\/v2\/pages"}],"about":[{"href":"https:\/\/warmyou.eu\/de\/wp-json\/wp\/v2\/types\/page"}],"author":[{"embeddable":true,"href":"https:\/\/warmyou.eu\/de\/wp-json\/wp\/v2\/users\/1"}],"replies":[{"embeddable":true,"href":"https:\/\/warmyou.eu\/de\/wp-json\/wp\/v2\/comments?post=27356"}],"version-history":[{"count":1,"href":"https:\/\/warmyou.eu\/de\/wp-json\/wp\/v2\/pages\/27356\/revisions"}],"predecessor-version":[{"id":27357,"href":"https:\/\/warmyou.eu\/de\/wp-json\/wp\/v2\/pages\/27356\/revisions\/27357"}],"wp:attachment":[{"href":"https:\/\/warmyou.eu\/de\/wp-json\/wp\/v2\/media?parent=27356"}],"curies":[{"name":"wp","href":"https:\/\/api.w.org\/{rel}","templated":true}]}}