{"id":27358,"date":"2022-10-12T14:05:06","date_gmt":"2022-10-12T13:05:06","guid":{"rendered":"https:\/\/warmyou.eu\/haftungsausschluss\/"},"modified":"2025-07-07T09:37:19","modified_gmt":"2025-07-07T08:37:19","slug":"haftungsausschluss","status":"publish","type":"page","link":"https:\/\/warmyou.eu\/de\/haftungsausschluss\/","title":{"rendered":"Haftungsausschluss"},"content":{"rendered":"\t\t<div data-elementor-type=\"wp-page\" data-elementor-id=\"27358\" class=\"elementor elementor-27358 elementor-14683\" data-elementor-post-type=\"page\">\n\t\t\t\t\t\t<section class=\"elementor-section elementor-top-section elementor-element elementor-element-3812f07 elementor-section-boxed elementor-section-height-default elementor-section-height-default\" data-id=\"3812f07\" data-element_type=\"section\" data-e-type=\"section\">\n\t\t\t\t\t\t<div class=\"elementor-container elementor-column-gap-default\">\n\t\t\t\t\t<div class=\"elementor-column elementor-col-100 elementor-top-column elementor-element elementor-element-a62b614\" data-id=\"a62b614\" data-element_type=\"column\" data-e-type=\"column\">\n\t\t\t<div class=\"elementor-widget-wrap elementor-element-populated\">\n\t\t\t\t\t\t<div class=\"elementor-element elementor-element-2dc6b5e elementor-widget elementor-widget-text-editor\" data-id=\"2dc6b5e\" data-element_type=\"widget\" data-e-type=\"widget\" data-widget_type=\"text-editor.default\">\n\t\t\t\t\t\t\t\t\t<p>F\u00fcr die Nutzung dieser Website (www.warmyou.eu) gelten die nachfolgenden Nutzungsbedingungen. Durch die Nutzung dieser Website erkl\u00e4ren Sie sich mit den Nutzungsbedingungen einverstanden. <\/p><p> <\/p><p><strong>Verwendung von Informationen<\/strong><br>Maroy BV ist bestrebt, auf dieser Website stets richtige und aktuelle Informationen bereitzustellen. Obwohl diese Informationen mit gr\u00f6\u00dftm\u00f6glicher Sorgfalt zusammengestellt wurden, \u00fcbernimmt Maroy BV keine Garantie f\u00fcr die Vollst\u00e4ndigkeit, Richtigkeit oder Aktualit\u00e4t der Informationen. Die rechtlichen Informationen auf der Website sind allgemeiner Natur und k\u00f6nnen nicht als Ersatz f\u00fcr eine Rechtsberatung angesehen werden.  <\/p><p> <\/p><p>Aus den Informationen k\u00f6nnen keine Rechte abgeleitet werden. Maroy BV \u00fcbernimmt keine Haftung f\u00fcr Sch\u00e4den, die sich aus der Nutzung der Informationen oder der Website ergeben, noch f\u00fcr Fehlfunktionen der Website.<br>Durch das Senden und Empfangen von Informationen \u00fcber die Website oder per E-Mail kann keine Beziehung zwischen Maroy BV und dem Benutzer der Website hergestellt werden. <\/p><p> <\/p><p><strong>E-Mail<\/strong><br>Maroy BV \u00fcbernimmt keine Garantie daf\u00fcr, dass an sie gesendete E-Mails (rechtzeitig) empfangen oder bearbeitet werden, da der rechtzeitige Empfang von E-Mails nicht garantiert werden kann. Die Sicherheit des E-Mail-Verkehrs kann aufgrund der damit verbundenen Sicherheitsrisiken nicht vollst\u00e4ndig gew\u00e4hrleistet werden. Indem Sie mit Maroy BV per E-Mail ohne Verschl\u00fcsselung oder Passwortschutz korrespondieren, akzeptieren Sie dieses Risiko.  <\/p><p> <\/p><p><strong>Hyperlinks<\/strong><br>Diese Website kann Hyperlinks zu Websites Dritter enthalten. Maroy BV hat keinen Einfluss auf Websites Dritter und ist nicht f\u00fcr deren Verf\u00fcgbarkeit oder Inhalt verantwortlich. Maroy BV \u00fcbernimmt daher keine Haftung f\u00fcr Sch\u00e4den, die durch die Nutzung von Websites Dritter entstehen.  <\/p><p> <\/p><p><strong>Geistige Eigentumsrechte<\/strong><br>Alle Ver\u00f6ffentlichungen und \u00c4u\u00dferungen von Maroy BV sind durch Urheberrechte und andere Rechte am geistigen Eigentum gesch\u00fctzt. Au\u00dfer f\u00fcr den pers\u00f6nlichen und nicht-kommerziellen Gebrauch darf nichts aus diesen Ver\u00f6ffentlichungen und Ausdr\u00fccken ohne vorherige schriftliche Zustimmung von Maroy BV reproduziert, kopiert oder auf andere Weise \u00f6ffentlich gemacht werden.  <\/p>\t\t\t\t\t\t\t\t<\/div>\n\t\t\t\t\t<\/div>\n\t\t<\/div>\n\t\t\t\t\t<\/div>\n\t\t<\/section>\n\t\t\t\t<section class=\"elementor-section elementor-top-section elementor-element elementor-element-696b6e1 elementor-section-boxed elementor-section-height-default elementor-section-height-default\" data-id=\"696b6e1\" data-element_type=\"section\" data-e-type=\"section\">\n\t\t\t\t\t\t<div class=\"elementor-container elementor-column-gap-default\">\n\t\t\t\t\t<div class=\"elementor-column elementor-col-100 elementor-top-column elementor-element elementor-element-fca68f3\" data-id=\"fca68f3\" data-element_type=\"column\" data-e-type=\"column\">\n\t\t\t<div class=\"elementor-widget-wrap\">\n\t\t\t\t\t\t\t<\/div>\n\t\t<\/div>\n\t\t\t\t\t<\/div>\n\t\t<\/section>\n\t\t\t\t<\/div>\n\t\t","protected":false},"excerpt":{"rendered":"<p>F\u00fcr die Nutzung dieser Website (www.warmyou.eu) gelten die nachfolgenden Nutzungsbedingungen. Durch die Nutzung dieser Website erkl\u00e4ren Sie sich mit den Nutzungsbedingungen einverstanden. Verwendung von InformationenMaroy BV ist bestrebt, auf dieser Website stets richtige und aktuelle Informationen bereitzustellen. Obwohl diese Informationen mit gr\u00f6\u00dftm\u00f6glicher Sorgfalt zusammengestellt wurden, \u00fcbernimmt Maroy BV keine Garantie f\u00fcr die Vollst\u00e4ndigkeit, Richtigkeit oder [&hellip;]<\/p>\n","protected":false},"author":1,"featured_media":0,"parent":0,"menu_order":90,"comment_status":"closed","ping_status":"closed","template":"","meta":{"_acf_changed":false,"_seopress_robots_primary_cat":"","_seopress_titles_title":"","_seopress_titles_desc":"","_seopress_robots_index":"","footnotes":""},"class_list":["post-27358","page","type-page","status-publish","hentry"],"acf":[],"_links":{"self":[{"href":"https:\/\/warmyou.eu\/de\/wp-json\/wp\/v2\/pages\/27358","targetHints":{"allow":["GET"]}}],"collection":[{"href":"https:\/\/warmyou.eu\/de\/wp-json\/wp\/v2\/pages"}],"about":[{"href":"https:\/\/warmyou.eu\/de\/wp-json\/wp\/v2\/types\/page"}],"author":[{"embeddable":true,"href":"https:\/\/warmyou.eu\/de\/wp-json\/wp\/v2\/users\/1"}],"replies":[{"embeddable":true,"href":"https:\/\/warmyou.eu\/de\/wp-json\/wp\/v2\/comments?post=27358"}],"version-history":[{"count":1,"href":"https:\/\/warmyou.eu\/de\/wp-json\/wp\/v2\/pages\/27358\/revisions"}],"predecessor-version":[{"id":27359,"href":"https:\/\/warmyou.eu\/de\/wp-json\/wp\/v2\/pages\/27358\/revisions\/27359"}],"wp:attachment":[{"href":"https:\/\/warmyou.eu\/de\/wp-json\/wp\/v2\/media?parent=27358"}],"curies":[{"name":"wp","href":"https:\/\/api.w.org\/{rel}","templated":true}]}}