{"id":26422,"date":"2023-05-05T13:35:36","date_gmt":"2023-05-05T12:35:36","guid":{"rendered":"https:\/\/warmyou.eu\/product\/warmyou-hugme-elektrischer-nacken-rueckenwaermer-waermekissen-vlies-3-positionen-60x90cm-anthrazit\/"},"modified":"2026-01-12T21:10:16","modified_gmt":"2026-01-12T20:10:16","slug":"warmyou-hugme-elektrischer-nacken-rueckenwaermer-waermekissen-vlies-3-positionen-60x90cm-anthrazit","status":"publish","type":"product","link":"https:\/\/warmyou.eu\/de\/produkt\/warmyou-hugme-elektrischer-nacken-rueckenwaermer-waermekissen-vlies-3-positionen-60x90cm-anthrazit\/","title":{"rendered":"Elektrisches Heizkissen f\u00fcr Nacken\/R\u00fccken, 60x90cm, 9 Heizstufen, Warmyou Hugme, anthrazit"},"content":{"rendered":"<h1>Hugme W\u00e4rmekissen \u2013 gezielte W\u00e4rme f\u00fcr Nacken, Schultern und R\u00fccken<\/h1>\n<p data-start=\"238\" data-end=\"557\">Leiden Sie unter Muskelkater, Kr\u00e4mpfen oder brauchen Sie einfach Entspannung? Das<g id=\"gid_0\"> Hugme<\/g> von Warmyou.eu ist ein komfortables Heizkissen speziell f\u00fcr Nacken, Schultern und R\u00fccken. Mit neun leicht einstellbaren Heizstufen k\u00f6nnen Sie die gew\u00fcnschte W\u00e4rme w\u00e4hlen \u2013 ideal bei Muskelkater, kalten Tagen oder im Homeoffice.  <\/p>\n<p data-start=\"559\" data-end=\"829\">Dank des abnehmbaren Controllers l\u00e4sst sich das Kissen leicht waschen und die automatische Abschaltung nach 90 Minuten sorgt f\u00fcr zus\u00e4tzliche Sicherheit. Egal, ob Sie auf der Couch entspannen oder in einem zugigen Raum arbeiten, das Hugme h\u00e4lt Ihren Oberk\u00f6rper wunderbar warm und entspannt. <\/p>\n<h3>Warum dieses W\u00e4rmekissen f\u00fcr Nacken und Schultern?<\/h3>\n<div class=\"row\">\n<div class=\"col-xs-12 col-sm-6\">\n<div class=\"col-xs-12 col-sm-6\">\n<ul>\n<li>Wunderbar<strong> weiches Fleece<\/strong><\/li>\n<li>Optimale Passform durch <strong>Druckkn\u00f6pfe<\/strong><\/li>\n<li><strong>Hilft bei Nacken-\/Schulterbeschwerden<\/strong><\/li>\n<li>Keine Batterie, <strong>daher unendlich warm <\/strong>und umweltfreundlich<\/li>\n<li>Einfache Handhabung. <strong>9 Heizstufen<\/strong><\/li>\n<li><strong>Smart-Timer<\/strong> (schaltet sich nach 3 Stunden automatisch aus)<\/li>\n<li><strong>Maschinenwaschbar<\/strong> durch einfaches Trennen von der Steuerung<\/li>\n<li><strong>Gesch\u00fctzt<\/strong> gegen \u00dcberhitzung<\/li>\n<\/ul>\n<\/div>\n<div class=\"col-xs-12 col-sm-6\">\n<h3>Weitere Merkmale<\/h3>\n<ol>\n<li>Farbe: Anthrazit<\/li>\n<li>Gr\u00f6\u00dfe: 60x90cm<\/li>\n<li>Wattleistung: 100W<\/li>\n<li>Kabell\u00e4nge: 2,40 Meter<\/li>\n<li>Farbe: Anthrazit<\/li>\n<li>Zwei Jahre Garantie<\/li>\n<\/ol>\n<h3>Was ist in der Schachtel?<\/h3>\n<ul>\n<li>Elektrisches Nacken-\/Schulter-Heizkissen<\/li>\n<li>Kabel mit Controller<\/li>\n<li>Handbuch<\/li>\n<\/ul>\n<\/div>\n<\/div>\n<\/div>\n","protected":false},"excerpt":{"rendered":"<p>Wunderbar entspannend f\u00fcr Nacken, Schultern und R\u00fcckenmuskulatur. Ideal zur Linderung von Muskelschmerzen, Kr\u00e4mpfen usw. oder einfach nur sch\u00f6n warm f\u00fcr den Heimarbeiter. Einfach zu bedienende Steuerung, schnelles Umschalten zwischen 9 W\u00e4rmestufen. Das Nacken-\/Schulter-\/R\u00fcckenkissen l\u00e4sst sich durch Entfernen des Reglers\/Steckers leicht waschen.    Automatischer Timer, schaltet nach 90 Minuten ab.<\/p>\n","protected":false},"featured_media":27905,"comment_status":"open","ping_status":"closed","template":"","meta":{"_acf_changed":false,"_seopress_robots_primary_cat":"none","_seopress_titles_title":"Hugme W\u00e4rmekissen \u2013 Nacken, Schultern und R\u00fccken entspannen - Warmyou","_seopress_titles_desc":"Lindern Sie Muskelschmerzen und entspannen Sie sich mit dem Hugme Heizkissen. Es verf\u00fcgt \u00fcber 9 Heizstufen, eine automatische Abschaltfunktion und ist waschbar. Perfekt f\u00fcr Nacken, Schultern und R\u00fccken.  ","_seopress_robots_index":""},"product_brand":[],"product_cat":[474,158],"product_tag":[418,357,416,417],"class_list":{"0":"post-26422","1":"product","2":"type-product","3":"status-publish","4":"has-post-thumbnail","6":"product_cat-nacken-und-ruckenwarmer","7":"product_cat-warmekissen","8":"product_tag-entspanntes-arbeiten","9":"product_tag-hugme-de","10":"product_tag-nacken","11":"product_tag-schulter-ruckenwarmer","13":"first","14":"instock","15":"taxable","16":"shipping-taxable","17":"purchasable","18":"product-type-simple"},"acf":[],"_links":{"self":[{"href":"https:\/\/warmyou.eu\/de\/wp-json\/wp\/v2\/product\/26422","targetHints":{"allow":["GET"]}}],"collection":[{"href":"https:\/\/warmyou.eu\/de\/wp-json\/wp\/v2\/product"}],"about":[{"href":"https:\/\/warmyou.eu\/de\/wp-json\/wp\/v2\/types\/product"}],"replies":[{"embeddable":true,"href":"https:\/\/warmyou.eu\/de\/wp-json\/wp\/v2\/comments?post=26422"}],"wp:featuredmedia":[{"embeddable":true,"href":"https:\/\/warmyou.eu\/de\/wp-json\/wp\/v2\/media\/27905"}],"wp:attachment":[{"href":"https:\/\/warmyou.eu\/de\/wp-json\/wp\/v2\/media?parent=26422"}],"wp:term":[{"taxonomy":"product_brand","embeddable":true,"href":"https:\/\/warmyou.eu\/de\/wp-json\/wp\/v2\/product_brand?post=26422"},{"taxonomy":"product_cat","embeddable":true,"href":"https:\/\/warmyou.eu\/de\/wp-json\/wp\/v2\/product_cat?post=26422"},{"taxonomy":"product_tag","embeddable":true,"href":"https:\/\/warmyou.eu\/de\/wp-json\/wp\/v2\/product_tag?post=26422"}],"curies":[{"name":"wp","href":"https:\/\/api.w.org\/{rel}","templated":true}]}}