{"id":26470,"date":"2023-02-09T20:50:50","date_gmt":"2023-02-09T19:50:50","guid":{"rendered":"https:\/\/warmyou.eu\/product\/warmyou-cuddles-heizdecke-waermedecke-fleece-3-einstellungen-160x120cm-schwarz-grau\/"},"modified":"2026-03-29T23:06:21","modified_gmt":"2026-03-29T21:06:21","slug":"warmyou-cuddles-heizdecke-waermedecke-fleece-3-einstellungen-160x120cm-schwarz-grau","status":"publish","type":"product","link":"https:\/\/warmyou.eu\/de\/produkt\/warmyou-cuddles-heizdecke-waermedecke-fleece-3-einstellungen-160x120cm-schwarz-grau\/","title":{"rendered":"Elektrisches Heizvlies \u2013 160 x 120 cm \u2013 3 Heizstufen \u2013 Warmyou Cuddles \u2013 Schwarz\/Grau"},"content":{"rendered":"<div class=\"flex max-w-full flex-col grow\">\n<div class=\"min-h-8 text-message relative flex w-full flex-col items-end gap-2 text-start break-words whitespace-normal [.text-message+&amp;]:mt-5\" dir=\"auto\" data-message-author-role=\"assistant\" data-message-id=\"bdd881c5-fdd5-43ea-a9ee-ea4af1e558d7\" data-message-model-slug=\"gpt-4o\">\n<div class=\"flex w-full flex-col gap-1 empty:hidden first:pt-[3px]\">\n<div class=\"markdown prose dark:prose-invert w-full break-words light\">\n<h1 data-start=\"156\" data-end=\"236\">Sparen Sie Energie mit einer elektrischen Fleecedecke, warm, sicher und bequem<\/h1>\n<p data-start=\"238\" data-end=\"473\">Mit dieser Heizdecke aus Fleece senken Sie Ihre Heizkosten, ohne auf Komfort zu verzichten. Aus wunderbar weichem Mikropl\u00fcsch gefertigt, spendet sie an kalten Tagen sofort W\u00e4rme \u2013 ideal f\u00fcr das Sofa, den Wintergarten oder unter einem Baldachin. <\/p>\n<p data-start=\"475\" data-end=\"686\">Mit 160&#215;120 cm ist sie perfekt f\u00fcr eine Person geeignet. Der eingebaute Timer schaltet die Decke nach 3 Stunden automatisch ab und erm\u00f6glicht so ein energiesparendes Einschlafen. <\/p>\n<h3 data-start=\"688\" data-end=\"740\">Warum sollten Sie sich f\u00fcr diese elektrische Fleecedecke entscheiden?<\/h3>\n<ul data-start=\"741\" data-end=\"959\">\n<li data-start=\"741\" data-end=\"798\">\n<p data-start=\"743\" data-end=\"798\">Energiesparende Alternative zur Zentralheizung<\/p>\n<\/li>\n<li data-start=\"799\" data-end=\"845\">\n<p data-start=\"801\" data-end=\"845\">Weicher Mikropl\u00fcschstoff f\u00fcr zus\u00e4tzlichen Komfort<\/p>\n<\/li>\n<li data-start=\"846\" data-end=\"907\">\n<p data-start=\"848\" data-end=\"907\">Automatische Abschaltung nach 3 Stunden \u2013 sicher und praktisch<\/p>\n<\/li>\n<li data-start=\"908\" data-end=\"959\">\n<p data-start=\"910\" data-end=\"959\">Geeignet f\u00fcr den Innen- und gesch\u00fctzten Au\u00dfenbereich<\/p>\n<\/li>\n<\/ul>\n<p data-start=\"961\" data-end=\"1043\"><strong data-start=\"961\" data-end=\"993\">Bleiben Sie warm, verbrauchen Sie weniger.<\/strong> Entdecken Sie, wie komfortabel Energiesparen sein kann.<\/p>\n<\/div>\n<\/div>\n<\/div>\n<\/div>\n<div class=\"col-xs-12 col-sm-6\">\n<h3>Weitere Merkmale<\/h3>\n<ul>\n<li>160x120cm<\/li>\n<li>Maximal 120 Watt<\/li>\n<li>Kabell\u00e4nge: 2,40 Meter<\/li>\n<li>Farbe: grau\/schwarz<\/li>\n<li>Zwei Jahre Garantie<\/li>\n<\/ul>\n<h3>Was ist in der Schachtel?<\/h3>\n<ul>\n<li>Elektrische W\u00e4rmedecke<\/li>\n<li>Kabel mit Controller<\/li>\n<li>Handbuch<\/li>\n<\/ul>\n<\/div>\n","protected":false},"excerpt":{"rendered":"<p>Diese elektrische Fleecedecke ist aus wunderbar weichem Micro-Pl\u00fcsch gefertigt. Schalten Sie nachts die Heizung aus (Kostenersparnis) und kuscheln Sie sich mit diesem herrlich weichen Fleece auf das Sofa. Die Gr\u00f6\u00dfe ist gut f\u00fcr eine Person und hat eine Fl\u00e4che von 160&#215;120 cm. Dank des Auto-Timers schaltet sich diese elektrische Fleecedecke nach 3 Stunden automatisch ab Gut und sicher!<\/p>\n","protected":false},"featured_media":27735,"comment_status":"open","ping_status":"closed","template":"","meta":{"_acf_changed":false,"_seopress_robots_primary_cat":"none","_seopress_titles_title":"Elektrische Fleecedecke, warm, weich und energieeffizient","_seopress_titles_desc":"Bleiben Sie warm und sparen Sie Energie mit dieser Heizdecke aus weichem Mikropl\u00fcsch. Sie verf\u00fcgt \u00fcber einen Timer und eine automatische Abschaltung und ist somit perfekt f\u00fcr das Sofa. ","_seopress_robots_index":""},"product_brand":[],"product_cat":[156],"product_tag":[366,450,451,452],"class_list":{"0":"post-26470","1":"product","2":"type-product","3":"status-publish","4":"has-post-thumbnail","6":"product_cat-warmedecken","7":"product_tag-cuddels-de","8":"product_tag-fleece-decke","9":"product_tag-grau-schwarz","10":"product_tag-schwarz-grau","12":"first","13":"instock","14":"sale","15":"taxable","16":"shipping-taxable","17":"purchasable","18":"product-type-simple"},"acf":[],"_links":{"self":[{"href":"https:\/\/warmyou.eu\/de\/wp-json\/wp\/v2\/product\/26470","targetHints":{"allow":["GET"]}}],"collection":[{"href":"https:\/\/warmyou.eu\/de\/wp-json\/wp\/v2\/product"}],"about":[{"href":"https:\/\/warmyou.eu\/de\/wp-json\/wp\/v2\/types\/product"}],"replies":[{"embeddable":true,"href":"https:\/\/warmyou.eu\/de\/wp-json\/wp\/v2\/comments?post=26470"}],"wp:featuredmedia":[{"embeddable":true,"href":"https:\/\/warmyou.eu\/de\/wp-json\/wp\/v2\/media\/27735"}],"wp:attachment":[{"href":"https:\/\/warmyou.eu\/de\/wp-json\/wp\/v2\/media?parent=26470"}],"wp:term":[{"taxonomy":"product_brand","embeddable":true,"href":"https:\/\/warmyou.eu\/de\/wp-json\/wp\/v2\/product_brand?post=26470"},{"taxonomy":"product_cat","embeddable":true,"href":"https:\/\/warmyou.eu\/de\/wp-json\/wp\/v2\/product_cat?post=26470"},{"taxonomy":"product_tag","embeddable":true,"href":"https:\/\/warmyou.eu\/de\/wp-json\/wp\/v2\/product_tag?post=26470"}],"curies":[{"name":"wp","href":"https:\/\/api.w.org\/{rel}","templated":true}]}}