{"id":26498,"date":"2023-02-09T20:50:50","date_gmt":"2023-02-09T19:50:50","guid":{"rendered":"https:\/\/warmyou.eu\/product\/warmyou-cuddels-heizdecke-waermedecke-fleece-3-einstellungen-160x120cm-taupe-creme\/"},"modified":"2026-01-10T19:11:04","modified_gmt":"2026-01-10T18:11:04","slug":"warmyou-cuddels-heizdecke-waermedecke-fleece-3-einstellungen-160x120cm-taupe-creme","status":"publish","type":"product","link":"https:\/\/warmyou.eu\/de\/produkt\/warmyou-cuddels-heizdecke-waermedecke-fleece-3-einstellungen-160x120cm-taupe-creme\/","title":{"rendered":"Elektrische Heizdecke Fleece &#8211; 160x120cm &#8211; 3 Heizstufen &#8211; Warmyou Cuddles &#8211; Beige\/Creme"},"content":{"rendered":"<h1>Elektrische Fleecedecke von Warmyou, weich, sicher und energiesparend<\/h1>\n<p>Mit einer elektrischen Fleecedecke von Warmyou k\u00f6nnen Sie ganz einfach Energie sparen, ohne auf Komfort verzichten zu m\u00fcssen. Anstatt den Thermostat hochzudrehen, bleiben Sie mit dieser weichen W\u00e4rmedecke sch\u00f6n warm, ideal f\u00fcr auf dem Sofa, im Wintergarten oder unter der \u00dcberdachung. So senken Sie Ihre Heizkosten und genie\u00dfen angenehme W\u00e4rme genau dort, wo Sie sie brauchen.  <\/p>\n<p>Die Cuddles-Heizdecke besteht aus luxuri\u00f6sem Mikropl\u00fcsch-Fleece, das f\u00fcr ein weiches, angenehmes Erlebnis sorgt. Die Decke misst gro\u00dfz\u00fcgige 160 x 120 cm und ist perfekt f\u00fcr eine Person geeignet. Dank des praktischen automatischen Abschalttimers (nach 3 Stunden) ist diese Heizdecke auch dann sicher zu verwenden, wenn Sie beim Entspannen einschlafen. <\/p>\n<p>Ob Sie nun nach einer M\u00f6glichkeit suchen, sich ohne Heizung warm zu halten, oder nach einer cleveren Methode, Ihren Energieverbrauch zu senken \u2013 die elektrische Fleecedecke von Warmyou ist eine clevere und nachhaltige Wahl.<\/p>\n<h3>Warum sollten Sie sich f\u00fcr diese elektrische Heizdecke entscheiden?<\/h3>\n<ul>\n<li>Wunderbar<strong> weicher Flanellfleece<\/strong><\/li>\n<li>Schnell und warm<\/li>\n<li>Keine Batterie, <strong>daher unendlich warm <\/strong>und umweltfreundlich<\/li>\n<li>Einfache Handhabung. Nicht kompliziert werden, nur<strong> 3 Heizstufen<\/strong><\/li>\n<li><strong>Smart-Timer<\/strong> (schaltet sich nach 3 Stunden automatisch aus)<\/li>\n<li><strong>Maschinenwaschbar<\/strong> durch einfaches Trennen von der Steuerung<\/li>\n<li><strong>Gesch\u00fctzt<\/strong> gegen \u00dcberhitzung<\/li>\n<\/ul>\n<div class=\"col-xs-12 col-sm-6\">\n<h3>Weitere Merkmale<\/h3>\n<ul>\n<li>160x120cm<\/li>\n<li>Maximal 120 Watt<\/li>\n<li>Kabell\u00e4nge: 2,40 Meter<\/li>\n<li>Farbe: Beige\/Creme<\/li>\n<li>Zwei Jahre Garantie<\/li>\n<\/ul>\n<h3>Was ist in der Schachtel?<\/h3>\n<ul>\n<li>Elektrische W\u00e4rmedecke<\/li>\n<li>Kabel mit Controller<\/li>\n<li>Handbuch<\/li>\n<\/ul>\n<\/div>\n","protected":false},"excerpt":{"rendered":"<p>Bleiben Sie warm und sparen Sie Energie mit dieser weichen elektrischen Fleecedecke aus Micro-Pl\u00fcsch. Perfekt f\u00fcr die Couch! Die Gr\u00f6\u00dfe von 160 x 120 cm ist ideal f\u00fcr eine Person. Dank der automatischen Abschaltung nach 3 Stunden ist diese Heizdecke nicht nur bequem, sondern auch sicher in der Anwendung. Schalten Sie die Heizung aus und kuscheln Sie sich unter die warme Decke \u2013 ideal f\u00fcr kalte Abende.    <\/p>\n","protected":false},"featured_media":27738,"comment_status":"open","ping_status":"closed","template":"","meta":{"_acf_changed":false,"_seopress_robots_primary_cat":"none","_seopress_titles_title":"Elektrische Heizdecke 160 x 120 \u2013 Cuddels Beige\/Creme | Warmyou","_seopress_titles_desc":"Sparen Sie Energie und bleiben Sie warm mit der weichen elektrischen Fleecedecke von Warmyou. Sicher, bequem und perfekt f\u00fcr die Couch oder den Wintergarten. 160 x 120 cm.  ","_seopress_robots_index":""},"product_brand":[],"product_cat":[156],"product_tag":[458,459,366,450],"class_list":{"0":"post-26498","1":"product","2":"type-product","3":"status-publish","4":"has-post-thumbnail","6":"product_cat-warmedecken","7":"product_tag-beige-de","8":"product_tag-creme-de","9":"product_tag-cuddels-de","10":"product_tag-fleece-decke","12":"first","13":"instock","14":"taxable","15":"shipping-taxable","16":"purchasable","17":"product-type-simple"},"acf":[],"_links":{"self":[{"href":"https:\/\/warmyou.eu\/de\/wp-json\/wp\/v2\/product\/26498","targetHints":{"allow":["GET"]}}],"collection":[{"href":"https:\/\/warmyou.eu\/de\/wp-json\/wp\/v2\/product"}],"about":[{"href":"https:\/\/warmyou.eu\/de\/wp-json\/wp\/v2\/types\/product"}],"replies":[{"embeddable":true,"href":"https:\/\/warmyou.eu\/de\/wp-json\/wp\/v2\/comments?post=26498"}],"wp:featuredmedia":[{"embeddable":true,"href":"https:\/\/warmyou.eu\/de\/wp-json\/wp\/v2\/media\/27738"}],"wp:attachment":[{"href":"https:\/\/warmyou.eu\/de\/wp-json\/wp\/v2\/media?parent=26498"}],"wp:term":[{"taxonomy":"product_brand","embeddable":true,"href":"https:\/\/warmyou.eu\/de\/wp-json\/wp\/v2\/product_brand?post=26498"},{"taxonomy":"product_cat","embeddable":true,"href":"https:\/\/warmyou.eu\/de\/wp-json\/wp\/v2\/product_cat?post=26498"},{"taxonomy":"product_tag","embeddable":true,"href":"https:\/\/warmyou.eu\/de\/wp-json\/wp\/v2\/product_tag?post=26498"}],"curies":[{"name":"wp","href":"https:\/\/api.w.org\/{rel}","templated":true}]}}