{"id":26527,"date":"2023-02-09T20:50:50","date_gmt":"2023-02-09T19:50:50","guid":{"rendered":"https:\/\/warmyou.eu\/product\/warmyou-hugum-elektrischer-nacken-schulterwaermer-waermekissen-vlies-3-einstellungen-60x62cm-anthrazit\/"},"modified":"2025-11-03T12:14:12","modified_gmt":"2025-11-03T11:14:12","slug":"warmyou-hugum-elektrischer-nacken-schulterwaermer-waermekissen-vlies-3-einstellungen-60x62cm-anthrazit","status":"publish","type":"product","link":"https:\/\/warmyou.eu\/de\/produkt\/warmyou-hugum-elektrischer-nacken-schulterwaermer-waermekissen-vlies-3-einstellungen-60x62cm-anthrazit\/","title":{"rendered":"Elektrisches Heizkissen f\u00fcr Nacken\/Schultern, 60 x 62 cm \u2013 3 Heizstufen \u2013 Warmyou Hugum \u2013 Anthrazit"},"content":{"rendered":"<h1 data-start=\"335\" data-end=\"581\">Heizkissen f\u00fcr Nacken und Schultern \u2013 Lindert Muskelschmerzen und sorgt f\u00fcr Entspannung<\/h1>\n<p data-start=\"335\" data-end=\"581\">Erleben Sie sofortige Linderung und Entspannung mit diesem komfortablen<strong data-start=\"398\" data-end=\"436\"> Heizkissen f\u00fcr Nacken und Schultern<\/strong>. Ideal bei <strong data-start=\"449\" data-end=\"487\">Muskelschmerzen, Kr\u00e4mpfen oder Muskelverspannungen<\/strong>, aber auch perfekt, wenn Sie sich in einem zugigen Raum oder an einem kalten Tag einfach nur warm halten m\u00f6chten. <\/p>\n<p data-start=\"583\" data-end=\"845\">Der weiche Stoff passt sich perfekt den Konturen Ihres Nackens und Ihrer Schultern an und sorgt f\u00fcr ein angenehmes, gezieltes W\u00e4rmegef\u00fchl. Dank des<strong data-start=\"708\" data-end=\"744\"> benutzerfreundlichen Reglers <\/strong>k\u00f6nnen Sie je nach W\u00e4rme- oder Entspannungsbed\u00fcrfnis bequem zwischen<strong data-start=\"767\" data-end=\"789\"> drei W\u00e4rmestufen <\/strong>w\u00e4hlen. <\/p>\n<p data-start=\"847\" data-end=\"1118\">F\u00fcr zus\u00e4tzliche Sicherheit schaltet sich das Kissen <strong data-start=\"889\" data-end=\"922\">nach 90 Minuten automatisch ab<\/strong>. So k\u00f6nnen Sie unbesorgt entspannen, selbst wenn Sie einschlafen. Und Sie m\u00f6chten das Heizkissen waschen? Kein Problem \u2013<strong data-start=\"1042\" data-end=\"1067\"> der Stecker ist abnehmbar, <\/strong>sodass der Bezug leicht sauber gehalten werden kann.  <\/p>\n<div class=\"row\">\n<div class=\"col-xs-12 col-sm-6\">\n<h3>Warum dieses W\u00e4rmekissen f\u00fcr Nacken und Schultern?<\/h3>\n<ul>\n<li>Wunderbar<strong> weiches Fleece<\/strong><\/li>\n<li>Optimale Passform durch <strong>Druckkn\u00f6pfe<\/strong><\/li>\n<li><strong>Hilft bei Nacken-\/Schulterbeschwerden<\/strong><\/li>\n<li>Keine Batterie, <strong>daher unendlich warm <\/strong>und umweltfreundlich<\/li>\n<li>Einfache Handhabung. Nicht kompliziert werden, nur<strong> 3 Heizstufen<\/strong><\/li>\n<li><strong>Smart-Timer <\/strong>(schaltet sich nach 90 Minuten automatisch aus)<\/li>\n<li><strong>Maschinenwaschbar<\/strong> durch einfaches Trennen von der Steuerung<\/li>\n<li><strong>Gesch\u00fctzt<\/strong> gegen \u00dcberhitzung<\/li>\n<\/ul>\n<\/div>\n<div class=\"col-xs-12 col-sm-6\">\n<h3>Weitere Merkmale<\/h3>\n<ol>\n<li>Gr\u00f6\u00dfe: 60x62cm<\/li>\n<li>Maximaal 100W<\/li>\n<li>Kabell\u00e4nge: 2,40 Meter<\/li>\n<li>Farbe: Anthrazit<\/li>\n<li>Zwei Jahre Garantie<\/li>\n<\/ol>\n<h3>Was ist in der Schachtel?<\/h3>\n<ul>\n<li>Elektrische W\u00e4rmedecke<\/li>\n<li>Kabel mit Controller<\/li>\n<li>Handbuch<\/li>\n<\/ul>\n<\/div>\n<\/div>\n","protected":false},"excerpt":{"rendered":"<p>Dieses elektrische Heizkissen f\u00fcr Nacken und Schultern lindert Muskelschmerzen und Verspannungen mit gezielter W\u00e4rme. W\u00e4hlen Sie aus drei Einstellungen und genie\u00dfen Sie zus\u00e4tzliche Sicherheit durch die automatische Abschaltung nach 90 Minuten. Dank des abnehmbaren Steckers l\u00e4sst sich das Kissen leicht waschen.  <\/p>\n","protected":false},"featured_media":27804,"comment_status":"open","ping_status":"closed","template":"","meta":{"_acf_changed":false,"_seopress_robots_primary_cat":"none","_seopress_titles_title":"Heizkissen f\u00fcr Nacken und Schultern \u2013 Lindert Muskelschmerzen und Kr\u00e4mpfe","_seopress_titles_desc":"Lindern Sie Muskelschmerzen und Kr\u00e4mpfe mit diesem Heizkissen f\u00fcr Nacken und Schultern. Es verf\u00fcgt \u00fcber drei Heizstufen, ist waschbar und verf\u00fcgt \u00fcber eine automatische Abschaltung nach 90 Minuten. ","_seopress_robots_index":""},"product_brand":[],"product_cat":[474,158],"product_tag":[431,368,432],"class_list":{"0":"post-26527","1":"product","2":"type-product","3":"status-publish","4":"has-post-thumbnail","6":"product_cat-nacken-und-ruckenwarmer","7":"product_cat-warmekissen","8":"product_tag-halswarmer","9":"product_tag-hugum-de","10":"product_tag-schulterwarmer","12":"first","13":"instock","14":"sale","15":"taxable","16":"shipping-taxable","17":"purchasable","18":"product-type-simple"},"acf":[],"_links":{"self":[{"href":"https:\/\/warmyou.eu\/de\/wp-json\/wp\/v2\/product\/26527","targetHints":{"allow":["GET"]}}],"collection":[{"href":"https:\/\/warmyou.eu\/de\/wp-json\/wp\/v2\/product"}],"about":[{"href":"https:\/\/warmyou.eu\/de\/wp-json\/wp\/v2\/types\/product"}],"replies":[{"embeddable":true,"href":"https:\/\/warmyou.eu\/de\/wp-json\/wp\/v2\/comments?post=26527"}],"wp:featuredmedia":[{"embeddable":true,"href":"https:\/\/warmyou.eu\/de\/wp-json\/wp\/v2\/media\/27804"}],"wp:attachment":[{"href":"https:\/\/warmyou.eu\/de\/wp-json\/wp\/v2\/media?parent=26527"}],"wp:term":[{"taxonomy":"product_brand","embeddable":true,"href":"https:\/\/warmyou.eu\/de\/wp-json\/wp\/v2\/product_brand?post=26527"},{"taxonomy":"product_cat","embeddable":true,"href":"https:\/\/warmyou.eu\/de\/wp-json\/wp\/v2\/product_cat?post=26527"},{"taxonomy":"product_tag","embeddable":true,"href":"https:\/\/warmyou.eu\/de\/wp-json\/wp\/v2\/product_tag?post=26527"}],"curies":[{"name":"wp","href":"https:\/\/api.w.org\/{rel}","templated":true}]}}