{"id":26560,"date":"2023-02-09T20:50:50","date_gmt":"2023-02-09T19:50:50","guid":{"rendered":"https:\/\/warmyou.eu\/product\/warmyou-lofum-elektrischer-fusswaermer-fusswaermer-fleece-3-einstellungen-30x30x23cm-anthrazit\/"},"modified":"2025-11-03T12:11:09","modified_gmt":"2025-11-03T11:11:09","slug":"warmyou-lofum-elektrischer-fusswaermer-fusswaermer-fleece-3-einstellungen-30x30x23cm-anthrazit","status":"publish","type":"product","link":"https:\/\/warmyou.eu\/de\/produkt\/warmyou-lofum-elektrischer-fusswaermer-fusswaermer-fleece-3-einstellungen-30x30x23cm-anthrazit\/","title":{"rendered":"Elektrischer Fu\u00dfw\u00e4rmer aus Fleece \u2013 30\u00d730\u00d723 cm \u2013 3 Heizstufen \u2013 Warmyou Lofum \u2013 Anthrazit"},"content":{"rendered":"<h1 data-start=\"247\" data-end=\"566\">Elektrischer Fu\u00dfw\u00e4rmer von Lofum \u2013 w\u00e4rmt schnell, ist wunderbar weich und einfach zu bedienen<\/h1>\n<p data-start=\"247\" data-end=\"566\">Leiden Sie oft unter kalten F\u00fc\u00dfen? Der elektrische Fu\u00dfw\u00e4rmer von Lofum bietet dank drei einstellbarer W\u00e4rmestufen und leistungsstarker 100-Watt-Leistung sofortige Linderung. Hergestellt aus ultraweichem Fleece und Mikropl\u00fcsch, f\u00fchlt er sich angenehm an und h\u00e4lt Ihre F\u00fc\u00dfe angenehm warm \u2013 ideal bei kaltem Wetter oder schlechter Durchblutung.  <\/p>\n<p data-start=\"568\" data-end=\"789\">Mit den Ma\u00dfen 30x30x23 cm und passend f\u00fcr Schuhgr\u00f6\u00dfe 47 ist dieser Fu\u00dfw\u00e4rmer kompakt und ger\u00e4umig genug f\u00fcr den t\u00e4glichen Gebrauch. Er w\u00e4rmt schnell, regt die Durchblutung an und ist zudem leicht zu reinigen. <\/p>\n<p><strong>Genie\u00dfen Sie m\u00fchelos warme F\u00fc\u00dfe \u2013 wo und wann immer Sie wollen.<\/strong><\/p>\n<h3>Warum diesen Fu\u00dfw\u00e4rmer w\u00e4hlen?<\/h3>\n<ul>\n<li>Wunderbar <strong>weicher Fleece und Micropl\u00fcsch<\/strong><\/li>\n<li>Geeignet <strong>bis zu Gr\u00f6\u00dfe 47<\/strong><\/li>\n<li>Keine Batterie, <strong>daher unendlich warm <\/strong>und umweltfreundlich<\/li>\n<li>Einfache Handhabung. Nicht kompliziert werden, nur<strong> 3 Heizstufen<\/strong><\/li>\n<li><strong>Smart-Timer <\/strong>(schaltet sich nach 90 Minuten automatisch aus)<\/li>\n<li><strong>Maschinenwaschbar<\/strong> durch einfaches Trennen von der Steuerung<\/li>\n<li><strong>Gesch\u00fctzt<\/strong> gegen \u00dcberhitzung<\/li>\n<\/ul>\n<h3>Weitere Merkmale<\/h3>\n<ol>\n<li>Abmessungen: 30x30x23cm<\/li>\n<li>Maximaal 100W<\/li>\n<li>Kabell\u00e4nge: 2,40 Meter<\/li>\n<li>Farbe; Anthrazit<\/li>\n<li>Zwei Jahre Garantie<\/li>\n<\/ol>\n<h3>Was ist in der Schachtel?<\/h3>\n<ul>\n<li>Elektrische W\u00e4rmedecke<\/li>\n<li>Kabel mit Controller<\/li>\n<li>Handbuch<\/li>\n<\/ul>\n<p>&nbsp;<\/p>\n","protected":false},"excerpt":{"rendered":"<p>W\u00e4rmen Sie Ihre F\u00fc\u00dfe schnell und bequem mit dem elektrischen Fu\u00dfw\u00e4rmer von Lofum. Er besteht aus weichem Fleece und Mikropl\u00fcsch, verf\u00fcgt \u00fcber drei Heizstufen und ist f\u00fcr Gr\u00f6\u00dfen bis 47 geeignet. Kompakt, energieeffizient und ideal bei kalten F\u00fc\u00dfen oder schlechter Durchblutung.  <\/p>\n","protected":false},"featured_media":27840,"comment_status":"open","ping_status":"closed","template":"","meta":{"_acf_changed":false,"_seopress_robots_primary_cat":"none","_seopress_titles_title":"Elektrischer Fu\u00dfw\u00e4rmer von Lofum \u2013 Warm, weich und verstellbar","_seopress_titles_desc":"W\u00e4rmen Sie Ihre F\u00fc\u00dfe schnell mit dem Lofum Fu\u00dfw\u00e4rmer. Weiches Fleece, 3 Heizstufen und passend f\u00fcr Gr\u00f6\u00dfen bis 47. Bequem, kompakt und energieeffizient.  ","_seopress_robots_index":""},"product_brand":[],"product_cat":[154],"product_tag":[440,439,370],"class_list":{"0":"post-26560","1":"product","2":"type-product","3":"status-publish","4":"has-post-thumbnail","6":"product_cat-fusswarmer","7":"product_tag-elektrischer-fuswarmer","8":"product_tag-fuswarmer","9":"product_tag-lofum-de","11":"first","12":"instock","13":"sale","14":"taxable","15":"shipping-taxable","16":"purchasable","17":"product-type-simple"},"acf":[],"_links":{"self":[{"href":"https:\/\/warmyou.eu\/de\/wp-json\/wp\/v2\/product\/26560","targetHints":{"allow":["GET"]}}],"collection":[{"href":"https:\/\/warmyou.eu\/de\/wp-json\/wp\/v2\/product"}],"about":[{"href":"https:\/\/warmyou.eu\/de\/wp-json\/wp\/v2\/types\/product"}],"replies":[{"embeddable":true,"href":"https:\/\/warmyou.eu\/de\/wp-json\/wp\/v2\/comments?post=26560"}],"wp:featuredmedia":[{"embeddable":true,"href":"https:\/\/warmyou.eu\/de\/wp-json\/wp\/v2\/media\/27840"}],"wp:attachment":[{"href":"https:\/\/warmyou.eu\/de\/wp-json\/wp\/v2\/media?parent=26560"}],"wp:term":[{"taxonomy":"product_brand","embeddable":true,"href":"https:\/\/warmyou.eu\/de\/wp-json\/wp\/v2\/product_brand?post=26560"},{"taxonomy":"product_cat","embeddable":true,"href":"https:\/\/warmyou.eu\/de\/wp-json\/wp\/v2\/product_cat?post=26560"},{"taxonomy":"product_tag","embeddable":true,"href":"https:\/\/warmyou.eu\/de\/wp-json\/wp\/v2\/product_tag?post=26560"}],"curies":[{"name":"wp","href":"https:\/\/api.w.org\/{rel}","templated":true}]}}