{"id":26594,"date":"2023-02-09T20:50:50","date_gmt":"2023-02-09T19:50:50","guid":{"rendered":"https:\/\/warmyou.eu\/product\/warmyou-luxum-xl-heizdecke-waermedecke-fleece-10-einstellungen-180x130cm-schwarz\/"},"modified":"2026-03-03T20:18:42","modified_gmt":"2026-03-03T19:18:42","slug":"warmyou-luxum-xl-heizdecke-waermedecke-fleece-10-einstellungen-180x130cm-schwarz","status":"publish","type":"product","link":"https:\/\/warmyou.eu\/de\/produkt\/warmyou-luxum-xl-heizdecke-waermedecke-fleece-10-einstellungen-180x130cm-schwarz\/","title":{"rendered":"Elektrische Heizdecke Fleece 180x130cm &#8211; 10 Heizstufen &#8211; Warmyou Luxum XL &#8211; Schwarz"},"content":{"rendered":"<h1 data-start=\"306\" data-end=\"666\">Luxum Heizdecke aus Fleece \u2013 W\u00e4rme, Komfort und Energieeinsparung in einem<\/h1>\n<p data-start=\"306\" data-end=\"666\">Suchen Sie eine <strong data-start=\"323\" data-end=\"392\">Heizdecke, die Energie spart und gleichzeitig wunderbar seidig weich und bequem<\/strong> ist? Die Luxum <strong data-start=\"397\" data-end=\"430\">Heizdecke <\/strong>aus Fleece ist die perfekte L\u00f6sung f\u00fcr k\u00fchle Abende. Dank des seidig weichen, pl\u00fcschigen Fleecematerials genie\u00dfen Sie ultimative W\u00e4rme und k\u00f6nnen die Heizung ganz einfach herunterdrehen. So <strong data-start=\"602\" data-end=\"633\">sparen Sie Energiekosten,<\/strong> ohne auf Komfort verzichten zu m\u00fcssen.   <\/p>\n<p data-start=\"668\" data-end=\"928\">Diese<strong data-start=\"678\" data-end=\"733\"> luxuri\u00f6se Heizdecke <\/strong>ist sowohl f\u00fcr den Innen- als auch f\u00fcr den Au\u00dfenbereich geeignet. Ideal f\u00fcr das Sofa, im Bett, aber auch perfekt f\u00fcr den Einsatz im Wintergarten oder unter einem Baldachin. Genie\u00dfen Sie die Natur auch an k\u00fchleren Tagen \u2013 warm und gem\u00fctlich unter Ihrer Luxum-Decke.  <\/p>\n<p data-start=\"930\" data-end=\"1176\">Mit gro\u00dfz\u00fcgigen<strong data-start=\"957\" data-end=\"973\"> 180 x 130 cm <\/strong>bietet die Decke ausreichend Platz f\u00fcr zwei Personen. Sie m\u00f6chten die Temperatur lieber selbst regeln oder sind \u00fcberdurchschnittlich gro\u00df? Dann entscheiden Sie sich f\u00fcr <strong data-start=\"1116\" data-end=\"1150\">zwei separate Heizdecken <\/strong>f\u00fcr mehr Flexibilit\u00e4t.  <\/p>\n<p data-start=\"1178\" data-end=\"1374\">F\u00fcr zus\u00e4tzliche Sicherheit und Benutzerfreundlichkeit verf\u00fcgt die Fleecedecke \u00fcber einen<strong data-start=\"1252\" data-end=\"1287\"> einstellbaren Timer (1 bis 10 Stunden).<\/strong> Dieser schaltet die W\u00e4rme automatisch ab, wenn Sie einschlafen \u2013 sicher und sparsam zugleich. <\/p>\n<p>Erleben Sie die W\u00e4rme der <strong data-start=\"1750\" data-end=\"1777\">Luxum-Heizdecke selbst<\/strong> \u2013 Ihre nachhaltige Wahl f\u00fcr Komfort, Stil und Bequemlichkeit.<\/p>\n<h3>Warum sollten Sie sich f\u00fcr diese Heizdecke entscheiden?<\/h3>\n<ul>\n<li>Wunderbar<strong> seidig weicher Pl\u00fcschfleece<\/strong><\/li>\n<li>Schnell und warm<\/li>\n<li>Gro\u00dfe Gr\u00f6\u00dfe; 180 x 130 cm. Perfekt f\u00fcr zwei Personen. <\/li>\n<li>Keine Batterie, <strong>daher unendlich warm <\/strong>und umweltfreundlich<\/li>\n<li>Einfache Handhabung. <strong>10 Heizstufen<\/strong><\/li>\n<li><strong>Smart-Timer <\/strong>(automatische Abschaltung nach 1 bis 10 Stunden)<\/li>\n<li><strong>Maschinenwaschbar<\/strong> durch einfaches Trennen von der Steuerung<\/li>\n<li><strong>Gesch\u00fctzt<\/strong> gegen \u00dcberhitzung<\/li>\n<\/ul>\n<h3>Weitere Merkmale<\/h3>\n<ol>\n<li>Maximal 160 Watt<\/li>\n<li>Kabell\u00e4nge: 2,40 Meter<\/li>\n<li>Weiches Flanellvlies und PV-Vlies<\/li>\n<li>Farbe; Schwarz<\/li>\n<li>Zwei Jahre Garantie<\/li>\n<li>Der Stoff ist seidig weich mit glatter Struktur<\/li>\n<\/ol>\n<h3>Was ist in der Schachtel?<\/h3>\n<ul>\n<li>Elektrische W\u00e4rmedecke<\/li>\n<li>Kabel mit Controller<\/li>\n<li>Handbuch<\/li>\n<\/ul>\n","protected":false},"excerpt":{"rendered":"<p>Entdecken Sie ultimativen Komfort und W\u00e4rme mit der Heizdecke Luxum. Hergestellt aus wunderbar seidig-weichem Mikropl\u00fcsch-Fleece und dank 10 Heizstufen einfach zu bedienen.  Mit den Ma\u00dfen 180&#215;130 cm bietet er ausreichend Platz f\u00fcr zwei Personen. Diese warme, weiche Fleecedecke hat au\u00dferdem einen Auto-Timer f\u00fcr zus\u00e4tzliche Sicherheit.<\/p>\n","protected":false},"featured_media":27872,"comment_status":"open","ping_status":"closed","template":"","meta":{"_acf_changed":false,"_seopress_robots_primary_cat":"none","_seopress_titles_title":"Luxum Heizdecke aus Fleece \u2013 Gro\u00dfe Heizdecke mit Timer | Energieeffizient","_seopress_titles_desc":"Bleiben Sie warm mit der elektrischen Fleecedecke von Luxum. Weiches Fleece, Timer (1-10 Stunden) und energieeffizient. Ideal f\u00fcr drinnen, im Wintergarten oder unter Ihrem Baldachin.  ","_seopress_robots_index":""},"product_brand":[],"product_cat":[156],"product_tag":[462,372,461,460],"class_list":{"0":"post-26594","1":"product","2":"type-product","3":"status-publish","4":"has-post-thumbnail","6":"product_cat-warmedecken","7":"product_tag-18x130cm-de","8":"product_tag-luxum-de","9":"product_tag-microfleece-de","10":"product_tag-weiches-fleece","12":"first","13":"instock","14":"taxable","15":"shipping-taxable","16":"purchasable","17":"product-type-simple"},"acf":[],"_links":{"self":[{"href":"https:\/\/warmyou.eu\/de\/wp-json\/wp\/v2\/product\/26594","targetHints":{"allow":["GET"]}}],"collection":[{"href":"https:\/\/warmyou.eu\/de\/wp-json\/wp\/v2\/product"}],"about":[{"href":"https:\/\/warmyou.eu\/de\/wp-json\/wp\/v2\/types\/product"}],"replies":[{"embeddable":true,"href":"https:\/\/warmyou.eu\/de\/wp-json\/wp\/v2\/comments?post=26594"}],"wp:featuredmedia":[{"embeddable":true,"href":"https:\/\/warmyou.eu\/de\/wp-json\/wp\/v2\/media\/27872"}],"wp:attachment":[{"href":"https:\/\/warmyou.eu\/de\/wp-json\/wp\/v2\/media?parent=26594"}],"wp:term":[{"taxonomy":"product_brand","embeddable":true,"href":"https:\/\/warmyou.eu\/de\/wp-json\/wp\/v2\/product_brand?post=26594"},{"taxonomy":"product_cat","embeddable":true,"href":"https:\/\/warmyou.eu\/de\/wp-json\/wp\/v2\/product_cat?post=26594"},{"taxonomy":"product_tag","embeddable":true,"href":"https:\/\/warmyou.eu\/de\/wp-json\/wp\/v2\/product_tag?post=26594"}],"curies":[{"name":"wp","href":"https:\/\/api.w.org\/{rel}","templated":true}]}}