{"id":26628,"date":"2023-05-05T12:47:27","date_gmt":"2023-05-05T11:47:27","guid":{"rendered":"https:\/\/warmyou.eu\/product\/warmyou-handypad-heizmatte-heizkissen-vlies-9-positionen-60x30cm-anthrazit\/"},"modified":"2025-11-20T11:58:05","modified_gmt":"2025-11-20T10:58:05","slug":"warmyou-handypad-heizmatte-heizkissen-vlies-9-positionen-60x30cm-anthrazit","status":"publish","type":"product","link":"https:\/\/warmyou.eu\/de\/produkt\/warmyou-handypad-heizmatte-heizkissen-vlies-9-positionen-60x30cm-anthrazit\/","title":{"rendered":"Elektrisches Heizkissen \u2013 60 x 30 cm \u2013 9 Heizstufen \u2013 Warmyou Handypad \u2013 Anthrazit"},"content":{"rendered":"<p data-start=\"250\" data-end=\"531\">Das<strong data-start=\"253\" data-end=\"265\"> Handypad<\/strong> von Warmyou.eu ist ein vielseitiges Heizkissen im Format 60 x 30 cm, das bei Muskelschmerzen, Kr\u00e4mpfen oder Erk\u00e4ltung schnelle Linderung verschafft. Dank seines flexiblen Designs und der neun einstellbaren W\u00e4rmestufen k\u00f6nnen Sie das Kissen ganz nach Ihren W\u00fcnschen verwenden: auf Bauch, R\u00fccken, Beinen oder Schultern. <\/p>\n<p data-start=\"533\" data-end=\"755\">Der weiche Mikropl\u00fcschstoff f\u00fchlt sich angenehm auf der Haut an, w\u00e4hrend die automatische Abschaltung nach 90 Minuten eine sichere Anwendung gew\u00e4hrleistet. Ideal zum Entspannen auf der Couch, im Bett oder sogar beim Arbeiten von zu Hause aus. <\/p>\n<ul>\n<li><strong>Steife Muskeln <\/strong><\/li>\n<li><strong>R\u00fcckenschmerzen \/ Bauchschmerzen <\/strong><\/li>\n<li><strong>Menstruationsbeschwerden <\/strong><\/li>\n<li><strong>kalte F\u00fc\u00dfe\/R\u00fccken\/Bauch<\/strong><\/li>\n<\/ul>\n<p>Die Matte ist dunkelgrau und besteht aus wunderbar weichem Vlies, sodass der direkte Kontakt mit der Haut weder Probleme bereitet noch unangenehm ist. Die Wattzahl betr\u00e4gt 100 W und die Spannung 220-240 V. Consumption is only 0.1 kWh. Die Matte ist waschbar (bis zu maximal 30\u00b0C).<br \/>\nKurz gesagt, diese Heizmatte ist schnell auf Temperatur, kompakt, gut geeignet f\u00fcr therapeutische Zwecke und leicht zu pflegen.<\/p>\n<h3>Warum diese W\u00e4rmematte w\u00e4hlen?<\/h3>\n<ul>\n<li>Wunderbar<strong> weiches Fleece<\/strong><\/li>\n<li>Schnell und warm<\/li>\n<li>Kann dank der kompakten Gr\u00f6\u00dfe <strong>\u00fcberall eingesetzt werden<\/strong><\/li>\n<li>Keine Batterie, <strong>daher unendlich warm <\/strong>und umweltfreundlich<\/li>\n<li>Einfache Handhabung. <strong>9 Heizstufen<\/strong><\/li>\n<li><strong>Smart-Timer<\/strong> (schaltet sich nach 3 Stunden automatisch aus)<\/li>\n<li><strong>Maschinenwaschbar<\/strong> durch einfaches Trennen von der Steuerung<\/li>\n<li><strong>Gesch\u00fctzt<\/strong> gegen \u00dcberhitzung<\/li>\n<\/ul>\n<h3>Weitere Merkmale<\/h3>\n<ol>\n<li>60&#215;30 cm<\/li>\n<li>Maximal 100 Watt<\/li>\n<li>Kabell\u00e4nge: 2,40 Meter<\/li>\n<li>Farbe: Anthrazit<\/li>\n<li>Material: weiches Fleece<\/li>\n<li>Zwei Jahre Garantie<\/li>\n<\/ol>\n<h3>Was ist in der Schachtel?<\/h3>\n<ul>\n<li>Elektrische Heizmatte<\/li>\n<li>Kabel mit Controller<\/li>\n<li>Handbuch<\/li>\n<\/ul>\n<p>&nbsp;<\/p>\n","protected":false},"excerpt":{"rendered":"<p>Das Handypad ist ein weiches, elektrisches Heizkissen (60 x 30 cm) mit 9 Heizstufen. Ideal f\u00fcr gezielte W\u00e4rme an R\u00fccken, Bauch, Beinen oder Schultern. Sicher, flexibel und komfortabel in der Anwendung.   Geeignet f\u00fcr: Muskelschmerzen, steife Muskeln\/Gelenke, Monatsbeschwerden, Unterleibsschmerzen, usw.<\/p>\n","protected":false},"featured_media":27756,"comment_status":"open","ping_status":"closed","template":"","meta":{"_acf_changed":false,"_seopress_robots_primary_cat":"none","_seopress_titles_title":"Handypad Heizmatte \u2013 9 W\u00e4rmestufen f\u00fcr R\u00fccken, Bauch & Beine","_seopress_titles_desc":"Multifunktional und praktisch f\u00fcr therapeutische Zwecke wie beispielsweise Muskelkater, R\u00fccken-\/Bauchschmerzen, Menstruationsbeschwerden oder kalte F\u00fc\u00dfe\/Bauch\/R\u00fccken.","_seopress_robots_index":""},"product_brand":[],"product_cat":[156,158],"product_tag":[425,374,424,426,428,427],"class_list":{"0":"post-26628","1":"product","2":"type-product","3":"status-publish","4":"has-post-thumbnail","6":"product_cat-warmedecken","7":"product_cat-warmekissen","8":"product_tag-bauchschmerzen","9":"product_tag-handypad-de","10":"product_tag-menstruationsbeschwerden","11":"product_tag-muskelschmerzen","12":"product_tag-nackenschmerzen","13":"product_tag-steife-muskeln","15":"first","16":"instock","17":"sale","18":"taxable","19":"shipping-taxable","20":"purchasable","21":"product-type-simple"},"acf":[],"_links":{"self":[{"href":"https:\/\/warmyou.eu\/de\/wp-json\/wp\/v2\/product\/26628","targetHints":{"allow":["GET"]}}],"collection":[{"href":"https:\/\/warmyou.eu\/de\/wp-json\/wp\/v2\/product"}],"about":[{"href":"https:\/\/warmyou.eu\/de\/wp-json\/wp\/v2\/types\/product"}],"replies":[{"embeddable":true,"href":"https:\/\/warmyou.eu\/de\/wp-json\/wp\/v2\/comments?post=26628"}],"wp:featuredmedia":[{"embeddable":true,"href":"https:\/\/warmyou.eu\/de\/wp-json\/wp\/v2\/media\/27756"}],"wp:attachment":[{"href":"https:\/\/warmyou.eu\/de\/wp-json\/wp\/v2\/media?parent=26628"}],"wp:term":[{"taxonomy":"product_brand","embeddable":true,"href":"https:\/\/warmyou.eu\/de\/wp-json\/wp\/v2\/product_brand?post=26628"},{"taxonomy":"product_cat","embeddable":true,"href":"https:\/\/warmyou.eu\/de\/wp-json\/wp\/v2\/product_cat?post=26628"},{"taxonomy":"product_tag","embeddable":true,"href":"https:\/\/warmyou.eu\/de\/wp-json\/wp\/v2\/product_tag?post=26628"}],"curies":[{"name":"wp","href":"https:\/\/api.w.org\/{rel}","templated":true}]}}