{"id":26644,"date":"2022-05-09T17:04:54","date_gmt":"2022-05-09T16:04:54","guid":{"rendered":"https:\/\/warmyou.eu\/product\/warmyou-lofum-elektrischer-fusswaermer-fusswaermer-fleece-3-einstellungen-30x30x23cm-grau\/"},"modified":"2025-11-03T12:08:49","modified_gmt":"2025-11-03T11:08:49","slug":"warmyou-lofum-elektrischer-fusswaermer-fusswaermer-fleece-3-einstellungen-30x30x23cm-grau","status":"publish","type":"product","link":"https:\/\/warmyou.eu\/de\/produkt\/warmyou-lofum-elektrischer-fusswaermer-fusswaermer-fleece-3-einstellungen-30x30x23cm-grau\/","title":{"rendered":"Elektrischer Fu\u00dfw\u00e4rmer aus Fleece \u2013 30\u00d730\u00d723 cm \u2013 3 Heizstufen \u2013 Warmyou Lofum \u2013 Grau"},"content":{"rendered":"<h1>Lofum Fu\u00dfw\u00e4rmer Hellgrau \u2013 Weiches Fleece, 3 Heizstufen, bis Gr\u00f6\u00dfe 47<\/h1>\n<p data-start=\"573\" data-end=\"975\">Der <strong data-start=\"576\" data-end=\"612\">Lofum Fu\u00dfw\u00e4rmer in Hellgrau<\/strong> bietet sofortige Linderung bei kalten oder wunden F\u00fc\u00dfen. Hergestellt aus extraweichem Fleece und Mikropl\u00fcsch f\u00fcr maximalen Komfort. Dank seiner <strong data-start=\"749\" data-end=\"779\">drei einstellbaren W\u00e4rmestufen <\/strong>ist der Fu\u00dfw\u00e4rmer einfach zu bedienen. Er passt bequem f\u00fcr <strong data-start=\"847\" data-end=\"864\">Schuhe bis Gr\u00f6\u00dfe 47 <\/strong>und hat eine praktische Gr\u00f6\u00dfe von <strong data-start=\"899\" data-end=\"918\">30 x 30 x 23 cm<\/strong>, sodass er leicht transportiert und verstaut werden kann.   <\/p>\n<p data-start=\"977\" data-end=\"1224\">Mit einer Leistung von <strong data-start=\"998\" data-end=\"1024\">100 W heizt <\/strong>es sich schnell auf und regt die <strong data-start=\"1046\" data-end=\"1065\">Durchblutung <\/strong>an, wodurch steife oder m\u00fcde F\u00fc\u00dfe entspannt werden. Der Bezug ist leicht zu reinigen, wodurch das Produkt hygienisch und langlebig bleibt. <\/p>\n<p data-start=\"1226\" data-end=\"1382\">Egal ob Sie zu Hause auf der Couch sitzen, am Schreibtisch arbeiten oder einfach schnell kalte F\u00fc\u00dfe bekommen \u2013 der <strong data-start=\"1315\" data-end=\"1337\">Lofum Fu\u00dfw\u00e4rmer<\/strong> ist eine bequeme und praktische L\u00f6sung.<\/p>\n<p>&nbsp;<\/p>\n<h3>Warum diesen Fu\u00dfw\u00e4rmer w\u00e4hlen?<\/h3>\n<ul>\n<li>Wunderbar <strong>weicher Fleece und Micropl\u00fcsch<\/strong><\/li>\n<li>Geeignet <strong>bis zu Gr\u00f6\u00dfe 47<\/strong><\/li>\n<li>Keine Batterie, <strong>daher unendlich warm <\/strong>und umweltfreundlich<\/li>\n<li>Einfache Handhabung. Nicht kompliziert werden, nur<strong> 3 Heizstufen<\/strong><\/li>\n<li><strong>Smart-Timer <\/strong>(schaltet sich nach 90 Minuten automatisch aus)<\/li>\n<li><strong>Maschinenwaschbar<\/strong> durch einfaches Trennen von der Steuerung<\/li>\n<li><strong>Gesch\u00fctzt<\/strong> gegen \u00dcberhitzung<\/li>\n<\/ul>\n<h3>Weitere Merkmale<\/h3>\n<ol>\n<li>Abmessungen: 30x30x23cm<\/li>\n<li>Maximaal 100W<\/li>\n<li>Kabell\u00e4nge: 2,40 Meter<\/li>\n<li>Farbe; hellgrau<\/li>\n<li>Zwei Jahre Garantie<\/li>\n<\/ol>\n<h3>Was ist in der Schachtel?<\/h3>\n<ul>\n<li>Elektrische W\u00e4rmedecke<\/li>\n<li>Kabel mit Controller<\/li>\n<li>Handbuch<\/li>\n<\/ul>\n","protected":false},"excerpt":{"rendered":"<p>Der Lofum Fu\u00dfw\u00e4rmer in Hellgrau besteht aus weichem Fleece und Mikropl\u00fcsch. Er ist f\u00fcr Gr\u00f6\u00dfen bis 47 geeignet, verf\u00fcgt \u00fcber 3 Heizstufen und eine schnelle Aufheizzeit (100 W). Er regt die Durchblutung an und lindert kalte oder schmerzende F\u00fc\u00dfe.  <\/p>\n","protected":false},"featured_media":28011,"comment_status":"open","ping_status":"closed","template":"","meta":{"_acf_changed":false,"_seopress_robots_primary_cat":"none","_seopress_titles_title":"Lofum Fu\u00dfw\u00e4rmer hellgrau \u2013 Weicher Fleece bis Gr\u00f6\u00dfe 47","_seopress_titles_desc":"Lofum Fu\u00dfw\u00e4rmer aus weichem Fleece mit 3 Heizstufen. Passt bis Gr\u00f6\u00dfe 47, w\u00e4rmt schnell und regt die Durchblutung an. In stylischem Hellgrau.  ","_seopress_robots_index":""},"product_brand":[],"product_cat":[154],"product_tag":[439,441,370,442],"class_list":{"0":"post-26644","1":"product","2":"type-product","3":"status-publish","4":"has-post-thumbnail","6":"product_cat-fusswarmer","7":"product_tag-fuswarmer","8":"product_tag-hellgrau","9":"product_tag-lofum-de","10":"product_tag-warme-fuse","12":"first","13":"instock","14":"taxable","15":"shipping-taxable","16":"purchasable","17":"product-type-simple"},"acf":[],"_links":{"self":[{"href":"https:\/\/warmyou.eu\/de\/wp-json\/wp\/v2\/product\/26644","targetHints":{"allow":["GET"]}}],"collection":[{"href":"https:\/\/warmyou.eu\/de\/wp-json\/wp\/v2\/product"}],"about":[{"href":"https:\/\/warmyou.eu\/de\/wp-json\/wp\/v2\/types\/product"}],"replies":[{"embeddable":true,"href":"https:\/\/warmyou.eu\/de\/wp-json\/wp\/v2\/comments?post=26644"}],"wp:featuredmedia":[{"embeddable":true,"href":"https:\/\/warmyou.eu\/de\/wp-json\/wp\/v2\/media\/28011"}],"wp:attachment":[{"href":"https:\/\/warmyou.eu\/de\/wp-json\/wp\/v2\/media?parent=26644"}],"wp:term":[{"taxonomy":"product_brand","embeddable":true,"href":"https:\/\/warmyou.eu\/de\/wp-json\/wp\/v2\/product_brand?post=26644"},{"taxonomy":"product_cat","embeddable":true,"href":"https:\/\/warmyou.eu\/de\/wp-json\/wp\/v2\/product_cat?post=26644"},{"taxonomy":"product_tag","embeddable":true,"href":"https:\/\/warmyou.eu\/de\/wp-json\/wp\/v2\/product_tag?post=26644"}],"curies":[{"name":"wp","href":"https:\/\/api.w.org\/{rel}","templated":true}]}}