{"id":26648,"date":"2024-10-29T10:33:10","date_gmt":"2024-10-29T09:33:10","guid":{"rendered":"https:\/\/warmyou.eu\/product\/warmyou-cuddels-heizdecke-waermedecke-fleece-3-einstellungen-160x120cm-braun-beige-outlet\/"},"modified":"2025-07-08T13:12:01","modified_gmt":"2025-07-08T12:12:01","slug":"warmyou-cuddels-heizdecke-waermedecke-fleece-3-einstellungen-160x120cm-braun-beige-outlet","status":"publish","type":"product","link":"https:\/\/warmyou.eu\/de\/produkt\/warmyou-cuddels-heizdecke-waermedecke-fleece-3-einstellungen-160x120cm-braun-beige-outlet\/","title":{"rendered":"Warmyou Cuddels &#8211; Heizdecke &#8211; W\u00e4rmedecke &#8211; Fleece &#8211; 3 Einstellungen &#8211; 160x120cm &#8211; Braun \/ Beige &#8211; OUTLET"},"content":{"rendered":"<h3>OUTLET<\/h3>\n<p><strong>Das betreffende Produkt wurde mindestens einmal aus der Verpackung genommen und von uns stets auf korrekte Funktion getestet, bevor es im Handel angeboten wird. Das Produkt ist ansonsten in ausgezeichnetem Zustand, vergleichbar mit Neuzustand. Obwohl der Karton und\/oder die Verpackung besch\u00e4digt sein k\u00f6nnen, gilt f\u00fcr alle Outlet-Angebote die gleiche Garantie.  <\/strong><\/p>\n<p>Mit einer elektrischen Fleecedecke k\u00f6nnen Sie Energie sparen, indem Sie die Heizung herunterdrehen und es trotzdem sch\u00f6n warm haben. Diese weiche Fleecedecke aus Mikropl\u00fcsch bietet ultimativen Komfort auf dem Sofa, im Wintergarten oder unter dem Vordach. Dank der Zeitschaltuhr schaltet sich die Decke nach 3 Stunden automatisch ab, so dass Sie sicher schlafen k\u00f6nnen, ohne Angst haben zu m\u00fcssen, dass Sie bei noch eingeschalteter Heizung einschlafen. Au\u00dferdem ist die Gr\u00f6\u00dfe f\u00fcr eine Person geeignet und die Decke hat eine Fl\u00e4che von 160&#215;120 cm. Kurzum, mit einer elektrischen Fleecedecke sparen Sie Energie und bleiben ohne hohe Heizkosten wunderbar warm.<\/p>\n<h3>Warum sollten Sie sich f\u00fcr diese Heizdecke entscheiden?<\/h3>\n<ul>\n<li>Wunderbar <strong>weicher Mikropl\u00fcsch<\/strong><\/li>\n<li>Schnell und warm<\/li>\n<li>Keine Batterie, <strong>daher unendlich warm <\/strong>und umweltfreundlich<\/li>\n<li>Einfache Handhabung. Nicht kompliziert werden, nur<strong> 3 Heizstufen<\/strong><\/li>\n<li><strong>Smart-Timer<\/strong> (schaltet sich nach 3 Stunden automatisch aus)<\/li>\n<li><strong>Maschinenwaschbar<\/strong> durch einfaches Trennen von der Steuerung<\/li>\n<li><strong>Gesch\u00fctzt<\/strong> gegen \u00dcberhitzung<\/li>\n<\/ul>\n<div class=\"col-xs-12 col-sm-6\">\n<h3>Weitere Merkmale<\/h3>\n<ul>\n<li>160x120cm<\/li>\n<li>maximal 120 Watt<\/li>\n<li>Farbe: braun\/beige<\/li>\n<li>Zwei Jahre Garantie<\/li>\n<\/ul>\n<h3>Was ist in der Schachtel?<\/h3>\n<ul>\n<li>Elektrische W\u00e4rmedecke<\/li>\n<li>Kabel mit Controller<\/li>\n<li>Handbuch<\/li>\n<\/ul>\n<p>&nbsp;<\/p>\n<\/div>\n","protected":false},"excerpt":{"rendered":"<p>Diese elektrische Fleecedecke ist aus wunderbar weichem Micro-Pl\u00fcsch gefertigt. Schalten Sie nachts die Heizung aus (Kostenersparnis) und kuscheln Sie sich mit diesem herrlich weichen Fleece auf das Sofa. Die Gr\u00f6\u00dfe ist gut f\u00fcr eine Person und hat eine Fl\u00e4che von 160&#215;120 cm. Dank des Auto-Timers schaltet sich diese elektrische Fleecedecke nach 3 Stunden automatisch ab Gut und sicher!<\/p>\n","protected":false},"featured_media":26649,"comment_status":"open","ping_status":"closed","template":"","meta":{"_acf_changed":false,"_seopress_robots_primary_cat":"none","_seopress_titles_title":"Warmyou Cuddels - Heizdecke - Heizdecke - Fleece - 3 Positionen - 160x120cm - Braun \/ Beige","_seopress_titles_desc":"Elektrische Fleecedecke aus wunderbar weichem Mikropl\u00fcsch. Reduzieren Sie die Heizung und machen Sie es sich unter dieser elektrischen Fleecedecke sch\u00f6n warm.  160x120cm","_seopress_robots_index":""},"product_brand":[],"product_cat":[375],"product_tag":[366],"class_list":{"0":"post-26648","1":"product","2":"type-product","3":"status-publish","4":"has-post-thumbnail","6":"product_cat-outlet-de","7":"product_tag-cuddels-de","9":"first","10":"instock","11":"sale","12":"taxable","13":"shipping-taxable","14":"purchasable","15":"product-type-simple"},"acf":[],"_links":{"self":[{"href":"https:\/\/warmyou.eu\/de\/wp-json\/wp\/v2\/product\/26648","targetHints":{"allow":["GET"]}}],"collection":[{"href":"https:\/\/warmyou.eu\/de\/wp-json\/wp\/v2\/product"}],"about":[{"href":"https:\/\/warmyou.eu\/de\/wp-json\/wp\/v2\/types\/product"}],"replies":[{"embeddable":true,"href":"https:\/\/warmyou.eu\/de\/wp-json\/wp\/v2\/comments?post=26648"}],"wp:featuredmedia":[{"embeddable":true,"href":"https:\/\/warmyou.eu\/de\/wp-json\/wp\/v2\/media\/26649"}],"wp:attachment":[{"href":"https:\/\/warmyou.eu\/de\/wp-json\/wp\/v2\/media?parent=26648"}],"wp:term":[{"taxonomy":"product_brand","embeddable":true,"href":"https:\/\/warmyou.eu\/de\/wp-json\/wp\/v2\/product_brand?post=26648"},{"taxonomy":"product_cat","embeddable":true,"href":"https:\/\/warmyou.eu\/de\/wp-json\/wp\/v2\/product_cat?post=26648"},{"taxonomy":"product_tag","embeddable":true,"href":"https:\/\/warmyou.eu\/de\/wp-json\/wp\/v2\/product_tag?post=26648"}],"curies":[{"name":"wp","href":"https:\/\/api.w.org\/{rel}","templated":true}]}}