{"id":26654,"date":"2024-09-25T13:42:52","date_gmt":"2024-09-25T11:42:52","guid":{"rendered":"https:\/\/warmyou.eu\/product\/warmyou-lofum-elektrischer-fusswaermer-fusswaermer-fleece-3-einstellungen-30x30x23cm-anthrazit-outlet\/"},"modified":"2025-07-07T09:43:48","modified_gmt":"2025-07-07T08:43:48","slug":"warmyou-lofum-elektrischer-fusswaermer-fusswaermer-fleece-3-einstellungen-30x30x23cm-anthrazit-outlet","status":"publish","type":"product","link":"https:\/\/warmyou.eu\/de\/produkt\/warmyou-lofum-elektrischer-fusswaermer-fusswaermer-fleece-3-einstellungen-30x30x23cm-anthrazit-outlet\/","title":{"rendered":"Warmyou Lofum &#8211; Elektrischer Fu\u00dfw\u00e4rmer &#8211; Fu\u00dfw\u00e4rmer &#8211; Fleece &#8211; 3 Einstellungen &#8211; 30x30x23cm &#8211; Anthrazit &#8211; OUTLET"},"content":{"rendered":"<h3>OUTLET<\/h3>\n<p><strong>Das betreffende Produkt wurde mindestens einmal aus der Verpackung genommen und von uns stets auf korrekte Funktion getestet, bevor es im Handel angeboten wird. Das Produkt ist ansonsten in ausgezeichnetem Zustand, vergleichbar mit Neuzustand. Obwohl der Karton und\/oder die Verpackung besch\u00e4digt sein k\u00f6nnen, gilt f\u00fcr alle Outlet-Angebote die gleiche Garantie.  <\/strong><\/p>\n<p>Der Fu\u00dfw\u00e4rmer ist aus wunderbar weichem Material wie Fleece und Mikropl\u00fcsch gefertigt, um optimalen Komfort zu bieten. Der Fu\u00dfw\u00e4rmer ist mit seinen 3 W\u00e4rmestufen einfach zu bedienen und eignet sich f\u00fcr F\u00fc\u00dfe bis etwa Gr\u00f6\u00dfe 47. Mit seinen Ma\u00dfen von 30x30x23 cm ist er leicht zu transportieren.<\/p>\n<p>Au\u00dferdem heizt der Fu\u00dfw\u00e4rmer mit 100 W schnell auf und regt die Blutzirkulation an. Der Fu\u00dfw\u00e4rmer ist in Hellgrau erh\u00e4ltlich und l\u00e4sst sich leicht reinigen. Kurzum, der Fu\u00dfw\u00e4rmer ist eine gro\u00dfartige L\u00f6sung f\u00fcr Menschen mit kalten oder schmerzhaften F\u00fc\u00dfen.<\/p>\n<h3>Warum diesen Fu\u00dfw\u00e4rmer w\u00e4hlen?<\/h3>\n<ul>\n<li>Wunderbar <strong>weicher Fleece und Micropl\u00fcsch<\/strong><\/li>\n<li>Geeignet <strong>bis zu Gr\u00f6\u00dfe 47<\/strong><\/li>\n<li>Keine Batterie, <strong>daher unendlich warm <\/strong>und umweltfreundlich<\/li>\n<li>Einfache Handhabung. Nicht kompliziert werden, nur<strong> 3 Heizstufen<\/strong><\/li>\n<li><strong>Smart-Timer <\/strong>(schaltet sich nach 90 Minuten automatisch aus)<\/li>\n<li><strong>Maschinenwaschbar<\/strong> durch einfaches Trennen von der Steuerung<\/li>\n<li><strong>Gesch\u00fctzt<\/strong> gegen \u00dcberhitzung<\/li>\n<\/ul>\n<h3>Weitere Merkmale<\/h3>\n<ol>\n<li>Abmessungen: 30x30x23cm<\/li>\n<li>Maximaal 100W<\/li>\n<li>Farbe; Anthrazit<\/li>\n<li>Zwei Jahre Garantie<\/li>\n<\/ol>\n<h3>Was ist in der Schachtel?<\/h3>\n<ul>\n<li>Elektrische W\u00e4rmedecke<\/li>\n<li>Kabel mit Controller<\/li>\n<li>Handbuch<\/li>\n<\/ul>\n","protected":false},"excerpt":{"rendered":"<p>Der Fu\u00dfw\u00e4rmer ist au\u00dfen aus superweichem Fleece und innen aus Mikropl\u00fcsch gefertigt. Der Fu\u00dfw\u00e4rmer ist f\u00fcr fast alle Personen bis etwa Gr\u00f6\u00dfe 47 geeignet und hilft, kalte oder schmerzende F\u00fc\u00dfe zu w\u00e4rmen. Wenn Sie den Stecker in die Steckdose stecken, k\u00f6nnen Sie eine angenehme W\u00e4rme um Ihre F\u00fc\u00dfe und Kn\u00f6chel genie\u00dfen.<\/p>\n","protected":false},"featured_media":26561,"comment_status":"open","ping_status":"closed","template":"","meta":{"_acf_changed":false,"_seopress_robots_primary_cat":"none","_seopress_titles_title":"Warmyou Lofum - Elektrischer Fu\u00dfw\u00e4rmer - Fu\u00dfw\u00e4rmer - Fleece - 3 Einstellungen - 30x30x23cm - Anthrazit","_seopress_titles_desc":"Der Fu\u00dfw\u00e4rmer ist au\u00dfen aus superweichem Fleece und innen aus Mikropl\u00fcsch gefertigt. Der Fu\u00dfw\u00e4rmer ist f\u00fcr fast alle Personen bis etwa Gr\u00f6\u00dfe 47 geeignet und hilft, kalte oder schmerzende F\u00fc\u00dfe zu w\u00e4rmen.","_seopress_robots_index":""},"product_brand":[],"product_cat":[375],"product_tag":[370],"class_list":{"0":"post-26654","1":"product","2":"type-product","3":"status-publish","4":"has-post-thumbnail","6":"product_cat-outlet-de","7":"product_tag-lofum-de","9":"first","10":"instock","11":"sale","12":"taxable","13":"shipping-taxable","14":"purchasable","15":"product-type-simple"},"acf":[],"_links":{"self":[{"href":"https:\/\/warmyou.eu\/de\/wp-json\/wp\/v2\/product\/26654","targetHints":{"allow":["GET"]}}],"collection":[{"href":"https:\/\/warmyou.eu\/de\/wp-json\/wp\/v2\/product"}],"about":[{"href":"https:\/\/warmyou.eu\/de\/wp-json\/wp\/v2\/types\/product"}],"replies":[{"embeddable":true,"href":"https:\/\/warmyou.eu\/de\/wp-json\/wp\/v2\/comments?post=26654"}],"wp:featuredmedia":[{"embeddable":true,"href":"https:\/\/warmyou.eu\/de\/wp-json\/wp\/v2\/media\/26561"}],"wp:attachment":[{"href":"https:\/\/warmyou.eu\/de\/wp-json\/wp\/v2\/media?parent=26654"}],"wp:term":[{"taxonomy":"product_brand","embeddable":true,"href":"https:\/\/warmyou.eu\/de\/wp-json\/wp\/v2\/product_brand?post=26654"},{"taxonomy":"product_cat","embeddable":true,"href":"https:\/\/warmyou.eu\/de\/wp-json\/wp\/v2\/product_cat?post=26654"},{"taxonomy":"product_tag","embeddable":true,"href":"https:\/\/warmyou.eu\/de\/wp-json\/wp\/v2\/product_tag?post=26654"}],"curies":[{"name":"wp","href":"https:\/\/api.w.org\/{rel}","templated":true}]}}