{"id":26656,"date":"2024-09-25T13:40:14","date_gmt":"2024-09-25T11:40:14","guid":{"rendered":"https:\/\/warmyou.eu\/product\/warmyou-hugme-elektrischer-nacken-rueckenwaermer-waermekissen-vlies-3-positionen-60x90cm-anthrazit-outlet\/"},"modified":"2025-07-07T09:45:57","modified_gmt":"2025-07-07T08:45:57","slug":"warmyou-hugme-elektrischer-nacken-rueckenwaermer-waermekissen-vlies-3-positionen-60x90cm-anthrazit-outlet","status":"publish","type":"product","link":"https:\/\/warmyou.eu\/de\/produkt\/warmyou-hugme-elektrischer-nacken-rueckenwaermer-waermekissen-vlies-3-positionen-60x90cm-anthrazit-outlet\/","title":{"rendered":"Warmyou Hugme &#8211; Elektrischer Nacken-\/R\u00fcckenw\u00e4rmer &#8211; Heizkissen &#8211; Fleece &#8211; 9 Positionen &#8211; 60x90cm &#8211; Anthrazit &#8211; OUTLET"},"content":{"rendered":"<h3>OUTLET<\/h3>\n<p><strong>Das betreffende Produkt wurde mindestens einmal aus der Verpackung genommen und von uns stets auf korrekte Funktion getestet, bevor es im Handel angeboten wird. Das Produkt ist ansonsten in ausgezeichnetem Zustand, vergleichbar mit Neuzustand. Obwohl der Karton und\/oder die Verpackung besch\u00e4digt sein k\u00f6nnen, gilt f\u00fcr alle Outlet-Angebote die gleiche Garantie.  <\/strong><\/p>\n<p>Wunderbar entspannend f\u00fcr die Nacken-\/Schulter- und R\u00fcckenmuskulatur und eine ideale L\u00f6sung, um z. B. Muskelschmerzen und\/oder Kr\u00e4mpfe zu lindern. Mit dem einfach zu bedienenden Regler k\u00f6nnen Sie schnell zwischen 9 verschiedenen W\u00e4rmestufen wechseln. Das Nacken-\/Schulter-\/R\u00fcckenkissen ist auch leicht zu waschen, indem man den Stecker vom Regler abzieht.   Au\u00dferdem schaltet er sich nach 90 Minuten automatisch ab, was f\u00fcr zus\u00e4tzliche Sicherheit sorgt. Dieses W\u00e4rmekissen ist nicht nur entspannend, sondern kann auch verwendet werden, wenn Sie zu Hause arbeiten, wenn Ihnen einfach nur kalt ist oder wenn Sie viel an einem zugigen Ort sitzen.<\/p>\n<div class=\"row\">\n<h3>Warum dieses W\u00e4rmekissen f\u00fcr Nacken und Schultern?<\/h3>\n<div class=\"row\">\n<div class=\"col-xs-12 col-sm-6\">\n<div class=\"col-xs-12 col-sm-6\">\n<ul>\n<li>Wunderbar<strong> weiches Fleece<\/strong><\/li>\n<li>Optimale Passform durch <strong>Druckkn\u00f6pfe<\/strong><\/li>\n<li><strong>Hilft bei Nacken-\/Schulterbeschwerden<\/strong><\/li>\n<li>Keine Batterie, <strong>daher unendlich warm <\/strong>und umweltfreundlich<\/li>\n<li>Einfache Handhabung. <strong>9 Heizstufen<\/strong><\/li>\n<li><strong>Smart-Timer<\/strong> (schaltet sich nach 3 Stunden automatisch aus)<\/li>\n<li><strong>Maschinenwaschbar<\/strong> durch einfaches Trennen von der Steuerung<\/li>\n<li><strong>Gesch\u00fctzt<\/strong> gegen \u00dcberhitzung<\/li>\n<\/ul>\n<\/div>\n<div class=\"col-xs-12 col-sm-6\">\n<h3>Weitere Merkmale<\/h3>\n<ol>\n<li>Farbe: Beige<\/li>\n<li>Gr\u00f6\u00dfe: 60x90cm<\/li>\n<li>Wattleistung: 100W<\/li>\n<li>Farbe: Anthrazit<\/li>\n<li>Zwei Jahre Garantie<\/li>\n<\/ol>\n<h3>Was ist in der Schachtel?<\/h3>\n<ul>\n<li>Elektrisches Nacken-\/Schulter-Heizkissen<\/li>\n<li>Kabel mit Controller<\/li>\n<li>Handbuch<\/li>\n<\/ul>\n<\/div>\n<\/div>\n<\/div>\n<\/div>\n","protected":false},"excerpt":{"rendered":"<p>Wunderbar entspannend f\u00fcr Nacken, Schultern und R\u00fcckenmuskulatur. Ideal zur Linderung von Muskelschmerzen, Kr\u00e4mpfen usw. oder einfach nur sch\u00f6n warm f\u00fcr den Heimarbeiter. Einfach zu bedienende Steuerung, schnelles Umschalten zwischen 9 W\u00e4rmestufen. Das Nacken-\/Schulter-\/R\u00fcckenkissen l\u00e4sst sich durch Entfernen des Reglers\/Steckers leicht waschen.    Automatischer Timer, schaltet nach 90 Minuten ab.<\/p>\n","protected":false},"featured_media":26423,"comment_status":"open","ping_status":"closed","template":"","meta":{"_acf_changed":false,"_seopress_robots_primary_cat":"none","_seopress_titles_title":"Warmyou Hugme - Elektrischer Nacken-\/R\u00fcckenw\u00e4rmer - Heizkissen - Fleece - 9 Positionen - 60x90cm - Anthrazit","_seopress_titles_desc":"Leiden Sie unter einem steifen\/schmerzhaften R\u00fccken? Oder frieren Sie, wenn Sie zu Hause arbeiten? Dann benutzen Sie einen elektrischen R\u00fcckenw\u00e4rmer! Die L\u00f6sung, um Muskelschmerzen, Kr\u00e4mpfe oder andere R\u00fcckenschmerzen zu reduzieren\/zu lindern.   ","_seopress_robots_index":""},"product_brand":[],"product_cat":[375],"product_tag":[357],"class_list":{"0":"post-26656","1":"product","2":"type-product","3":"status-publish","4":"has-post-thumbnail","6":"product_cat-outlet-de","7":"product_tag-hugme-de","9":"first","10":"instock","11":"sale","12":"taxable","13":"shipping-taxable","14":"purchasable","15":"product-type-simple"},"acf":[],"_links":{"self":[{"href":"https:\/\/warmyou.eu\/de\/wp-json\/wp\/v2\/product\/26656","targetHints":{"allow":["GET"]}}],"collection":[{"href":"https:\/\/warmyou.eu\/de\/wp-json\/wp\/v2\/product"}],"about":[{"href":"https:\/\/warmyou.eu\/de\/wp-json\/wp\/v2\/types\/product"}],"replies":[{"embeddable":true,"href":"https:\/\/warmyou.eu\/de\/wp-json\/wp\/v2\/comments?post=26656"}],"wp:featuredmedia":[{"embeddable":true,"href":"https:\/\/warmyou.eu\/de\/wp-json\/wp\/v2\/media\/26423"}],"wp:attachment":[{"href":"https:\/\/warmyou.eu\/de\/wp-json\/wp\/v2\/media?parent=26656"}],"wp:term":[{"taxonomy":"product_brand","embeddable":true,"href":"https:\/\/warmyou.eu\/de\/wp-json\/wp\/v2\/product_brand?post=26656"},{"taxonomy":"product_cat","embeddable":true,"href":"https:\/\/warmyou.eu\/de\/wp-json\/wp\/v2\/product_cat?post=26656"},{"taxonomy":"product_tag","embeddable":true,"href":"https:\/\/warmyou.eu\/de\/wp-json\/wp\/v2\/product_tag?post=26656"}],"curies":[{"name":"wp","href":"https:\/\/api.w.org\/{rel}","templated":true}]}}