{"id":26657,"date":"2024-09-25T13:31:50","date_gmt":"2024-09-25T11:31:50","guid":{"rendered":"https:\/\/warmyou.eu\/product\/warmyou-handypad-waermematte-waermekissen-vlies-3-positionen-60x30cm-grau-outlet\/"},"modified":"2025-07-07T09:47:26","modified_gmt":"2025-07-07T08:47:26","slug":"warmyou-handypad-waermematte-waermekissen-vlies-3-positionen-60x30cm-grau-outlet","status":"publish","type":"product","link":"https:\/\/warmyou.eu\/de\/produkt\/warmyou-handypad-waermematte-waermekissen-vlies-3-positionen-60x30cm-grau-outlet\/","title":{"rendered":"Warmyou Handypad &#8211; W\u00e4rmematte &#8211; W\u00e4rmekissen &#8211; Vlies &#8211; 3 Positionen &#8211; 60x30cm &#8211; Grau &#8211; OUTLET"},"content":{"rendered":"<h3>OUTLET<\/h3>\n<p><strong>Das betreffende Produkt wurde mindestens einmal aus der Verpackung genommen und von uns stets auf korrekte Funktion getestet, bevor es im Handel angeboten wird. Das Produkt ist ansonsten in ausgezeichnetem Zustand, vergleichbar mit Neuzustand. Obwohl der Karton und\/oder die Verpackung besch\u00e4digt sein k\u00f6nnen, gilt f\u00fcr alle Outlet-Angebote die gleiche Garantie.  <\/strong><\/p>\n<p>Diese Heizmatte ist kompakt und leicht zu transportieren, so dass sie \u00fcberall einsetzbar ist. Es heizt sich schnell auf und besteht aus weichem Fleece-Material, wodurch es sich ideal f\u00fcr therapeutische Zwecke eignet, wie zum Beispiel:<\/p>\n<ul>\n<li><strong>Steife Muskeln <\/strong><\/li>\n<li><strong>R\u00fcckenschmerzen \/ Bauchschmerzen <\/strong><\/li>\n<li><strong>Menstruationsbeschwerden <\/strong><\/li>\n<li><strong>kalte F\u00fc\u00dfe\/R\u00fccken\/Bauch<\/strong><\/li>\n<\/ul>\n<p>Die Matte ist in der Farbe Hellgrau gehalten und besteht aus wunderbar weichem Vlies, sodass der direkte Kontakt mit der Haut weder Probleme bereitet noch unangenehm empfunden wird. Diese weiche Vliesmatte hat die Ma\u00dfe 60 x 30 cm.  Die Wattzahl betr\u00e4gt 100 W und die Spannung 220-240 V. Der Verbrauch betr\u00e4gt 0,1 kWh. Die Matte ist waschbar (bis zu maximal 30\u00b0C).<br \/>\nKurz gesagt, diese Heizmatte ist schnell auf Temperatur, kompakt, gut geeignet f\u00fcr therapeutische Zwecke und leicht zu pflegen.<\/p>\n<h3>Warum diese W\u00e4rmematte w\u00e4hlen?<\/h3>\n<ul>\n<li>Wunderbar<strong> weiches Fleece<\/strong><\/li>\n<li>Schnell und warm<\/li>\n<li>Kann dank der kompakten Gr\u00f6\u00dfe <strong>\u00fcberall eingesetzt werden<\/strong><\/li>\n<li>Keine Batterie, <strong>daher unendlich warm <\/strong>und umweltfreundlich<\/li>\n<li>Einfache Handhabung. Nicht kompliziert werden, nur<strong> 3 Heizstufen<\/strong><\/li>\n<li><strong>Smart-Timer<\/strong> (schaltet sich nach 3 Stunden automatisch aus)<\/li>\n<li><strong>Maschinenwaschbar<\/strong> durch einfaches Trennen von der Steuerung<\/li>\n<li><strong>Gesch\u00fctzt<\/strong> gegen \u00dcberhitzung<\/li>\n<\/ul>\n<h3>Weitere Merkmale<\/h3>\n<ol>\n<li>60&#215;30 cm<\/li>\n<li>Maximal 100 Watt<\/li>\n<li>Farbe: hellgrau<\/li>\n<li>Material: weiches Fleece<\/li>\n<li>Zwei Jahre Garantie<\/li>\n<\/ol>\n<h3>Was ist in der Schachtel?<\/h3>\n<ul>\n<li>Elektrische Heizmatte<\/li>\n<li>Kabel mit Controller<\/li>\n<li>Handbuch<\/li>\n<\/ul>\n","protected":false},"excerpt":{"rendered":"<p>Diese Heizmatte ist kompakt und dank ihrer begrenzten Gr\u00f6\u00dfe von 60 x 30 cm leicht zu transportieren. Die schnelle Erw\u00e4rmung sorgt daf\u00fcr, dass Sie die W\u00e4rme schnell genie\u00dfen k\u00f6nnen, und das Fleecematerial ist wunderbar weich. N\u00fctzlich zum Beispiel bei Muskelkater oder Menstruationsbeschwerden.<\/p>\n","protected":false},"featured_media":26658,"comment_status":"open","ping_status":"closed","template":"","meta":{"_acf_changed":false,"_seopress_robots_primary_cat":"none","_seopress_titles_title":"Warmyou Handypad \u2013 Heizmatte \u2013 Heizkissen \u2013 Fleece \u2013 3 Positionen \u2013 60 x 30 cm \u2013 Grau","_seopress_titles_desc":"Diese Heizmatte ist kompakt und leicht zu transportieren und hat eine begrenzte Gr\u00f6\u00dfe (60 x 30 cm). Super geeignet bei Monatsbeschwerden, schmerzenden Muskeln, schmerzendem R\u00fccken oder kalten F\u00fc\u00dfen\/Bauch\/R\u00fccken. ","_seopress_robots_index":""},"product_brand":[],"product_cat":[375],"product_tag":[374],"class_list":{"0":"post-26657","1":"product","2":"type-product","3":"status-publish","4":"has-post-thumbnail","6":"product_cat-outlet-de","7":"product_tag-handypad-de","9":"first","10":"outofstock","11":"sale","12":"taxable","13":"shipping-taxable","14":"purchasable","15":"product-type-simple"},"acf":[],"_links":{"self":[{"href":"https:\/\/warmyou.eu\/de\/wp-json\/wp\/v2\/product\/26657","targetHints":{"allow":["GET"]}}],"collection":[{"href":"https:\/\/warmyou.eu\/de\/wp-json\/wp\/v2\/product"}],"about":[{"href":"https:\/\/warmyou.eu\/de\/wp-json\/wp\/v2\/types\/product"}],"replies":[{"embeddable":true,"href":"https:\/\/warmyou.eu\/de\/wp-json\/wp\/v2\/comments?post=26657"}],"wp:featuredmedia":[{"embeddable":true,"href":"https:\/\/warmyou.eu\/de\/wp-json\/wp\/v2\/media\/26658"}],"wp:attachment":[{"href":"https:\/\/warmyou.eu\/de\/wp-json\/wp\/v2\/media?parent=26657"}],"wp:term":[{"taxonomy":"product_brand","embeddable":true,"href":"https:\/\/warmyou.eu\/de\/wp-json\/wp\/v2\/product_brand?post=26657"},{"taxonomy":"product_cat","embeddable":true,"href":"https:\/\/warmyou.eu\/de\/wp-json\/wp\/v2\/product_cat?post=26657"},{"taxonomy":"product_tag","embeddable":true,"href":"https:\/\/warmyou.eu\/de\/wp-json\/wp\/v2\/product_tag?post=26657"}],"curies":[{"name":"wp","href":"https:\/\/api.w.org\/{rel}","templated":true}]}}