{"id":26707,"date":"2023-12-13T13:56:41","date_gmt":"2023-12-13T12:56:41","guid":{"rendered":"https:\/\/warmyou.eu\/product\/elektrisches-unterbett-comfox-outlet\/"},"modified":"2025-07-07T09:48:37","modified_gmt":"2025-07-07T08:48:37","slug":"elektrisches-unterbett-comfox-outlet","status":"publish","type":"product","link":"https:\/\/warmyou.eu\/de\/produkt\/elektrisches-unterbett-comfox-outlet\/","title":{"rendered":"Elektrisches Unterbett &#8211; Comfox (OUTLET)"},"content":{"rendered":"<h3>OUTLET<\/h3>\n<p><strong>Das betreffende Produkt wurde mindestens einmal aus der Verpackung genommen und von uns stets auf korrekte Funktion getestet, bevor es im Handel angeboten wird. Das Produkt ist ansonsten in ausgezeichnetem Zustand, vergleichbar mit Neuzustand. Obwohl der Karton und\/oder die Verpackung besch\u00e4digt sein k\u00f6nnen, gilt f\u00fcr alle Outlet-Angebote die gleiche Garantie.  <\/strong><\/p>\n<p>Wird Ihnen im Bett leicht kalt? Dieses elektrische Unterbett bietet eine komfortable L\u00f6sung, um im Schlaf warm zu bleiben. Diese beheizte Unterbettdecke verleiht Ihrem Bett eine zus\u00e4tzliche Dimension. Au\u00dferdem ist diese Unterbettdecke mit einem Sicherheitssystem gegen \u00dcberhitzung ausgestattet. Nach 3 Stunden (180 Minuten) schaltet es sich automatisch ab.<\/p>\n<p>Tipp: Schalten Sie das Unterbett schon etwas fr\u00fcher vor dem Zubettgehen ein, damit Sie beim Einschlafen eine angenehm warme \u00dcberraschung erwartet.<\/p>\n<div class=\"row\">\n<div class=\"col-xs-12 col-sm-6\"><\/div>\n<\/div>\n<div class=\"row\">\n<div class=\"col-xs-12 col-sm-6\">\n<h3>Warum ein elektrisches Unterbett w\u00e4hlen?<\/h3>\n<ul>\n<li>Sorgt f\u00fcr ein <strong>warmes Bett<\/strong> und <strong>besseren Schlaf<\/strong><\/li>\n<li>Schnell und warm<\/li>\n<li>Hilft, die Ausbreitung von <strong>Hausstaubmilben<\/strong> zu verhindern<\/li>\n<li>Keine Batterie, <strong>daher unendlich warm <\/strong>und umweltfreundlich<\/li>\n<li>Einfache Handhabung. Nicht kompliziert werden, nur<strong> 3 Heizstufen<\/strong><\/li>\n<li><strong>Smart-Timer<\/strong> (schaltet sich nach 3 Stunden automatisch aus)<\/li>\n<li><strong>Maschinenwaschbar<\/strong> durch einfaches Trennen von der Steuerung<\/li>\n<li><strong>Gesch\u00fctzt<\/strong> gegen \u00dcberhitzung<\/li>\n<\/ul>\n<\/div>\n<div class=\"col-xs-12 col-sm-6\">\n<h3>Weitere Merkmale<\/h3>\n<ol>\n<li>150x80cm<\/li>\n<li>Maximal 60 Watt<\/li>\n<li>Farbe; Wei\u00df<\/li>\n<li>Zwei Jahre Garantie<\/li>\n<\/ol>\n<\/div>\n<\/div>\n<h3>Was ist in der Schachtel?<\/h3>\n<ul>\n<li>Elektrische W\u00e4rmedecke<\/li>\n<li>Kabel mit Controller<\/li>\n<li>Handbuch<\/li>\n<\/ul>\n","protected":false},"excerpt":{"rendered":"<h3>OUTLET<\/h3>\n<p><strong>Das betreffende Produkt wurde mindestens einmal aus der Verpackung genommen und von uns stets auf korrekte Funktion getestet, bevor es im Handel angeboten wird. Das Produkt ist ansonsten in ausgezeichnetem Zustand, vergleichbar mit Neuzustand. Obwohl der Karton und\/oder die Verpackung besch\u00e4digt sein k\u00f6nnen, gilt f\u00fcr alle Outlet-Angebote die gleiche Garantie.  <\/strong><\/p>\n","protected":false},"featured_media":26708,"comment_status":"open","ping_status":"closed","template":"","meta":{"_acf_changed":false,"_seopress_robots_primary_cat":"none","_seopress_titles_title":"Comfox Heizdecke mit Timer %%sep%% %%sitetitle%% %%tagline%%","_seopress_titles_desc":"Im Bett schnell kalt werden? Dann ist dieses elektrische Unterbett eine tolle L\u00f6sung. Wunderbar warmes Bett. Die Abmessungen betragen 150 x 80 cm. Dank des Smart-Timers schaltet es sich nach 3 Stunden automatisch aus!    ","_seopress_robots_index":""},"product_brand":[],"product_cat":[375],"product_tag":[381],"class_list":{"0":"post-26707","1":"product","2":"type-product","3":"status-publish","4":"has-post-thumbnail","6":"product_cat-outlet-de","7":"product_tag-comfox-de","9":"first","10":"outofstock","11":"sale","12":"taxable","13":"shipping-taxable","14":"purchasable","15":"product-type-simple"},"acf":[],"_links":{"self":[{"href":"https:\/\/warmyou.eu\/de\/wp-json\/wp\/v2\/product\/26707","targetHints":{"allow":["GET"]}}],"collection":[{"href":"https:\/\/warmyou.eu\/de\/wp-json\/wp\/v2\/product"}],"about":[{"href":"https:\/\/warmyou.eu\/de\/wp-json\/wp\/v2\/types\/product"}],"replies":[{"embeddable":true,"href":"https:\/\/warmyou.eu\/de\/wp-json\/wp\/v2\/comments?post=26707"}],"wp:featuredmedia":[{"embeddable":true,"href":"https:\/\/warmyou.eu\/de\/wp-json\/wp\/v2\/media\/26708"}],"wp:attachment":[{"href":"https:\/\/warmyou.eu\/de\/wp-json\/wp\/v2\/media?parent=26707"}],"wp:term":[{"taxonomy":"product_brand","embeddable":true,"href":"https:\/\/warmyou.eu\/de\/wp-json\/wp\/v2\/product_brand?post=26707"},{"taxonomy":"product_cat","embeddable":true,"href":"https:\/\/warmyou.eu\/de\/wp-json\/wp\/v2\/product_cat?post=26707"},{"taxonomy":"product_tag","embeddable":true,"href":"https:\/\/warmyou.eu\/de\/wp-json\/wp\/v2\/product_tag?post=26707"}],"curies":[{"name":"wp","href":"https:\/\/api.w.org\/{rel}","templated":true}]}}