{"id":26713,"date":"2023-12-13T13:41:50","date_gmt":"2023-12-13T12:41:50","guid":{"rendered":"https:\/\/warmyou.eu\/product\/heizkissen-nacken-schultern-hugum-anthrazit-outlet\/"},"modified":"2025-07-07T09:50:58","modified_gmt":"2025-07-07T08:50:58","slug":"heizkissen-nacken-schultern-hugum-anthrazit-outlet","status":"publish","type":"product","link":"https:\/\/warmyou.eu\/de\/produkt\/heizkissen-nacken-schultern-hugum-anthrazit-outlet\/","title":{"rendered":"Heizkissen Nacken\/Schultern &#8211; Hugum &#8211; Anthrazit (OUTLET)"},"content":{"rendered":"<h3>OUTLET<\/h3>\n<p><strong>Das betreffende Produkt wurde mindestens einmal aus der Verpackung genommen und von uns stets auf korrekte Funktion getestet, bevor es im Handel angeboten wird. Das Produkt ist ansonsten in ausgezeichnetem Zustand, vergleichbar mit Neuzustand. Obwohl der Karton und\/oder die Verpackung besch\u00e4digt sein k\u00f6nnen, gilt f\u00fcr alle Outlet-Angebote die gleiche Garantie.  <\/strong><\/p>\n<p>Wunderbar entspannend f\u00fcr die Nacken- und Schultermuskulatur und eine ideale L\u00f6sung, um z. B. Muskelschmerzen und\/oder -verkrampfungen zu lindern und zu l\u00f6sen. Mit dem einfach zu bedienenden Regler k\u00f6nnen Sie schnell zwischen drei verschiedenen Heizstufen wechseln. Das Nacken-\/Schulterkissen l\u00e4sst sich auch leicht abwaschen, indem man den Stecker vom Steuerger\u00e4t abzieht. Au\u00dferdem schaltet er sich nach 90 Minuten automatisch ab, was f\u00fcr zus\u00e4tzliche Sicherheit sorgt. Dieses W\u00e4rmekissen ist nicht nur entspannend, sondern kann auch verwendet werden, wenn Ihnen einfach nur kalt ist oder wenn Sie viel an einem zugigen Ort sitzen.<\/p>\n<div class=\"row\">\n<div class=\"col-xs-12 col-sm-6\">\n<div class=\"col-xs-12 col-sm-6\">\n<h3>Warum dieses W\u00e4rmekissen f\u00fcr Nacken und Schultern?<\/h3>\n<ul>\n<li>Wunderbar<strong> weiches Fleece<\/strong><\/li>\n<li>Optimale Passform durch <strong>Druckkn\u00f6pfe<\/strong><\/li>\n<li><strong>Hilft bei Nacken-\/Schulterbeschwerden<\/strong><\/li>\n<li>Keine Batterie, <strong>daher unendlich warm <\/strong>und umweltfreundlich<\/li>\n<li>Einfache Handhabung. Nicht kompliziert werden, nur<strong> 3 Heizstufen<\/strong><\/li>\n<li><strong>Smart-Timer <\/strong>(schaltet sich nach 90 Minuten automatisch aus)<\/li>\n<li><strong>Maschinenwaschbar<\/strong> durch einfaches Trennen von der Steuerung<\/li>\n<li><strong>Gesch\u00fctzt<\/strong> gegen \u00dcberhitzung<\/li>\n<\/ul>\n<\/div>\n<div class=\"col-xs-12 col-sm-6\">\n<h3>Weitere Merkmale<\/h3>\n<ol>\n<li>Gr\u00f6\u00dfe: 60x62cm<\/li>\n<li>Maximaal 100W<\/li>\n<li>Farbe: Anthrazit<\/li>\n<li>Zwei Jahre Garantie<\/li>\n<\/ol>\n<h3>Was ist in der Schachtel?<\/h3>\n<ul>\n<li>Elektrische W\u00e4rmedecke<\/li>\n<li>Kabel mit Controller<\/li>\n<li>Handbuch<\/li>\n<\/ul>\n<\/div>\n<\/div>\n<\/div>\n","protected":false},"excerpt":{"rendered":"<h3>OUTLET<\/h3>\n<p><strong>Das betreffende Produkt wurde mindestens einmal aus der Verpackung genommen und von uns stets auf korrekte Funktion getestet, bevor es im Handel angeboten wird. Das Produkt ist ansonsten in ausgezeichnetem Zustand, vergleichbar mit Neuzustand. Obwohl der Karton und\/oder die Verpackung besch\u00e4digt sein k\u00f6nnen, gilt f\u00fcr alle Outlet-Angebote die gleiche Garantie.  <\/strong><\/p>\n","protected":false},"featured_media":26714,"comment_status":"open","ping_status":"closed","template":"","meta":{"_acf_changed":false,"_seopress_robots_primary_cat":"none","_seopress_titles_title":"Hugum Heat Pillow f\u00fcr Nacken und Schultern %%sep%% %%sitetitle%% %%tagline%%","_seopress_titles_desc":"Wunderbar entspannend f\u00fcr die Nacken- und Schultermuskulatur und eine ideale L\u00f6sung, um z. B. Muskelschmerzen und\/oder -verkrampfungen zu lindern und zu beseitigen. Mit dem einfach zu bedienenden Regler k\u00f6nnen Sie schnell zwischen den Heizstufen 1, 2 und 3 wechseln.","_seopress_robots_index":""},"product_brand":[],"product_cat":[375],"product_tag":[368],"class_list":{"0":"post-26713","1":"product","2":"type-product","3":"status-publish","4":"has-post-thumbnail","6":"product_cat-outlet-de","7":"product_tag-hugum-de","9":"first","10":"outofstock","11":"sale","12":"taxable","13":"shipping-taxable","14":"purchasable","15":"product-type-simple"},"acf":[],"_links":{"self":[{"href":"https:\/\/warmyou.eu\/de\/wp-json\/wp\/v2\/product\/26713","targetHints":{"allow":["GET"]}}],"collection":[{"href":"https:\/\/warmyou.eu\/de\/wp-json\/wp\/v2\/product"}],"about":[{"href":"https:\/\/warmyou.eu\/de\/wp-json\/wp\/v2\/types\/product"}],"replies":[{"embeddable":true,"href":"https:\/\/warmyou.eu\/de\/wp-json\/wp\/v2\/comments?post=26713"}],"wp:featuredmedia":[{"embeddable":true,"href":"https:\/\/warmyou.eu\/de\/wp-json\/wp\/v2\/media\/26714"}],"wp:attachment":[{"href":"https:\/\/warmyou.eu\/de\/wp-json\/wp\/v2\/media?parent=26713"}],"wp:term":[{"taxonomy":"product_brand","embeddable":true,"href":"https:\/\/warmyou.eu\/de\/wp-json\/wp\/v2\/product_brand?post=26713"},{"taxonomy":"product_cat","embeddable":true,"href":"https:\/\/warmyou.eu\/de\/wp-json\/wp\/v2\/product_cat?post=26713"},{"taxonomy":"product_tag","embeddable":true,"href":"https:\/\/warmyou.eu\/de\/wp-json\/wp\/v2\/product_tag?post=26713"}],"curies":[{"name":"wp","href":"https:\/\/api.w.org\/{rel}","templated":true}]}}