{"id":26716,"date":"2023-12-13T13:35:41","date_gmt":"2023-12-13T12:35:41","guid":{"rendered":"https:\/\/warmyou.eu\/product\/elektrische-fleecedecke-luxum-schwarz-xl-outlet\/"},"modified":"2025-07-07T09:52:28","modified_gmt":"2025-07-07T08:52:28","slug":"elektrische-fleecedecke-luxum-schwarz-xl-outlet","status":"publish","type":"product","link":"https:\/\/warmyou.eu\/de\/produkt\/elektrische-fleecedecke-luxum-schwarz-xl-outlet\/","title":{"rendered":"Elektrische Fleecedecke &#8211; Luxum &#8211; Schwarz &#8211; XL (OUTLET)"},"content":{"rendered":"<h3>OUTLET<\/h3>\n<p><strong>Das betreffende Produkt wurde mindestens einmal aus der Verpackung genommen und von uns stets auf korrekte Funktion getestet, bevor es im Handel angeboten wird. Das Produkt ist ansonsten in ausgezeichnetem Zustand, vergleichbar mit Neuzustand. Obwohl der Karton und\/oder die Verpackung besch\u00e4digt sein k\u00f6nnen, gilt f\u00fcr alle Outlet-Angebote die gleiche Garantie.  <\/strong><\/p>\n<p>Diese flauschige Fleecedecke ist elektrisch und wird sch\u00f6n warm. Es ist sch\u00f6n, abends die Heizung herunterzudrehen (kostensparend) und es sich mit dieser wunderbar weichen Fleecedecke auf der Couch gem\u00fctlich zu machen. <\/p>\n<p>Wussten Sie, dass Sie diese Heizdecke aus Fleece auch im Wintergarten oder unter dem Vordach hinter dem Haus verwenden k\u00f6nnen? So k\u00f6nnen Sie die Natur genie\u00dfen, w\u00e4hrend Sie unter einer warmen Decke liegen.  Dank ihrer Gr\u00f6\u00dfe (180&#215;130 cm) ist sie auch f\u00fcr zwei Personen geeignet. Wenn Sie beide gr\u00f6\u00dfer sind oder die Temperatur selbst bestimmen m\u00f6chten, k\u00f6nnen Sie nat\u00fcrlich auch Ihre eigene Decke mitnehmen.<\/p>\n<p>Und Sie m\u00fcssen sich keine Sorgen machen, dass Sie einschlafen und die Heizdecke zu lange eingeschaltet lassen, denn sie verf\u00fcgt \u00fcber einen Timer, der von 1 bis 10 Stunden eingestellt werden kann. Auf diese Weise ist es sicher zu verwenden!<\/p>\n<h3>Warum sollten Sie sich f\u00fcr diese Heizdecke entscheiden?<\/h3>\n<ul>\n<li>Wunderbar <strong>weicher Pl\u00fcschfleece<\/strong><\/li>\n<li>Schnell und warm<\/li>\n<li>Keine Batterie, <strong>daher unendlich warm <\/strong>und umweltfreundlich<\/li>\n<li>Einfache Handhabung. <strong>10 Heizstufen<\/strong><\/li>\n<li><strong>Smart-Timer <\/strong>(automatische Abschaltung nach 1 bis 10 Stunden)<\/li>\n<li><strong>Maschinenwaschbar<\/strong> durch einfaches Trennen von der Steuerung<\/li>\n<li><strong>Gesch\u00fctzt<\/strong> gegen \u00dcberhitzung<\/li>\n<\/ul>\n<h3>Weitere Merkmale<\/h3>\n<ol>\n<li>180&#215;130 cm<\/li>\n<li>Maximal 160 Watt<\/li>\n<li>Weiches Flanellvlies und PV-Vlies<\/li>\n<li>Farbe; Schwarz<\/li>\n<li>Zwei Jahre Garantie<\/li>\n<\/ol>\n<h3>Was ist in der Schachtel?<\/h3>\n<ul>\n<li>Elektrische W\u00e4rmedecke<\/li>\n<li>Kabel mit Controller<\/li>\n<li>Handbuch<\/li>\n<\/ul>\n","protected":false},"excerpt":{"rendered":"<h3>OUTLET<\/h3>\n<p><strong>Das betreffende Produkt wurde mindestens einmal aus der Verpackung genommen und von uns stets auf korrekte Funktion getestet, bevor es im Handel angeboten wird. Das Produkt ist ansonsten in ausgezeichnetem Zustand, vergleichbar mit Neuzustand. Obwohl der Karton und\/oder die Verpackung besch\u00e4digt sein k\u00f6nnen, gilt f\u00fcr alle Outlet-Angebote die gleiche Garantie.  <\/strong><\/p>\n","protected":false},"featured_media":26717,"comment_status":"open","ping_status":"closed","template":"","meta":{"_acf_changed":false,"_seopress_robots_primary_cat":"none","_seopress_titles_title":"Elektrische Heizdecke f\u00fcr W\u00e4rme und Komfort \u2013 Luxum-Modell","_seopress_titles_desc":"Mit der elektrischen Fleecedecke von Luxum werden Sie viele warme Abende erleben. Dieses Plaid ist aus weichem Micro-Pl\u00fcsch-Fleece gefertigt und dank seiner 10 Heizstufen leicht zu bedienen. Mit einer Gr\u00f6\u00dfe von 180x130 cm reicht sie f\u00fcr zwei Personen aus, um sch\u00f6n warm zu bleiben.  ","_seopress_robots_index":""},"product_brand":[],"product_cat":[375],"product_tag":[372],"class_list":{"0":"post-26716","1":"product","2":"type-product","3":"status-publish","4":"has-post-thumbnail","6":"product_cat-outlet-de","7":"product_tag-luxum-de","9":"first","10":"outofstock","11":"sale","12":"taxable","13":"shipping-taxable","14":"purchasable","15":"product-type-simple"},"acf":[],"_links":{"self":[{"href":"https:\/\/warmyou.eu\/de\/wp-json\/wp\/v2\/product\/26716","targetHints":{"allow":["GET"]}}],"collection":[{"href":"https:\/\/warmyou.eu\/de\/wp-json\/wp\/v2\/product"}],"about":[{"href":"https:\/\/warmyou.eu\/de\/wp-json\/wp\/v2\/types\/product"}],"replies":[{"embeddable":true,"href":"https:\/\/warmyou.eu\/de\/wp-json\/wp\/v2\/comments?post=26716"}],"wp:featuredmedia":[{"embeddable":true,"href":"https:\/\/warmyou.eu\/de\/wp-json\/wp\/v2\/media\/26717"}],"wp:attachment":[{"href":"https:\/\/warmyou.eu\/de\/wp-json\/wp\/v2\/media?parent=26716"}],"wp:term":[{"taxonomy":"product_brand","embeddable":true,"href":"https:\/\/warmyou.eu\/de\/wp-json\/wp\/v2\/product_brand?post=26716"},{"taxonomy":"product_cat","embeddable":true,"href":"https:\/\/warmyou.eu\/de\/wp-json\/wp\/v2\/product_cat?post=26716"},{"taxonomy":"product_tag","embeddable":true,"href":"https:\/\/warmyou.eu\/de\/wp-json\/wp\/v2\/product_tag?post=26716"}],"curies":[{"name":"wp","href":"https:\/\/api.w.org\/{rel}","templated":true}]}}