{"id":26722,"date":"2023-12-13T11:51:04","date_gmt":"2023-12-13T10:51:04","guid":{"rendered":"https:\/\/warmyou.eu\/product\/elektrische-fleecedecke-luxum-taupe-xl-outlet\/"},"modified":"2025-11-03T12:31:25","modified_gmt":"2025-11-03T11:31:25","slug":"elektrische-fleecedecke-luxum-taupe-xl-outlet","status":"publish","type":"product","link":"https:\/\/warmyou.eu\/de\/produkt\/elektrische-fleecedecke-luxum-taupe-xl-outlet\/","title":{"rendered":"Elektrische Fleecedecke &#8211; Luxum Taupe &#8211; XL (OUTLET)"},"content":{"rendered":"<h3>OUTLET<\/h3>\n<p><strong>Das betreffende Produkt wurde mindestens einmal aus der Verpackung genommen und von uns stets auf korrekte Funktion getestet, bevor es im Handel angeboten wird. Das Produkt ist ansonsten in ausgezeichnetem Zustand, vergleichbar mit Neuzustand. Obwohl der Karton und\/oder die Verpackung besch\u00e4digt sein k\u00f6nnen, gilt f\u00fcr alle Outlet-Angebote die gleiche Garantie.  <\/strong><\/p>\n<p>Mit dieser elektrischen Pl\u00fcsch-Fleecedecke l\u00e4sst es sich abends wunderbar auf der Couch entspannen. Durch das Herunterdrehen der Heizung k\u00f6nnen Sie Geld sparen und gleichzeitig diese weiche, warme Fleecedecke genie\u00dfen. <\/p>\n<p>Aber die Decke ist nicht nur f\u00fcr drinnen geeignet, man kann sie auch wunderbar im Wintergarten oder unter dem Vordach hinter dem Haus verwenden. Wussten Sie \u00fcbrigens, dass Sie diese elektrische Fleecedecke auch wunderbar im Wintergarten oder unter dem Vordach hinter dem Haus verwenden k\u00f6nnen?<\/p>\n<p>Mit einer Gr\u00f6\u00dfe von 180&#215;130 cm ist diese Decke gro\u00df genug, um mit einer anderen Person darunter zu liegen. Wenn Sie es vorziehen, die Temperatur selbst zu bestimmen, k\u00f6nnen Sie nat\u00fcrlich auch Ihre eigene Decke mitnehmen.<\/p>\n<p>Und Sie m\u00fcssen sich keine Sorgen machen, dass Sie einschlafen und die Decke zu lange aufliegen lassen, denn die besonders luxuri\u00f6se Fleecedecke verf\u00fcgt \u00fcber einen einstellbaren Timer von 1 bis 10 Stunden. Das macht die Benutzung sicher und komfortabel.<\/p>\n<h3>Warum sollten Sie sich f\u00fcr diese Heizdecke entscheiden?<\/h3>\n<ul>\n<li>Wunderbar <strong>weicher Pl\u00fcschfleece<\/strong><\/li>\n<li>Schnell und warm<\/li>\n<li>Keine Batterie, <strong>daher unendlich warm <\/strong>und umweltfreundlich<\/li>\n<li>Einfache Handhabung.<strong> 10 Heizstufen<\/strong><\/li>\n<li><strong>Smart-Timer <\/strong>(automatische Abschaltung nach 1 bis 10 Stunden)<\/li>\n<li><strong>Maschinenwaschbar<\/strong> durch einfaches Trennen von der Steuerung<\/li>\n<li><strong>Gesch\u00fctzt<\/strong> gegen \u00dcberhitzung<\/li>\n<\/ul>\n<h3>Weitere Merkmale<\/h3>\n<ol>\n<li>180&#215;130 cm<\/li>\n<li>Maximal 160 Watt<\/li>\n<li>Kabell\u00e4nge: 2,40 Meter<\/li>\n<li>Weiches Flanellvlies und PV-Vlies<\/li>\n<li>Farbe; Taupe<\/li>\n<li>Zwei Jahre Garantie<\/li>\n<li>ACHTUNG! Farbe kann vom Foto abweichen<\/li>\n<\/ol>\n<h3>Was ist in der Schachtel?<\/h3>\n<ul>\n<li>Elektrische W\u00e4rmedecke<\/li>\n<li>Kabel mit Controller<\/li>\n<li>Handbuch<\/li>\n<\/ul>\n","protected":false},"excerpt":{"rendered":"<h3>OUTLET<\/h3>\n<p><strong>Das betreffende Produkt wurde mindestens einmal aus der Verpackung genommen und von uns stets auf korrekte Funktion getestet, bevor es im Handel angeboten wird. Das Produkt ist ansonsten in ausgezeichnetem Zustand, vergleichbar mit Neuzustand. Obwohl der Karton und\/oder die Verpackung besch\u00e4digt sein k\u00f6nnen, gilt f\u00fcr alle Outlet-Angebote die gleiche Garantie.  <\/strong><\/p>\n","protected":false},"featured_media":26723,"comment_status":"open","ping_status":"closed","template":"","meta":{"_acf_changed":false,"_seopress_robots_primary_cat":"none","_seopress_titles_title":"Elektrische Fleecedecke f\u00fcr W\u00e4rme und Komfort \u2013 Luxum","_seopress_titles_desc":"Entdecken Sie die wunderbare W\u00e4rme der Luxum-Heizvliesdecke. Dieses warme Plaid besteht aus weichem Micropl\u00fcsch-Fleece und f\u00fchlt sich seidig weich auf der Haut an. Mit den Ma\u00dfen 180x130 cm finden unter dieser Heizdecke ausreichend Platz f\u00fcr zwei Personen.  ","_seopress_robots_index":""},"product_brand":[],"product_cat":[375],"product_tag":[372],"class_list":{"0":"post-26722","1":"product","2":"type-product","3":"status-publish","4":"has-post-thumbnail","6":"product_cat-outlet-de","7":"product_tag-luxum-de","9":"first","10":"instock","11":"sale","12":"taxable","13":"shipping-taxable","14":"purchasable","15":"product-type-simple"},"acf":[],"_links":{"self":[{"href":"https:\/\/warmyou.eu\/de\/wp-json\/wp\/v2\/product\/26722","targetHints":{"allow":["GET"]}}],"collection":[{"href":"https:\/\/warmyou.eu\/de\/wp-json\/wp\/v2\/product"}],"about":[{"href":"https:\/\/warmyou.eu\/de\/wp-json\/wp\/v2\/types\/product"}],"replies":[{"embeddable":true,"href":"https:\/\/warmyou.eu\/de\/wp-json\/wp\/v2\/comments?post=26722"}],"wp:featuredmedia":[{"embeddable":true,"href":"https:\/\/warmyou.eu\/de\/wp-json\/wp\/v2\/media\/26723"}],"wp:attachment":[{"href":"https:\/\/warmyou.eu\/de\/wp-json\/wp\/v2\/media?parent=26722"}],"wp:term":[{"taxonomy":"product_brand","embeddable":true,"href":"https:\/\/warmyou.eu\/de\/wp-json\/wp\/v2\/product_brand?post=26722"},{"taxonomy":"product_cat","embeddable":true,"href":"https:\/\/warmyou.eu\/de\/wp-json\/wp\/v2\/product_cat?post=26722"},{"taxonomy":"product_tag","embeddable":true,"href":"https:\/\/warmyou.eu\/de\/wp-json\/wp\/v2\/product_tag?post=26722"}],"curies":[{"name":"wp","href":"https:\/\/api.w.org\/{rel}","templated":true}]}}