{"id":26730,"date":"2023-02-09T20:50:50","date_gmt":"2023-02-09T19:50:50","guid":{"rendered":"https:\/\/warmyou.eu\/product\/warmyou-luxum-xl-heizdecke-heizdecke-fleece-10-positionen-180-x-130-cm-taupe\/"},"modified":"2026-02-03T16:56:11","modified_gmt":"2026-02-03T15:56:11","slug":"warmyou-luxum-xl-heizdecke-heizdecke-fleece-10-positionen-180-x-130-cm-taupe","status":"publish","type":"product","link":"https:\/\/warmyou.eu\/de\/produkt\/warmyou-luxum-xl-heizdecke-heizdecke-fleece-10-positionen-180-x-130-cm-taupe\/","title":{"rendered":"Elektrische Heizdecke Fleece 180\u00d7130cm &#8211; 10 Heizstufen &#8211; Warmyou Luxum XL &#8211; Taupe\/Creme"},"content":{"rendered":"<p data-start=\"308\" data-end=\"675\">Genie\u00dfen Sie ultimativen Komfort mit dieser seidig weichen Heizdecke aus<strong data-start=\"356\" data-end=\"383\"> Fleece.<\/strong> Perfekt f\u00fcr einen entspannten Abend auf dem Sofa, aber auch ideal f\u00fcr den Wintergarten oder unter einem Baldachin. Mit gro\u00dfz\u00fcgigen<strong data-start=\"539\" data-end=\"553\"> 180 x 130 cm <\/strong>bietet sie genug Platz f\u00fcr Sie beide \u2013 oder w\u00e4hlen Sie zwei Decken, wenn Sie Ihre W\u00e4rme lieber individuell regulieren m\u00f6chten.  <\/p>\n<p data-start=\"677\" data-end=\"950\">Mit dieser Heizdecke m\u00fcssen Sie die Heizung nicht aufdrehen, was Ihnen hilft, <strong data-start=\"760\" data-end=\"783\">Energie zu sparen<\/strong> und Ihre Heizkosten zu senken. Die Decke verf\u00fcgt \u00fcber einen <strong data-start=\"844\" data-end=\"881\">einstellbaren Timer von 1 bis 10 Stunden<\/strong>, sodass Sie sicher entspannen oder unbesorgt einschlafen k\u00f6nnen. <\/p>\n<p>&nbsp;<\/p>\n<h3>Warum sollten Sie sich f\u00fcr diese Heizdecke entscheiden?<\/h3>\n<ul>\n<li>Wunderbar<strong> seidig weicher Pl\u00fcschfleece<\/strong><\/li>\n<li>Schnell und warm<\/li>\n<li>Gro\u00dfe Gr\u00f6\u00dfe 180&#215;130 cm, geeignet f\u00fcr zwei Personen<\/li>\n<li>Keine Batterie, <strong>daher unendlich warm <\/strong>und umweltfreundlich<\/li>\n<li>Einfache Handhabung. <strong>10 Heizstufen<\/strong><\/li>\n<li><strong>Smart-Timer <\/strong>(automatische Abschaltung nach 1 bis 10 Stunden)<\/li>\n<li><strong>Maschinenwaschbar<\/strong> durch einfaches Trennen von der Steuerung<\/li>\n<li><strong>Gesch\u00fctzt<\/strong> gegen \u00dcberhitzung<\/li>\n<\/ul>\n<h3>Weitere Merkmale<\/h3>\n<ol>\n<li>maximal 160 Watt<\/li>\n<li>Kabell\u00e4nge: 2,40 Meter<\/li>\n<li>Weiches Flanellvlies und PV-Vlies<\/li>\n<li>Farbe; Taupe<\/li>\n<li>Zwei Jahre Garantie<\/li>\n<li><strong>ACHTUNG!<\/strong> Farbe kann vom Foto abweichen<\/li>\n<li>Der Stoff ist seidig weich und hat eine glatte Struktur.<\/li>\n<\/ol>\n<h3>Was ist in der Schachtel?<\/h3>\n<ul>\n<li>Elektrische W\u00e4rmedecke<\/li>\n<li>Kabel mit Controller<\/li>\n<li>Handbuch<\/li>\n<\/ul>\n","protected":false},"excerpt":{"rendered":"<p>Weiche Heizdecke aus Fleece in den Ma\u00dfen 180&#215;130 cm mit Timer (1-10 Stunden). Ideal f\u00fcr das Sofa, im Wintergarten oder drau\u00dfen unter einem Baldachin. Warm, sicher und energieeffizient.  <\/p>\n","protected":false},"featured_media":27896,"comment_status":"open","ping_status":"closed","template":"","meta":{"_acf_changed":false,"_seopress_robots_primary_cat":"none","_seopress_titles_title":"Heizdecke aus Fleece 180x130 \u2013 Weich, warm & energieeffizient","_seopress_titles_desc":"Weiche Heizdecke aus Fleece in den Ma\u00dfen 180x130 cm mit Timer. Ideal f\u00fcr das Sofa, den Wintergarten oder unter einem Baldachin. Energie sparen und warm bleiben.  ","_seopress_robots_index":""},"product_brand":[],"product_cat":[156],"product_tag":[465,372,461,466],"class_list":{"0":"post-26730","1":"product","2":"type-product","3":"status-publish","4":"has-post-thumbnail","6":"product_cat-warmedecken","7":"product_tag-180x130cm-de","8":"product_tag-luxum-de","9":"product_tag-microfleece-de","10":"product_tag-taupe-creme-de","12":"first","13":"instock","14":"taxable","15":"shipping-taxable","16":"purchasable","17":"product-type-simple"},"acf":[],"_links":{"self":[{"href":"https:\/\/warmyou.eu\/de\/wp-json\/wp\/v2\/product\/26730","targetHints":{"allow":["GET"]}}],"collection":[{"href":"https:\/\/warmyou.eu\/de\/wp-json\/wp\/v2\/product"}],"about":[{"href":"https:\/\/warmyou.eu\/de\/wp-json\/wp\/v2\/types\/product"}],"replies":[{"embeddable":true,"href":"https:\/\/warmyou.eu\/de\/wp-json\/wp\/v2\/comments?post=26730"}],"wp:featuredmedia":[{"embeddable":true,"href":"https:\/\/warmyou.eu\/de\/wp-json\/wp\/v2\/media\/27896"}],"wp:attachment":[{"href":"https:\/\/warmyou.eu\/de\/wp-json\/wp\/v2\/media?parent=26730"}],"wp:term":[{"taxonomy":"product_brand","embeddable":true,"href":"https:\/\/warmyou.eu\/de\/wp-json\/wp\/v2\/product_brand?post=26730"},{"taxonomy":"product_cat","embeddable":true,"href":"https:\/\/warmyou.eu\/de\/wp-json\/wp\/v2\/product_cat?post=26730"},{"taxonomy":"product_tag","embeddable":true,"href":"https:\/\/warmyou.eu\/de\/wp-json\/wp\/v2\/product_tag?post=26730"}],"curies":[{"name":"wp","href":"https:\/\/api.w.org\/{rel}","templated":true}]}}