{"id":26741,"date":"2022-05-08T16:13:43","date_gmt":"2022-05-08T14:13:43","guid":{"rendered":"https:\/\/warmyou.eu\/product\/warmyou-mylove-heizdecke-heizdecke-fleece-3-positionen-180x130cm-grau\/"},"modified":"2025-11-03T12:22:17","modified_gmt":"2025-11-03T11:22:17","slug":"warmyou-mylove-heizdecke-heizdecke-fleece-3-positionen-180x130cm-grau","status":"publish","type":"product","link":"https:\/\/warmyou.eu\/de\/produkt\/warmyou-mylove-heizdecke-heizdecke-fleece-3-positionen-180x130cm-grau\/","title":{"rendered":"Electric heated blanket fleece 180x130cm &#8211; 3 heat settings &#8211; Warmyou Mylove XL &#8211; Gray\/beige"},"content":{"rendered":"<p>Diese Micropl\u00fcsch-Fleecedecke ist elektrisch und w\u00e4rmt angenehm. Es werden keine komplizierten Regler ben\u00f6tigt, da die Decke lediglich \u00fcber die Einstellungen 1, 2 und 3 verf\u00fcgt, um die W\u00e4rme zu regulieren. Es ist sch\u00f6n, nachts die Heizung auszuschalten (um Geld zu sparen) und sich mit dieser weichen Fleecedecke auf dem Sofa einzukuscheln.<\/p>\n<p>Wussten Sie \u00fcbrigens, dass Sie diese elektrische Fleecedecke auch wunderbar im Wintergarten oder unter dem Vordach hinter dem Haus verwenden k\u00f6nnen? Wussten Sie \u00fcbrigens, dass Sie diese elektrische Fleecedecke auch wunderbar im Wintergarten oder unter dem Vordach hinter dem Haus verwenden k\u00f6nnen? Dank ihrer Gr\u00f6\u00dfe (180&#215;130 cm) ist sie auch f\u00fcr zwei Personen geeignet. Wenn Sie beide gr\u00f6\u00dfer sind oder die Temperatur selbst bestimmen m\u00f6chten, k\u00f6nnen Sie nat\u00fcrlich auch Ihre eigene Decke mitnehmen.<\/p>\n<p>Und Sie m\u00fcssen sich keine Sorgen machen, dass Sie einschlafen und die Decke zu lange auf dem Bett liegen lassen, denn sie verf\u00fcgt \u00fcber einen Auto-Timer, der die Decke nach 3 Stunden automatisch ausschaltet. Auf diese Weise ist es sicher zu verwenden!<\/p>\n<div class=\"row\">\n<div class=\"col-xs-12 col-sm-6\">\n<h3>Warum sollten Sie sich f\u00fcr diese Heizdecke entscheiden?<\/h3>\n<ul>\n<li>Wunderbar <strong>weicher Mikropl\u00fcsch<\/strong><\/li>\n<li>Schnell und warm<\/li>\n<li>Keine Batterie, <strong>daher unendlich warm <\/strong>und umweltfreundlich<\/li>\n<li>Einfache Handhabung. Nicht kompliziert werden, nur<strong> 3 Heizstufen<\/strong><\/li>\n<li><strong>Smart-Timer<\/strong> (schaltet sich nach 3 Stunden automatisch aus)<\/li>\n<li><strong>Maschinenwaschbar<\/strong> durch einfaches Trennen von der Steuerung<\/li>\n<li><strong>Gesch\u00fctzt<\/strong> gegen \u00dcberhitzung<\/li>\n<\/ul>\n<\/div>\n<div class=\"col-xs-12 col-sm-6\">\n<h3>Weitere Merkmale<\/h3>\n<ol>\n<li>180&#215;130 cm<\/li>\n<li>maximal 120 Watt<\/li>\n<li>Kabell\u00e4nge: 2,40 Meter<\/li>\n<li>Farbe; Anthrazit<\/li>\n<li>Zwei Jahre Garantie<\/li>\n<\/ol>\n<h3>Was ist in der Schachtel?<\/h3>\n<ul>\n<li>Elektrische W\u00e4rmedecke<\/li>\n<li>Kabel mit Controller<\/li>\n<li>Handbuch<\/li>\n<\/ul>\n<\/div>\n<\/div>\n","protected":false},"excerpt":{"rendered":"<p>Entdecken Sie ultimativen Komfort und W\u00e4rme mit der Mylove Heizdecke. Hergestellt aus weichem Micro-Pl\u00fcsch-Fleece und einfach zu bedienen dank seiner 3 Heizstufen. Mit den Ma\u00dfen 180&#215;130 cm bietet er ausreichend Platz f\u00fcr zwei Personen. Mit den Ma\u00dfen 180&#215;130 cm bietet er ausreichend Platz f\u00fcr zwei Personen.<\/p>\n","protected":false},"featured_media":28237,"comment_status":"open","ping_status":"closed","template":"","meta":{"_acf_changed":false,"_seopress_robots_primary_cat":"none","_seopress_titles_title":"Warmyou Mylove - Heizdecke - Heizdecke - Fleece - 3 Positionen - 180\u00d7130cm - Grau","_seopress_titles_desc":"Entdecken Sie ultimativen Komfort und W\u00e4rme mit der Mylove Heizdecke. Hergestellt aus weichem Micro-Pl\u00fcsch-Fleece und einfach zu bedienen dank seiner 3 Heizstufen. Mit den Ma\u00dfen 180x130 cm bietet er ausreichend Platz f\u00fcr zwei Personen.","_seopress_robots_index":""},"product_brand":[],"product_cat":[156],"product_tag":[382],"class_list":{"0":"post-26741","1":"product","2":"type-product","3":"status-publish","4":"has-post-thumbnail","6":"product_cat-warmedecken","7":"product_tag-mylove-de","9":"first","10":"outofstock","11":"taxable","12":"shipping-taxable","13":"purchasable","14":"product-type-simple"},"acf":[],"_links":{"self":[{"href":"https:\/\/warmyou.eu\/de\/wp-json\/wp\/v2\/product\/26741","targetHints":{"allow":["GET"]}}],"collection":[{"href":"https:\/\/warmyou.eu\/de\/wp-json\/wp\/v2\/product"}],"about":[{"href":"https:\/\/warmyou.eu\/de\/wp-json\/wp\/v2\/types\/product"}],"replies":[{"embeddable":true,"href":"https:\/\/warmyou.eu\/de\/wp-json\/wp\/v2\/comments?post=26741"}],"wp:featuredmedia":[{"embeddable":true,"href":"https:\/\/warmyou.eu\/de\/wp-json\/wp\/v2\/media\/28237"}],"wp:attachment":[{"href":"https:\/\/warmyou.eu\/de\/wp-json\/wp\/v2\/media?parent=26741"}],"wp:term":[{"taxonomy":"product_brand","embeddable":true,"href":"https:\/\/warmyou.eu\/de\/wp-json\/wp\/v2\/product_brand?post=26741"},{"taxonomy":"product_cat","embeddable":true,"href":"https:\/\/warmyou.eu\/de\/wp-json\/wp\/v2\/product_cat?post=26741"},{"taxonomy":"product_tag","embeddable":true,"href":"https:\/\/warmyou.eu\/de\/wp-json\/wp\/v2\/product_tag?post=26741"}],"curies":[{"name":"wp","href":"https:\/\/api.w.org\/{rel}","templated":true}]}}