{"id":26746,"date":"2022-05-10T15:28:30","date_gmt":"2022-05-10T14:28:30","guid":{"rendered":"https:\/\/warmyou.eu\/product\/warmyou-comfox-elektrisches-unterbett-unterbett-3-positionen-150-x-80-cm-weiss\/"},"modified":"2025-10-07T15:32:23","modified_gmt":"2025-10-07T13:32:23","slug":"warmyou-comfox-elektrisches-unterbett-unterbett-3-positionen-150-x-80-cm-weiss","status":"publish","type":"product","link":"https:\/\/warmyou.eu\/de\/produkt\/warmyou-comfox-elektrisches-unterbett-unterbett-3-positionen-150-x-80-cm-weiss\/","title":{"rendered":"Elektrisches W\u00e4rmeunterbett f\u00fcr 1 Person &#8211; 150&#215;80 cm &#8211; Abschaltautomatik &#8211; Warmyou W\u00e4rmeunterbett &#8211; Wei\u00df"},"content":{"rendered":"<h1 data-start=\"293\" data-end=\"536\">W\u00e4rmeunterbett \u2013 Abschaltautomatik \u2013 \u00dcberhitzungsschutz \u2013 Wohlig warm im Bett<\/h1>\n<p data-start=\"293\" data-end=\"536\">Ihnen ist im Bett oft kalt? Das <g id=\"gid_0\">W\u00e4rmeunterbett<\/g> Comfox von <g id=\"gid_1\">Warmyou <\/g>spendet angenehme W\u00e4rme die ganze Nacht \u00fcber und macht Ihr Bett besonders bequem. Dank der <strong data-start=\"459\" data-end=\"483\">integrierten Heizelemente<\/strong> bleibt es auch in kalten N\u00e4chten angenehm warm.  <\/p>\n<p data-start=\"538\" data-end=\"742\">Das Unterbett verf\u00fcgt \u00fcber ein <strong data-start=\"572\" data-end=\"615\">\u00dcberhitzungsschutzsystem,<\/strong> das sich nach <strong data-start=\"628\" data-end=\"670\">3 Stunden (180 Minuten) automatisch abschaltet<\/strong>. So k\u00f6nnen Sie ruhig schlafen, ohne sich um die Sicherheit sorgen zu m\u00fcssen. <\/p>\n<p data-start=\"744\" data-end=\"848\"><strong data-start=\"744\" data-end=\"752\">Tipp<\/strong>: Schalten Sie das Unterbett 15 bis 30 Minuten vor dem Schlafengehen ein f\u00fcr ein wunderbar vorgew\u00e4rmtes Bett.<\/p>\n<p>&nbsp;<\/p>\n<div class=\"row\">\n<div class=\"col-xs-12 col-sm-6\">\n<h3>Warum ein elektrisches Unterbett w\u00e4hlen?<\/h3>\n<ul>\n<li>Sorgt f\u00fcr ein <strong>warmes Bett<\/strong> und <strong>besseren Schlaf<\/strong><\/li>\n<li>Schnell und warm<\/li>\n<li>Hilft, die Ausbreitung von <strong>Hausstaubmilben<\/strong> zu verhindern<\/li>\n<li>Keine Batterie, <strong>daher unendlich warm <\/strong>und umweltfreundlich<\/li>\n<li>Einfache Handhabung. Nicht kompliziert werden, nur<strong> 3 Heizstufen<\/strong><\/li>\n<li><strong>Smart-Timer<\/strong> (schaltet sich nach 3 Stunden automatisch aus)<\/li>\n<li><strong>Maschinenwaschbar<\/strong> durch einfaches Trennen von der Steuerung<\/li>\n<li><strong>Gesch\u00fctzt<\/strong> gegen \u00dcberhitzung<\/li>\n<\/ul>\n<\/div>\n<div class=\"col-xs-12 col-sm-6\">\n<h3>Weitere Merkmale<\/h3>\n<ol>\n<li>150x80cm<\/li>\n<li>Maximal 60 Watt<\/li>\n<li>Farbe; Wei\u00df<\/li>\n<li>Zwei Jahre Garantie<\/li>\n<\/ol>\n<\/div>\n<\/div>\n<h3>Was ist in der Schachtel?<\/h3>\n<ul>\n<li>Elektrische W\u00e4rmedecke<\/li>\n<li>Kabel mit Controller<\/li>\n<li>Handbuch<\/li>\n<\/ul>\n","protected":false},"excerpt":{"rendered":"<p>Dieses W\u00e4rmeunterbett w\u00e4rmt Sie in kalten N\u00e4chten. Es verf\u00fcgt \u00fcber einen \u00dcberhitzungsschutz und eine automatische Abschaltung nach 3 Stunden. Genie\u00dfen Sie einen wunderbar komfortablen und sicheren Schlaf.  <\/p>\n","protected":false},"featured_media":28079,"comment_status":"open","ping_status":"closed","template":"","meta":{"_acf_changed":false,"_seopress_robots_primary_cat":"none","_seopress_titles_title":"W\u00e4rmeunterbett \u2013 Sicher warm durch die Nacht","_seopress_titles_desc":"Mit diesem W\u00e4rmeunterbett bleiben Sie im Bett warm. Es verf\u00fcgt \u00fcber eine automatische Abschaltung nach 3 Stunden und einen \u00dcberhitzungsschutz. Komfort und Sicherheit vereint.  ","_seopress_robots_index":""},"product_brand":[],"product_cat":[152],"product_tag":[381,444,443],"class_list":{"0":"post-26746","1":"product","2":"type-product","3":"status-publish","4":"has-post-thumbnail","6":"product_cat-unterdecken","7":"product_tag-comfox-de","8":"product_tag-schlafen-sie-sicher-und-warm","9":"product_tag-unterbett","11":"first","12":"outofstock","13":"taxable","14":"shipping-taxable","15":"purchasable","16":"product-type-simple"},"acf":[],"_links":{"self":[{"href":"https:\/\/warmyou.eu\/de\/wp-json\/wp\/v2\/product\/26746","targetHints":{"allow":["GET"]}}],"collection":[{"href":"https:\/\/warmyou.eu\/de\/wp-json\/wp\/v2\/product"}],"about":[{"href":"https:\/\/warmyou.eu\/de\/wp-json\/wp\/v2\/types\/product"}],"replies":[{"embeddable":true,"href":"https:\/\/warmyou.eu\/de\/wp-json\/wp\/v2\/comments?post=26746"}],"wp:featuredmedia":[{"embeddable":true,"href":"https:\/\/warmyou.eu\/de\/wp-json\/wp\/v2\/media\/28079"}],"wp:attachment":[{"href":"https:\/\/warmyou.eu\/de\/wp-json\/wp\/v2\/media?parent=26746"}],"wp:term":[{"taxonomy":"product_brand","embeddable":true,"href":"https:\/\/warmyou.eu\/de\/wp-json\/wp\/v2\/product_brand?post=26746"},{"taxonomy":"product_cat","embeddable":true,"href":"https:\/\/warmyou.eu\/de\/wp-json\/wp\/v2\/product_cat?post=26746"},{"taxonomy":"product_tag","embeddable":true,"href":"https:\/\/warmyou.eu\/de\/wp-json\/wp\/v2\/product_tag?post=26746"}],"curies":[{"name":"wp","href":"https:\/\/api.w.org\/{rel}","templated":true}]}}