{"id":26748,"date":"2022-05-10T15:24:58","date_gmt":"2022-05-10T14:24:58","guid":{"rendered":"https:\/\/warmyou.eu\/product\/warmyou-cuddels-heizdecke-heizdecke-fleece-3-positionen-160x120cm-braun-beige\/"},"modified":"2026-03-08T20:00:53","modified_gmt":"2026-03-08T19:00:53","slug":"warmyou-cuddels-heizdecke-heizdecke-fleece-3-positionen-160x120cm-braun-beige","status":"publish","type":"product","link":"https:\/\/warmyou.eu\/de\/produkt\/warmyou-cuddels-heizdecke-heizdecke-fleece-3-positionen-160x120cm-braun-beige\/","title":{"rendered":"Elektrische Heizdecke Fleece &#8211; 160x120cm &#8211; 3 Heizstufen &#8211; Warmyou Cuddels &#8211; Braun\/Beige"},"content":{"rendered":"<p>Diese weiche Heizdecke aus Mikropl\u00fcsch bietet h\u00f6chsten Komfort auf der Couch oder im Wintergarten bzw. Baldachin. Mit einer Heizdecke aus Fleece k\u00f6nnen Sie durch das Herunterdrehen der Heizung Energie sparen und haben es trotzdem sch\u00f6n warm.  Dank der Zeitschaltuhr schaltet sich die Decke nach 3 Stunden automatisch ab, so dass Sie sicher schlafen k\u00f6nnen, ohne Angst haben zu m\u00fcssen, dass Sie bei noch eingeschalteter Heizung einschlafen. Dar\u00fcber hinaus ist die Gr\u00f6\u00dfe f\u00fcr eine Person geeignet und die Decke hat die Ma\u00dfe 160&#215;120 cm. Kurzum, mit einer elektrischen Fleecedecke sparen Sie Energie und bleiben ohne hohe Heizkosten wunderbar warm.<\/p>\n<h3>Warum sollten Sie sich f\u00fcr diese Heizdecke entscheiden?<\/h3>\n<ul>\n<li>Wunderbar <strong>weicher Mikropl\u00fcsch<\/strong><\/li>\n<li>Schnell und warm<\/li>\n<li>Keine Batterie, <strong>daher unendlich warm <\/strong>und umweltfreundlich<\/li>\n<li>Einfache Handhabung. Nicht kompliziert werden, nur<strong> 3 Heizstufen<\/strong><\/li>\n<li><strong>Smart-Timer<\/strong> (schaltet sich nach 3 Stunden automatisch aus)<\/li>\n<li><strong>Maschinenwaschbar<\/strong> durch einfaches Trennen von der Steuerung<\/li>\n<li><strong>Gesch\u00fctzt<\/strong> gegen \u00dcberhitzung<\/li>\n<\/ul>\n<div class=\"col-xs-12 col-sm-6\">\n<h3>Weitere Merkmale<\/h3>\n<ul>\n<li>160x120cm<\/li>\n<li>maximal 120 Watt<\/li>\n<li>Kabell\u00e4nge: 2,40 Meter<\/li>\n<li>Farbe: braun\/beige<\/li>\n<li>Zwei Jahre Garantie<\/li>\n<\/ul>\n<h3>Was ist in der Schachtel?<\/h3>\n<ul>\n<li>Elektrische W\u00e4rmedecke<\/li>\n<li>Kabel mit Controller<\/li>\n<li>Handbuch<\/li>\n<\/ul>\n<\/div>\n","protected":false},"excerpt":{"rendered":"<p>Diese elektrische Fleecedecke ist aus wunderbar weichem Micro-Pl\u00fcsch gefertigt. Schalten Sie nachts die Heizung aus (Kostenersparnis) und kuscheln Sie sich mit diesem herrlich weichen Fleece auf das Sofa. Die Gr\u00f6\u00dfe ist gut f\u00fcr eine Person und hat eine Fl\u00e4che von 160&#215;120 cm. Dank des Auto-Timers schaltet sich diese elektrische Fleecedecke nach 3 Stunden automatisch ab Gut und sicher!<\/p>\n","protected":false},"featured_media":27969,"comment_status":"open","ping_status":"closed","template":"","meta":{"_acf_changed":false,"_seopress_robots_primary_cat":"none","_seopress_titles_title":"Warmyou Cuddels - Heizdecke - Heizdecke - Fleece - 3 Positionen - 160x120cm - Braun \/ Beige","_seopress_titles_desc":"Elektrische Fleecedecke aus wunderbar weichem Mikropl\u00fcsch. Reduzieren Sie die Heizung und machen Sie es sich unter dieser elektrischen Fleecedecke sch\u00f6n warm.  160x120cm","_seopress_robots_index":""},"product_brand":[],"product_cat":[156],"product_tag":[470,469,366],"class_list":{"0":"post-26748","1":"product","2":"type-product","3":"status-publish","4":"has-post-thumbnail","6":"product_cat-warmedecken","7":"product_tag-160x120cm-de","8":"product_tag-beige-braun","9":"product_tag-cuddels-de","11":"first","12":"instock","13":"sale","14":"featured","15":"taxable","16":"shipping-taxable","17":"purchasable","18":"product-type-simple"},"acf":[],"_links":{"self":[{"href":"https:\/\/warmyou.eu\/de\/wp-json\/wp\/v2\/product\/26748","targetHints":{"allow":["GET"]}}],"collection":[{"href":"https:\/\/warmyou.eu\/de\/wp-json\/wp\/v2\/product"}],"about":[{"href":"https:\/\/warmyou.eu\/de\/wp-json\/wp\/v2\/types\/product"}],"replies":[{"embeddable":true,"href":"https:\/\/warmyou.eu\/de\/wp-json\/wp\/v2\/comments?post=26748"}],"wp:featuredmedia":[{"embeddable":true,"href":"https:\/\/warmyou.eu\/de\/wp-json\/wp\/v2\/media\/27969"}],"wp:attachment":[{"href":"https:\/\/warmyou.eu\/de\/wp-json\/wp\/v2\/media?parent=26748"}],"wp:term":[{"taxonomy":"product_brand","embeddable":true,"href":"https:\/\/warmyou.eu\/de\/wp-json\/wp\/v2\/product_brand?post=26748"},{"taxonomy":"product_cat","embeddable":true,"href":"https:\/\/warmyou.eu\/de\/wp-json\/wp\/v2\/product_cat?post=26748"},{"taxonomy":"product_tag","embeddable":true,"href":"https:\/\/warmyou.eu\/de\/wp-json\/wp\/v2\/product_tag?post=26748"}],"curies":[{"name":"wp","href":"https:\/\/api.w.org\/{rel}","templated":true}]}}