{"id":26749,"date":"2022-05-09T17:33:31","date_gmt":"2022-05-09T16:33:31","guid":{"rendered":"https:\/\/warmyou.eu\/product\/warmyou-mylove-xl-heizdecke-heizdecke-fleece-3-positionen-180-x-130-cm-anthrazit\/"},"modified":"2025-12-17T00:00:08","modified_gmt":"2025-12-16T23:00:08","slug":"warmyou-mylove-xl-heizdecke-heizdecke-fleece-3-positionen-180-x-130-cm-anthrazit","status":"publish","type":"product","link":"https:\/\/warmyou.eu\/de\/produkt\/warmyou-mylove-xl-heizdecke-heizdecke-fleece-3-positionen-180-x-130-cm-anthrazit\/","title":{"rendered":"Elektrische Heizdecke Fleece 180x130cm &#8211; 3 Heizstufen &#8211; Warmyou Mylove XL &#8211; Anthrazit"},"content":{"rendered":"<h1>Mylove Heizdecke \u2013 Warmes, sicheres und weiches Fleece<\/h1>\n<p>Diese Micropl\u00fcsch-Fleecedecke ist elektrisch und w\u00e4rmt angenehm. Es werden keine komplizierten Regler ben\u00f6tigt, da die Decke lediglich \u00fcber die Einstellungen 1, 2 und 3 verf\u00fcgt, um die W\u00e4rme zu regulieren. Es ist sch\u00f6n, nachts die Heizung auszuschalten (um Geld zu sparen) und sich mit dieser weichen Fleecedecke auf dem Sofa einzukuscheln.<\/p>\n<p>Wussten Sie \u00fcbrigens, dass Sie diese elektrische Fleecedecke auch wunderbar im Wintergarten oder unter dem Vordach hinter dem Haus verwenden k\u00f6nnen? Wussten Sie \u00fcbrigens, dass Sie diese elektrische Fleecedecke auch wunderbar im Wintergarten oder unter dem Vordach hinter dem Haus verwenden k\u00f6nnen? Dank ihrer Gr\u00f6\u00dfe (180&#215;130 cm) ist sie auch f\u00fcr zwei Personen geeignet. Wenn Sie beide gr\u00f6\u00dfer sind oder die Temperatur selbst bestimmen m\u00f6chten, k\u00f6nnen Sie nat\u00fcrlich auch Ihre eigene Decke mitnehmen.<\/p>\n<p>Und Sie m\u00fcssen sich keine Sorgen machen, dass Sie einschlafen und die Decke zu lange auf dem Bett liegen lassen, denn sie verf\u00fcgt \u00fcber einen Auto-Timer, der die Decke nach 3 Stunden automatisch ausschaltet. Auf diese Weise ist es sicher zu verwenden!<\/p>\n<h3>Warum sollten Sie sich f\u00fcr diese Heizdecke entscheiden?<\/h3>\n<ul>\n<li>Wunderbar <strong>weicher Mikropl\u00fcsch<\/strong><\/li>\n<li>Schnell und warm<\/li>\n<li>Keine Batterie, <strong>daher unendlich warm <\/strong>und umweltfreundlich<\/li>\n<li>Einfache Handhabung. Nicht kompliziert werden, nur<strong> 3 Heizstufen<\/strong><\/li>\n<li><strong>Smart-Timer<\/strong> (schaltet sich nach 3 Stunden automatisch aus)<\/li>\n<li><strong>Maschinenwaschbar<\/strong> durch einfaches Trennen von der Steuerung<\/li>\n<li><strong>Gesch\u00fctzt<\/strong> gegen \u00dcberhitzung<\/li>\n<\/ul>\n<h3>Weitere Merkmale<\/h3>\n<ol>\n<li>180&#215;130 cm<\/li>\n<li>maximal 120 Watt<\/li>\n<li>Kabell\u00e4nge: 2,40 Meter<\/li>\n<li>Farbe; Anthrazit<\/li>\n<li>Zwei Jahre Garantie<\/li>\n<\/ol>\n<h3>Was ist in der Schachtel?<\/h3>\n<ul>\n<li>Elektrische W\u00e4rmedecke<\/li>\n<li>Kabel mit Controller<\/li>\n<li>Handbuch<\/li>\n<\/ul>\n","protected":false},"excerpt":{"rendered":"<p>Entdecken Sie ultimativen Komfort und W\u00e4rme mit der Mylove Heizdecke. Hergestellt aus weichem Mikropl\u00fcsch und einfach zu bedienen mit 3 Heizstufen. Die gro\u00dfz\u00fcgige Gr\u00f6\u00dfe von 180 x 130 cm bietet ausreichend Platz f\u00fcr zwei Personen. F\u00fcr zus\u00e4tzliche Sicherheit ist die Decke mit einem automatischen Timer ausgestattet.   <\/p>\n","protected":false},"featured_media":27984,"comment_status":"open","ping_status":"closed","template":"","meta":{"_acf_changed":false,"_seopress_robots_primary_cat":"none","_seopress_titles_title":"Mylove - Elektrische Heizdecke - Fleece - 180x130cm - Anthrazit","_seopress_titles_desc":"Mylove W\u00e4rmedecke aus Fleece, wunderbar warm. Aus weichem Micropl\u00fcsch-Fleece, einfach zu handhaben und mit 3 Heizstufen. 180x130 cm f\u00fcr zwei Personen.  ","_seopress_robots_index":""},"product_brand":[],"product_cat":[156],"product_tag":[465,472,382],"class_list":{"0":"post-26749","1":"product","2":"type-product","3":"status-publish","4":"has-post-thumbnail","6":"product_cat-warmedecken","7":"product_tag-180x130cm-de","8":"product_tag-anthrazit","9":"product_tag-mylove-de","11":"first","12":"instock","13":"featured","14":"taxable","15":"shipping-taxable","16":"purchasable","17":"product-type-simple"},"acf":[],"_links":{"self":[{"href":"https:\/\/warmyou.eu\/de\/wp-json\/wp\/v2\/product\/26749","targetHints":{"allow":["GET"]}}],"collection":[{"href":"https:\/\/warmyou.eu\/de\/wp-json\/wp\/v2\/product"}],"about":[{"href":"https:\/\/warmyou.eu\/de\/wp-json\/wp\/v2\/types\/product"}],"replies":[{"embeddable":true,"href":"https:\/\/warmyou.eu\/de\/wp-json\/wp\/v2\/comments?post=26749"}],"wp:featuredmedia":[{"embeddable":true,"href":"https:\/\/warmyou.eu\/de\/wp-json\/wp\/v2\/media\/27984"}],"wp:attachment":[{"href":"https:\/\/warmyou.eu\/de\/wp-json\/wp\/v2\/media?parent=26749"}],"wp:term":[{"taxonomy":"product_brand","embeddable":true,"href":"https:\/\/warmyou.eu\/de\/wp-json\/wp\/v2\/product_brand?post=26749"},{"taxonomy":"product_cat","embeddable":true,"href":"https:\/\/warmyou.eu\/de\/wp-json\/wp\/v2\/product_cat?post=26749"},{"taxonomy":"product_tag","embeddable":true,"href":"https:\/\/warmyou.eu\/de\/wp-json\/wp\/v2\/product_tag?post=26749"}],"curies":[{"name":"wp","href":"https:\/\/api.w.org\/{rel}","templated":true}]}}