{"id":26751,"date":"2022-05-09T17:13:00","date_gmt":"2022-05-09T16:13:00","guid":{"rendered":"https:\/\/warmyou.eu\/product\/warmyou-hugum-elektrischer-nacken-schulterwaermer-heizkissen-fleece-3-positionen-60-x-62-cm-beige\/"},"modified":"2025-10-09T08:52:46","modified_gmt":"2025-10-09T06:52:46","slug":"warmyou-hugum-elektrischer-nacken-schulterwaermer-heizkissen-fleece-3-positionen-60-x-62-cm-beige","status":"publish","type":"product","link":"https:\/\/warmyou.eu\/de\/produkt\/warmyou-hugum-elektrischer-nacken-schulterwaermer-heizkissen-fleece-3-positionen-60-x-62-cm-beige\/","title":{"rendered":"Elektrisches Heizkissen f\u00fcr Nacken\/Schultern, 60x62cm, 3 Heizstufen, Warmyou Hugum, Beige"},"content":{"rendered":"<h1 data-start=\"342\" data-end=\"611\">Hugum Nacken- und Schulterkissen beige \u2013 Lindert Muskelschmerzen mit W\u00e4rme und Komfort<\/h1>\n<p data-start=\"342\" data-end=\"611\">Das <strong data-start=\"345\" data-end=\"393\">Hugum Nacken- und Schulter-W\u00e4rmekissen<\/strong> bietet sofortige Linderung und Entspannung bei Muskelschmerzen, Kr\u00e4mpfen oder Verspannungen im Nacken- und Schulterbereich. Dank des weichen Vliesmaterials und der ergonomischen Passform passt sich das Kissen angenehm Ihrem K\u00f6rper an. <\/p>\n<p data-start=\"613\" data-end=\"878\">Mit dem benutzerfreundlichen Regler k\u00f6nnen Sie aus <strong data-start=\"665\" data-end=\"687\">drei W\u00e4rmestufen <\/strong>w\u00e4hlen, die Ihren Bed\u00fcrfnissen entsprechen. F\u00fcr zus\u00e4tzliche Sicherheit schaltet sich das Kissen <strong data-start=\"759\" data-end=\"787\">nach 3 Stunden automatisch ab<\/strong>. Der <strong data-start=\"792\" data-end=\"814\">abnehmbare Stecker<\/strong> erleichtert zudem die Reinigung des Kissens.  <\/p>\n<p data-start=\"880\" data-end=\"1038\">Egal ob Sie Muskelschmerzen lindern m\u00f6chten oder einfach nur die K\u00e4lte st\u00f6rt \u2013 das <strong data-start=\"960\" data-end=\"988\">Hugum W\u00e4rmekissen beige<\/strong> spendet immer Wohlbehagen, W\u00e4rme und Entspannung.<\/p>\n<p>&nbsp;<\/p>\n<div class=\"row\">\n<div class=\"col-xs-12 col-sm-6\">\n<h3>Warum dieses W\u00e4rmekissen f\u00fcr Nacken und Schultern?<\/h3>\n<ul>\n<li>Wunderbar<strong> weiches Fleece<\/strong><\/li>\n<li>Optimale Passform\/Verstellbar durch <strong>Druckkn\u00f6pfe<\/strong><\/li>\n<li><strong>Hilft bei Nacken-\/Schulterbeschwerden<\/strong><\/li>\n<li>Keine Batterie, <strong>daher unendlich warm <\/strong>und umweltfreundlich<\/li>\n<li>Einfache Handhabung. Nicht kompliziert werden, nur<strong> 3 Heizstufen<\/strong><\/li>\n<li><strong>Smart-Timer<\/strong> (schaltet sich nach 3 Stunden automatisch aus)<\/li>\n<li><strong>Maschinenwaschbar<\/strong> durch einfaches Trennen von der Steuerung<\/li>\n<li><strong>Gesch\u00fctzt<\/strong> gegen \u00dcberhitzung<\/li>\n<\/ul>\n<\/div>\n<div class=\"col-xs-12 col-sm-6\">\n<h3>Weitere Merkmale<\/h3>\n<ol>\n<li>Farbe: Beige<\/li>\n<li>Gr\u00f6\u00dfe: 60x62cm<\/li>\n<li>Wattleistung: 100W<\/li>\n<li>Farbe: Beige<\/li>\n<li>Zwei Jahre Garantie<\/li>\n<\/ol>\n<h3>Was ist in der Schachtel?<\/h3>\n<ul>\n<li>Elektrisches Nacken-\/Schulter-Heizkissen<\/li>\n<li>Kabel mit Controller<\/li>\n<li>Handbuch<\/li>\n<\/ul>\n<\/div>\n<\/div>\n","protected":false},"excerpt":{"rendered":"<p>Das Hugum Nacken- und Schulter-Heizkissen lindert Muskelschmerzen und Verspannungen mit gezielter W\u00e4rme. W\u00e4hlen Sie aus 3 Heizstufen und genie\u00dfen Sie Entspannung. Es verf\u00fcgt \u00fcber eine automatische Abschaltung nach 3 Stunden und ist dank des abnehmbaren Steckers leicht zu waschen.  <\/p>\n","protected":false},"featured_media":28032,"comment_status":"open","ping_status":"closed","template":"","meta":{"_acf_changed":false,"_seopress_robots_primary_cat":"none","_seopress_titles_title":"Warmyou Hugum \u2013 Elektrischer Nacken-\/Schulterw\u00e4rmer \u2013 Heizkissen \u2013 Fleece \u2013 3 Positionen \u2013 60 x 62 cm \u2013 Beige","_seopress_titles_desc":"Hugum Heizkissen f\u00fcr Nacken und Schultern. Weich, waschbar und mit 3 Heizstufen. Automatische Abschaltung nach 3 Stunden. Ideal bei Muskelschmerzen oder Erk\u00e4ltung.   ","_seopress_robots_index":""},"product_brand":[],"product_cat":[474,158],"product_tag":[431,368,432],"class_list":{"0":"post-26751","1":"product","2":"type-product","3":"status-publish","4":"has-post-thumbnail","6":"product_cat-nacken-und-ruckenwarmer","7":"product_cat-warmekissen","8":"product_tag-halswarmer","9":"product_tag-hugum-de","10":"product_tag-schulterwarmer","12":"first","13":"outofstock","14":"taxable","15":"shipping-taxable","16":"purchasable","17":"product-type-simple"},"acf":[],"_links":{"self":[{"href":"https:\/\/warmyou.eu\/de\/wp-json\/wp\/v2\/product\/26751","targetHints":{"allow":["GET"]}}],"collection":[{"href":"https:\/\/warmyou.eu\/de\/wp-json\/wp\/v2\/product"}],"about":[{"href":"https:\/\/warmyou.eu\/de\/wp-json\/wp\/v2\/types\/product"}],"replies":[{"embeddable":true,"href":"https:\/\/warmyou.eu\/de\/wp-json\/wp\/v2\/comments?post=26751"}],"wp:featuredmedia":[{"embeddable":true,"href":"https:\/\/warmyou.eu\/de\/wp-json\/wp\/v2\/media\/28032"}],"wp:attachment":[{"href":"https:\/\/warmyou.eu\/de\/wp-json\/wp\/v2\/media?parent=26751"}],"wp:term":[{"taxonomy":"product_brand","embeddable":true,"href":"https:\/\/warmyou.eu\/de\/wp-json\/wp\/v2\/product_brand?post=26751"},{"taxonomy":"product_cat","embeddable":true,"href":"https:\/\/warmyou.eu\/de\/wp-json\/wp\/v2\/product_cat?post=26751"},{"taxonomy":"product_tag","embeddable":true,"href":"https:\/\/warmyou.eu\/de\/wp-json\/wp\/v2\/product_tag?post=26751"}],"curies":[{"name":"wp","href":"https:\/\/api.w.org\/{rel}","templated":true}]}}