{"id":26753,"date":"2022-05-09T17:08:47","date_gmt":"2022-05-09T16:08:47","guid":{"rendered":"https:\/\/warmyou.eu\/product\/warmyou-handypad-heizmatte-heizkissen-fleece-3-positionen-60-x-30-cm-grau\/"},"modified":"2025-08-07T09:51:00","modified_gmt":"2025-08-07T08:51:00","slug":"warmyou-handypad-heizmatte-heizkissen-fleece-3-positionen-60-x-30-cm-grau","status":"publish","type":"product","link":"https:\/\/warmyou.eu\/de\/produkt\/warmyou-handypad-heizmatte-heizkissen-fleece-3-positionen-60-x-30-cm-grau\/","title":{"rendered":"Elektrisches Heizkissen &#8211; 60x30cm &#8211; 3 Heizstufen &#8211; Warmyou Handypad &#8211; Grau"},"content":{"rendered":"<h1 data-start=\"308\" data-end=\"730\">Warmyou Handypad \u2013 Kompakte Heizmatte bei Muskelschmerzen &amp; kalten K\u00f6rperstellen<\/h1>\n<p data-start=\"308\" data-end=\"730\">Die <strong data-start=\"311\" data-end=\"346\">Warmyou Handypad Heizmatte<\/strong> ist eine kompakte und vielseitige L\u00f6sung f\u00fcr alle, die schnell und gezielt W\u00e4rme ben\u00f6tigen. Dank des weichen Fleece-Materials f\u00fchlt sich die Matte angenehm auf der Haut an und ist ideal f\u00fcr direkten Kontakt. Mit den Ma\u00dfen<strong data-start=\"554\" data-end=\"568\"> 60 x 30 cm<\/strong> eignet sich die <strong data-start=\"577\" data-end=\"607\">hellgraue Heizmatte<\/strong> perfekt zur Linderung von Schmerzen wie <strong data-start=\"655\" data-end=\"729\">Muskelkater, R\u00fcckenschmerzen, Bauchschmerzen, Menstruationsbeschwerden oder kalten F\u00fc\u00dfen.<\/strong>  <\/p>\n<p data-start=\"732\" data-end=\"1043\">Das <strong data-start=\"735\" data-end=\"768\">Handypad heizt schnell auf (100 W)<\/strong>, ist leicht zu transportieren und verbraucht nur <strong data-start=\"817\" data-end=\"828\">0,1 kWh<\/strong>. Es wird mit <strong data-start=\"846\" data-end=\"858\">220\u2013240 V <\/strong>betrieben und ist bis<strong data-start=\"865\" data-end=\"886\"> 30 \u00b0C waschbar,<\/strong> wodurch es leicht sauber zu halten ist. Diese Heizmatte vereint Komfort, Sicherheit und Benutzerfreundlichkeit \u2013 ideal f\u00fcr zu Hause, auf Reisen oder im B\u00fcro.  <\/p>\n<p>&nbsp;<\/p>\n<h3>Warum diese W\u00e4rmematte w\u00e4hlen?<\/h3>\n<ul>\n<li>Wunderbar<strong> weiches Fleece<\/strong><\/li>\n<li>Schnell und warm<\/li>\n<li>Kann dank der kompakten Gr\u00f6\u00dfe <strong>\u00fcberall eingesetzt werden<\/strong><\/li>\n<li>Keine Batterie, <strong>daher unendlich warm <\/strong>und umweltfreundlich<\/li>\n<li>Einfache Handhabung. Nicht kompliziert werden, nur<strong> 3 Heizstufen<\/strong><\/li>\n<li><strong>Smart-Timer<\/strong> (schaltet sich nach 3 Stunden automatisch aus)<\/li>\n<li><strong>Maschinenwaschbar<\/strong> durch einfaches Trennen von der Steuerung<\/li>\n<li><strong>Gesch\u00fctzt<\/strong> gegen \u00dcberhitzung<\/li>\n<\/ul>\n<h3>Weitere Merkmale<\/h3>\n<ol>\n<li>60&#215;30 cm<\/li>\n<li>Maximal 100 Watt<\/li>\n<li>Farbe: hellgrau<\/li>\n<li>Material: weiches Fleece<\/li>\n<li>Zwei Jahre Garantie<\/li>\n<\/ol>\n<h3>Was ist in der Schachtel?<\/h3>\n<ul>\n<li>Elektrische Heizmatte<\/li>\n<li>Kabel mit Controller<\/li>\n<li>Handbuch<\/li>\n<\/ul>\n","protected":false},"excerpt":{"rendered":"<p>Das Warmyou Handypad ist eine kompakte Heizmatte aus weichem Vlies (60 x 30 cm), ideal bei Muskelschmerzen, Bauchschmerzen oder kalten K\u00f6rperstellen. Es heizt schnell auf, ist waschbar und energieeffizient (0,1 kWh). <\/p>\n","protected":false},"featured_media":28216,"comment_status":"open","ping_status":"closed","template":"","meta":{"_acf_changed":false,"_seopress_robots_primary_cat":"none","_seopress_titles_title":"Warmyou Handypad \u2013 Kompakte Heizmatte bei Muskelschmerzen und K\u00e4lte","_seopress_titles_desc":"Handypad Heizmatte von Warmyou. 60x30 cm, Vlies, 3-stufig, 100W. Waschbar und ideal bei Muskelschmerzen, Menstruationsbeschwerden und kalten K\u00f6rperstellen.  ","_seopress_robots_index":""},"product_brand":[],"product_cat":[158],"product_tag":[374,434,424],"class_list":{"0":"post-26753","1":"product","2":"type-product","3":"status-publish","4":"has-post-thumbnail","6":"product_cat-warmekissen","7":"product_tag-handypad-de","8":"product_tag-heizmatte","9":"product_tag-menstruationsbeschwerden","11":"first","12":"outofstock","13":"taxable","14":"shipping-taxable","15":"purchasable","16":"product-type-simple"},"acf":[],"_links":{"self":[{"href":"https:\/\/warmyou.eu\/de\/wp-json\/wp\/v2\/product\/26753","targetHints":{"allow":["GET"]}}],"collection":[{"href":"https:\/\/warmyou.eu\/de\/wp-json\/wp\/v2\/product"}],"about":[{"href":"https:\/\/warmyou.eu\/de\/wp-json\/wp\/v2\/types\/product"}],"replies":[{"embeddable":true,"href":"https:\/\/warmyou.eu\/de\/wp-json\/wp\/v2\/comments?post=26753"}],"wp:featuredmedia":[{"embeddable":true,"href":"https:\/\/warmyou.eu\/de\/wp-json\/wp\/v2\/media\/28216"}],"wp:attachment":[{"href":"https:\/\/warmyou.eu\/de\/wp-json\/wp\/v2\/media?parent=26753"}],"wp:term":[{"taxonomy":"product_brand","embeddable":true,"href":"https:\/\/warmyou.eu\/de\/wp-json\/wp\/v2\/product_brand?post=26753"},{"taxonomy":"product_cat","embeddable":true,"href":"https:\/\/warmyou.eu\/de\/wp-json\/wp\/v2\/product_cat?post=26753"},{"taxonomy":"product_tag","embeddable":true,"href":"https:\/\/warmyou.eu\/de\/wp-json\/wp\/v2\/product_tag?post=26753"}],"curies":[{"name":"wp","href":"https:\/\/api.w.org\/{rel}","templated":true}]}}